{"id":109716,"date":"2026-04-02T08:50:35","date_gmt":"2026-04-02T05:50:35","guid":{"rendered":"https:\/\/ddt.lv\/lv\/product\/led-spuldze-classic-jc-g9-49w-806lm-silti-balta-emos\/"},"modified":"2026-04-27T08:46:35","modified_gmt":"2026-04-27T05:46:35","slug":"led-spuldze-classic-jc-g9-49w-806lm-silti-balta-emos","status":"publish","type":"product","link":"https:\/\/ddt.lv\/lv\/product\/led-spuldze-classic-jc-g9-49w-806lm-silti-balta-emos\/","title":{"rendered":"LED spuldze Classic JC G9 4,9W 806lm silti balta EMOS"},"content":{"rendered":"<p><\/p>\n<p data-start=\"107\" data-end=\"388\">EMOS LED spuldze Classic JC ar G9 cokolu ir piem\u0113rota kompaktajiem gaismek\u013ciem, kuros nepiecie\u0161ams spilgts un energoefekt\u012bvs apgaismojums. T\u0101 nodro\u0161ina 806lm gaismas pl\u016bsmu un silti baltu 3000K gaismu, kas ir pat\u012bkama ikdienas lieto\u0161anai m\u0101j\u0101s, biroj\u0101 vai dekorat\u012bvajos gaismek\u013cos.<\/p>\n<p data-start=\"390\" data-end=\"627\">\u0160\u012b 4,9W LED spuldze aizst\u0101j l\u012bdz 60W kv\u0113lspuldzi, pal\u012bdzot samazin\u0101t elektroener\u0123ijas pat\u0113ri\u0146u bez kompromisa uz gaismas jaudu. Kompaktais izm\u0113rs un t\u016bl\u012bt\u0113ja iesl\u0113g\u0161an\u0101s padara to par praktisku risin\u0101jumu maz\u0101kiem apgaismojuma \u0137erme\u0146iem.<\/p>\n<h2 data-section-id=\"7cpzmo\" data-start=\"629\" data-end=\"649\">Galven\u0101s \u012bpa\u0161\u012bbas<\/h2>\n<ul data-start=\"650\" data-end=\"907\">\n<li data-section-id=\"1agork9\" data-start=\"650\" data-end=\"674\">LED spuldze Classic JC<\/li>\n<li data-section-id=\"1ray3cx\" data-start=\"675\" data-end=\"686\">Cokols G9<\/li>\n<li data-section-id=\"u6bebp\" data-start=\"687\" data-end=\"699\">Jauda 4,9W<\/li>\n<li data-section-id=\"d8t6cc\" data-start=\"700\" data-end=\"722\">Gaismas pl\u016bsma 806lm<\/li>\n<li data-section-id=\"7igrrk\" data-start=\"723\" data-end=\"750\">Gaismas kr\u0101sa silti balta<\/li>\n<li data-section-id=\"fptvxk\" data-start=\"751\" data-end=\"776\">Kr\u0101su temperat\u016bra 3000K<\/li>\n<li data-section-id=\"fsv585\" data-start=\"777\" data-end=\"807\">Ekvivalents kv\u0113lspuldzei 60W<\/li>\n<li data-section-id=\"12guos\" data-start=\"808\" data-end=\"827\">Stara le\u0146\u0137is 300\u00b0<\/li>\n<li data-section-id=\"395n8m\" data-start=\"828\" data-end=\"852\">Gaismas atdeve 164lm\/W<\/li>\n<li data-section-id=\"1cmo7qi\" data-start=\"853\" data-end=\"878\">Kalpo\u0161anas laiks 30000h<\/li>\n<li data-section-id=\"dukw51\" data-start=\"879\" data-end=\"891\">CRI Ra &gt;80<\/li>\n<li data-section-id=\"ox8fd4\" data-start=\"892\" data-end=\"907\">Nav dimm\u0113jama<\/li>\n<\/ul>\n<p><\/p>","protected":false},"excerpt":{"rendered":"<p>EMOS LED spuldze Classic JC ar G9 cokolu ir piem\u0113rota kompaktajiem gaismek\u013ciem, kuros nepiecie\u0161ams spilgts un energoefekt\u012bvs apgaismojums. T\u0101 nodro\u0161ina 806lm gaismas pl\u016bsmu un silti baltu 3000K gaismu, kas ir pat\u012bkama ikdienas lieto\u0161anai m\u0101j\u0101s, biroj\u0101 vai dekorat\u012bvajos gaismek\u013cos. \u0160\u012b 4,9W LED spuldze aizst\u0101j l\u012bdz 60W kv\u0113lspuldzi, pal\u012bdzot samazin\u0101t elektroener\u0123ijas pat\u0113ri\u0146u bez kompromisa uz gaismas jaudu. [&hellip;]<\/p>\n","protected":false},"featured_media":110552,"comment_status":"closed","ping_status":"closed","template":"","meta":{"inline_featured_image":false},"product_cat":[854],"product_tag":[],"yst_prominent_words":[],"class_list":{"0":"post-109716","1":"product","2":"type-product","3":"status-publish","4":"has-post-thumbnail","6":"product_cat-g9-spuldzes","8":"first","9":"instock","10":"taxable","11":"shipping-taxable","12":"purchasable","13":"product-type-simple"},"jetpack_sharing_enabled":true,"_links":{"self":[{"href":"https:\/\/ddt.lv\/lv\/wp-json\/wp\/v2\/product\/109716"}],"collection":[{"href":"https:\/\/ddt.lv\/lv\/wp-json\/wp\/v2\/product"}],"about":[{"href":"https:\/\/ddt.lv\/lv\/wp-json\/wp\/v2\/types\/product"}],"replies":[{"embeddable":true,"href":"https:\/\/ddt.lv\/lv\/wp-json\/wp\/v2\/comments?post=109716"}],"wp:featuredmedia":[{"embeddable":true,"href":"https:\/\/ddt.lv\/lv\/wp-json\/wp\/v2\/media\/110552"}],"wp:attachment":[{"href":"https:\/\/ddt.lv\/lv\/wp-json\/wp\/v2\/media?parent=109716"}],"wp:term":[{"taxonomy":"product_cat","embeddable":true,"href":"https:\/\/ddt.lv\/lv\/wp-json\/wp\/v2\/product_cat?post=109716"},{"taxonomy":"product_tag","embeddable":true,"href":"https:\/\/ddt.lv\/lv\/wp-json\/wp\/v2\/product_tag?post=109716"},{"taxonomy":"yst_prominent_words","embeddable":true,"href":"https:\/\/ddt.lv\/lv\/wp-json\/wp\/v2\/yst_prominent_words?post=109716"}],"curies":[{"name":"wp","href":"https:\/\/api.w.org\/{rel}","templated":true}]}}