{"id":109703,"date":"2026-04-02T01:05:37","date_gmt":"2026-04-01T22:05:37","guid":{"rendered":"https:\/\/ddt.lv\/lv\/product\/universals-usb-a-c-sienas-ladetajs-basic-15w-3a-max-emos\/"},"modified":"2026-04-28T12:00:49","modified_gmt":"2026-04-28T09:00:49","slug":"universals-usb-a-c-sienas-ladetajs-basic-15w-3a-max-emos","status":"publish","type":"product","link":"https:\/\/ddt.lv\/lv\/product\/universals-usb-a-c-sienas-ladetajs-basic-15w-3a-max-emos\/","title":{"rendered":"Univers\u0101ls USB A C sienas l\u0101d\u0113t\u0101js BASIC 15W 3A max EMOS"},"content":{"rendered":"<p><\/p>\n<p data-start=\"83\" data-end=\"319\">EMOS USB l\u0101d\u0113t\u0101js ar USB A un USB C piesl\u0113gviet\u0101m ir praktisks risin\u0101jums ikdienas ier\u012b\u010du uzl\u0101dei m\u0101j\u0101s, biroj\u0101 vai ce\u013c\u0101. Tas \u013cauj \u0113rti uzl\u0101d\u0113t viedt\u0101lru\u0146us, plan\u0161etdatorus un citas sader\u012bgas ier\u012bces, izmantojot vienu kompaktu adapteri.<\/p>\n<p data-start=\"321\" data-end=\"531\">Divas USB izejas nodro\u0161ina pla\u0161\u0101ku sader\u012bbu ar da\u017e\u0101diem kabe\u013ciem un ier\u012bc\u0113m. Kompaktais korpuss un aizsardz\u012bba pret p\u0101rslodzi, p\u0101rspriegumu un \u012bssavienojumu pal\u012bdz nodro\u0161in\u0101t dro\u0161u un stabilu lieto\u0161anu ikdien\u0101.<\/p>\n<h2 data-section-id=\"7cpzmo\" data-start=\"533\" data-end=\"553\">Galven\u0101s \u012bpa\u0161\u012bbas<\/h2>\n<ul data-start=\"554\" data-end=\"859\">\n<li data-section-id=\"15qjf16\" data-start=\"554\" data-end=\"568\">USB l\u0101d\u0113t\u0101js<\/li>\n<li data-section-id=\"mjhi4a\" data-start=\"569\" data-end=\"599\">USB A un USB C piesl\u0113gvietas<\/li>\n<li data-section-id=\"1dxltv4\" data-start=\"600\" data-end=\"628\">Maksim\u0101l\u0101 kop\u0113j\u0101 jauda 15W<\/li>\n<li data-section-id=\"vp0cgg\" data-start=\"629\" data-end=\"643\">2 USB izejas<\/li>\n<li data-section-id=\"zj4kg1\" data-start=\"644\" data-end=\"663\">USB A izeja 5V 3A<\/li>\n<li data-section-id=\"19fmt4z\" data-start=\"664\" data-end=\"683\">USB C izeja 5V 3A<\/li>\n<li data-section-id=\"1in2djq\" data-start=\"684\" data-end=\"728\">Paredz\u0113ts viedt\u0101lru\u0146iem un plan\u0161etdatoriem<\/li>\n<li data-section-id=\"14qosi9\" data-start=\"729\" data-end=\"743\">Basic uzl\u0101de<\/li>\n<li data-section-id=\"1hgf70b\" data-start=\"744\" data-end=\"779\">Ieejas spriegums 100\u2013240V 50 60Hz<\/li>\n<li data-section-id=\"kbrnx3\" data-start=\"780\" data-end=\"804\">P\u0101rslodzes aizsardz\u012bba<\/li>\n<li data-section-id=\"1equ2z0\" data-start=\"805\" data-end=\"831\">P\u0101rsprieguma aizsardz\u012bba<\/li>\n<li data-section-id=\"1uxcs7j\" data-start=\"832\" data-end=\"859\">\u012assavienojuma aizsardz\u012bba<\/li>\n<\/ul>\n<p><\/p>","protected":false},"excerpt":{"rendered":"<p>EMOS USB l\u0101d\u0113t\u0101js ar USB A un USB C piesl\u0113gviet\u0101m ir praktisks risin\u0101jums ikdienas ier\u012b\u010du uzl\u0101dei m\u0101j\u0101s, biroj\u0101 vai ce\u013c\u0101. Tas \u013cauj \u0113rti uzl\u0101d\u0113t viedt\u0101lru\u0146us, plan\u0161etdatorus un citas sader\u012bgas ier\u012bces, izmantojot vienu kompaktu adapteri. Divas USB izejas nodro\u0161ina pla\u0161\u0101ku sader\u012bbu ar da\u017e\u0101diem kabe\u013ciem un ier\u012bc\u0113m. Kompaktais korpuss un aizsardz\u012bba pret p\u0101rslodzi, p\u0101rspriegumu un \u012bssavienojumu pal\u012bdz [&hellip;]<\/p>\n","protected":false},"featured_media":110570,"comment_status":"closed","ping_status":"closed","template":"","meta":{"inline_featured_image":false},"product_cat":[744],"product_tag":[],"yst_prominent_words":[],"class_list":{"0":"post-109703","1":"product","2":"type-product","3":"status-publish","4":"has-post-thumbnail","6":"product_cat-mobilo-telefonu-ladetaji-usb","8":"first","9":"instock","10":"taxable","11":"shipping-taxable","12":"purchasable","13":"product-type-simple"},"jetpack_sharing_enabled":true,"_links":{"self":[{"href":"https:\/\/ddt.lv\/lv\/wp-json\/wp\/v2\/product\/109703"}],"collection":[{"href":"https:\/\/ddt.lv\/lv\/wp-json\/wp\/v2\/product"}],"about":[{"href":"https:\/\/ddt.lv\/lv\/wp-json\/wp\/v2\/types\/product"}],"replies":[{"embeddable":true,"href":"https:\/\/ddt.lv\/lv\/wp-json\/wp\/v2\/comments?post=109703"}],"wp:featuredmedia":[{"embeddable":true,"href":"https:\/\/ddt.lv\/lv\/wp-json\/wp\/v2\/media\/110570"}],"wp:attachment":[{"href":"https:\/\/ddt.lv\/lv\/wp-json\/wp\/v2\/media?parent=109703"}],"wp:term":[{"taxonomy":"product_cat","embeddable":true,"href":"https:\/\/ddt.lv\/lv\/wp-json\/wp\/v2\/product_cat?post=109703"},{"taxonomy":"product_tag","embeddable":true,"href":"https:\/\/ddt.lv\/lv\/wp-json\/wp\/v2\/product_tag?post=109703"},{"taxonomy":"yst_prominent_words","embeddable":true,"href":"https:\/\/ddt.lv\/lv\/wp-json\/wp\/v2\/yst_prominent_words?post=109703"}],"curies":[{"name":"wp","href":"https:\/\/api.w.org\/{rel}","templated":true}]}}