{"id":109702,"date":"2026-04-02T01:05:37","date_gmt":"2026-04-01T22:05:37","guid":{"rendered":"https:\/\/ddt.lv\/lv\/product\/universals-usb-c-gan-sienas-ladetajs-pd-20w-max-emos\/"},"modified":"2026-04-27T08:46:44","modified_gmt":"2026-04-27T05:46:44","slug":"universals-usb-c-gan-sienas-ladetajs-pd-20w-max-emos","status":"publish","type":"product","link":"https:\/\/ddt.lv\/lv\/product\/universals-usb-c-gan-sienas-ladetajs-pd-20w-max-emos\/","title":{"rendered":"Univers\u0101ls USB C GaN sienas l\u0101d\u0113t\u0101js PD 20W max EMOS"},"content":{"rendered":"<p><\/p>\n<p data-start=\"93\" data-end=\"298\">EMOS USB C l\u0101d\u0113t\u0101js ar GaN tehnolo\u0123iju ir kompakts un jaud\u012bgs risin\u0101jums viedt\u0101lru\u0146u un plan\u0161etdatoru \u0101trai uzl\u0101dei. Tas nodro\u0161ina l\u012bdz 20W jaudu un ir piem\u0113rots ikdienas lieto\u0161anai m\u0101j\u0101s, biroj\u0101 vai ce\u013c\u0101.<\/p>\n<p data-start=\"300\" data-end=\"534\">GaN tehnolo\u0123ija pal\u012bdz samazin\u0101t uzsil\u0161anu un \u013cauj saglab\u0101t nelielu korpusa izm\u0113ru, nezaud\u0113jot veiktsp\u0113ju. Pateicoties Power Delivery atbalstam, l\u0101d\u0113t\u0101js sp\u0113j efekt\u012bvi un stabili uzl\u0101d\u0113t sader\u012bgas ier\u012bces \u0101tr\u0101k nek\u0101 parastie adapteri.<\/p>\n<h2 data-section-id=\"7cpzmo\" data-start=\"536\" data-end=\"556\">Galven\u0101s \u012bpa\u0161\u012bbas<\/h2>\n<ul data-start=\"557\" data-end=\"874\">\n<li data-section-id=\"1o0a049\" data-start=\"557\" data-end=\"573\">USB C l\u0101d\u0113t\u0101js<\/li>\n<li data-section-id=\"14lq4ca\" data-start=\"574\" data-end=\"591\">GaN tehnolo\u0123ija<\/li>\n<li data-section-id=\"1dxluja\" data-start=\"592\" data-end=\"620\">Maksim\u0101l\u0101 kop\u0113j\u0101 jauda 20W<\/li>\n<li data-section-id=\"glo7b4\" data-start=\"621\" data-end=\"634\">1 USB izeja<\/li>\n<li data-section-id=\"n1yc4y\" data-start=\"635\" data-end=\"648\">USB C izeja<\/li>\n<li data-section-id=\"1atb7cc\" data-start=\"649\" data-end=\"662\">\u0100tr\u0101 uzl\u0101de<\/li>\n<li data-section-id=\"1in2djq\" data-start=\"663\" data-end=\"707\">Paredz\u0113ts viedt\u0101lru\u0146iem un plan\u0161etdatoriem<\/li>\n<li data-section-id=\"1hgf70b\" data-start=\"708\" data-end=\"743\">Ieejas spriegums 100\u2013240V 50 60Hz<\/li>\n<li data-section-id=\"1bs3ykq\" data-start=\"744\" data-end=\"766\">Izejas profils 5V 3A<\/li>\n<li data-section-id=\"m4f2q3\" data-start=\"767\" data-end=\"792\">Izejas profils 9V 2,22A<\/li>\n<li data-section-id=\"igx95f\" data-start=\"793\" data-end=\"819\">Izejas profils 12V 1,67A<\/li>\n<li data-section-id=\"1ggjecu\" data-start=\"820\" data-end=\"874\">P\u0101rslodzes p\u0101rsprieguma un \u012bssavienojuma aizsardz\u012bba<\/li>\n<\/ul>\n<p><\/p>","protected":false},"excerpt":{"rendered":"<p>EMOS USB C l\u0101d\u0113t\u0101js ar GaN tehnolo\u0123iju ir kompakts un jaud\u012bgs risin\u0101jums viedt\u0101lru\u0146u un plan\u0161etdatoru \u0101trai uzl\u0101dei. Tas nodro\u0161ina l\u012bdz 20W jaudu un ir piem\u0113rots ikdienas lieto\u0161anai m\u0101j\u0101s, biroj\u0101 vai ce\u013c\u0101. GaN tehnolo\u0123ija pal\u012bdz samazin\u0101t uzsil\u0161anu un \u013cauj saglab\u0101t nelielu korpusa izm\u0113ru, nezaud\u0113jot veiktsp\u0113ju. Pateicoties Power Delivery atbalstam, l\u0101d\u0113t\u0101js sp\u0113j efekt\u012bvi un stabili uzl\u0101d\u0113t sader\u012bgas [&hellip;]<\/p>\n","protected":false},"featured_media":110563,"comment_status":"closed","ping_status":"closed","template":"","meta":{"inline_featured_image":false},"product_cat":[744],"product_tag":[],"yst_prominent_words":[],"class_list":{"0":"post-109702","1":"product","2":"type-product","3":"status-publish","4":"has-post-thumbnail","6":"product_cat-mobilo-telefonu-ladetaji-usb","8":"first","9":"instock","10":"taxable","11":"shipping-taxable","12":"purchasable","13":"product-type-simple"},"jetpack_sharing_enabled":true,"_links":{"self":[{"href":"https:\/\/ddt.lv\/lv\/wp-json\/wp\/v2\/product\/109702"}],"collection":[{"href":"https:\/\/ddt.lv\/lv\/wp-json\/wp\/v2\/product"}],"about":[{"href":"https:\/\/ddt.lv\/lv\/wp-json\/wp\/v2\/types\/product"}],"replies":[{"embeddable":true,"href":"https:\/\/ddt.lv\/lv\/wp-json\/wp\/v2\/comments?post=109702"}],"wp:featuredmedia":[{"embeddable":true,"href":"https:\/\/ddt.lv\/lv\/wp-json\/wp\/v2\/media\/110563"}],"wp:attachment":[{"href":"https:\/\/ddt.lv\/lv\/wp-json\/wp\/v2\/media?parent=109702"}],"wp:term":[{"taxonomy":"product_cat","embeddable":true,"href":"https:\/\/ddt.lv\/lv\/wp-json\/wp\/v2\/product_cat?post=109702"},{"taxonomy":"product_tag","embeddable":true,"href":"https:\/\/ddt.lv\/lv\/wp-json\/wp\/v2\/product_tag?post=109702"},{"taxonomy":"yst_prominent_words","embeddable":true,"href":"https:\/\/ddt.lv\/lv\/wp-json\/wp\/v2\/yst_prominent_words?post=109702"}],"curies":[{"name":"wp","href":"https:\/\/api.w.org\/{rel}","templated":true}]}}