{"id":109701,"date":"2026-04-02T01:00:44","date_gmt":"2026-04-01T22:00:44","guid":{"rendered":"https:\/\/ddt.lv\/lv\/product\/skruvgriezis-fazes-indikators-vt-121-emos\/"},"modified":"2026-04-22T08:51:44","modified_gmt":"2026-04-22T05:51:44","slug":"skruvgriezis-fazes-indikators-vt-121-emos","status":"publish","type":"product","link":"https:\/\/ddt.lv\/lv\/product\/skruvgriezis-fazes-indikators-vt-121-emos\/","title":{"rendered":"Skr\u016bvgriezis f\u0101zes indikators VT 121 EMOS"},"content":{"rendered":"<p><\/p>\n<p data-start=\"110\" data-end=\"393\">EMOS sprieguma testeris ar LCD displeju ir praktisks instruments ikdienas elektrodarbiem, kur nepiecie\u0161ama \u0101tra un p\u0101rskat\u0101ma sprieguma p\u0101rbaude. Displejs pal\u012bdz skaidri nolas\u012bt m\u0113r\u012bjumu inform\u0101ciju, savuk\u0101rt bezkontakta m\u0113r\u012b\u0161anas funkcija padara lieto\u0161anu \u0113rt\u0101ku da\u017e\u0101d\u0101s situ\u0101cij\u0101s.<\/p>\n<p data-start=\"395\" data-end=\"623\">Testeris ir piem\u0113rots mai\u0146sprieguma noteik\u0161anai diapazon\u0101 no 12 l\u012bdz 230V un l\u012bdzsprieguma noteik\u0161anai no 12 l\u012bdz 250V. Kompaktais korpuss ar klipsi atvieglo p\u0101rn\u0113s\u0101\u0161anu, t\u0101p\u0113c instruments ir \u0113rti pa\u0146emams l\u012bdzi ikdienas darbam.<\/p>\n<h2 data-section-id=\"7cpzmo\" data-start=\"625\" data-end=\"645\">Galven\u0101s \u012bpa\u0161\u012bbas<\/h2>\n<ul data-start=\"646\" data-end=\"934\">\n<li data-section-id=\"13e3bn4\" data-start=\"646\" data-end=\"682\">Sprieguma testeris ar LCD displeju<\/li>\n<li data-section-id=\"1t0v8el\" data-start=\"683\" data-end=\"706\">Mai\u0146spriegums 12\u2013230V<\/li>\n<li data-section-id=\"7yhjjl\" data-start=\"707\" data-end=\"730\">L\u012bdzspriegums 12\u2013250V<\/li>\n<li data-section-id=\"1m6ef30\" data-start=\"731\" data-end=\"753\">Bezkontakta m\u0113r\u012b\u0161ana<\/li>\n<li data-section-id=\"17p1zem\" data-start=\"754\" data-end=\"777\">Optisk\u0101 signaliz\u0101cija<\/li>\n<li data-section-id=\"2jihkm\" data-start=\"778\" data-end=\"807\">Darb\u012bbas frekvence 50\u2013500Hz<\/li>\n<li data-section-id=\"c1dnh2\" data-start=\"808\" data-end=\"837\">Baro\u0161ana no sprieguma avota<\/li>\n<li data-section-id=\"1a2jecu\" data-start=\"838\" data-end=\"869\">Piem\u0113rots sprieguma p\u0101rbaudei<\/li>\n<li data-section-id=\"1t6fsrc\" data-start=\"870\" data-end=\"898\">Kompakts korpuss ar klipsi<\/li>\n<li data-section-id=\"1fb7r30\" data-start=\"899\" data-end=\"934\">Piem\u0113rots ikdienas elektrodarbiem<\/li>\n<\/ul>\n<p><\/p>","protected":false},"excerpt":{"rendered":"<p>EMOS sprieguma testeris ar LCD displeju ir praktisks instruments ikdienas elektrodarbiem, kur nepiecie\u0161ama \u0101tra un p\u0101rskat\u0101ma sprieguma p\u0101rbaude. Displejs pal\u012bdz skaidri nolas\u012bt m\u0113r\u012bjumu inform\u0101ciju, savuk\u0101rt bezkontakta m\u0113r\u012b\u0161anas funkcija padara lieto\u0161anu \u0113rt\u0101ku da\u017e\u0101d\u0101s situ\u0101cij\u0101s. Testeris ir piem\u0113rots mai\u0146sprieguma noteik\u0161anai diapazon\u0101 no 12 l\u012bdz 230V un l\u012bdzsprieguma noteik\u0161anai no 12 l\u012bdz 250V. Kompaktais korpuss ar klipsi atvieglo [&hellip;]<\/p>\n","protected":false},"featured_media":110592,"comment_status":"closed","ping_status":"closed","template":"","meta":{"inline_featured_image":false},"product_cat":[1504],"product_tag":[],"yst_prominent_words":[],"class_list":{"0":"post-109701","1":"product","2":"type-product","3":"status-publish","4":"has-post-thumbnail","6":"product_cat-multimetri-un-testeri-merinstrumenti","8":"first","9":"instock","10":"taxable","11":"shipping-taxable","12":"purchasable","13":"product-type-simple"},"jetpack_sharing_enabled":true,"_links":{"self":[{"href":"https:\/\/ddt.lv\/lv\/wp-json\/wp\/v2\/product\/109701"}],"collection":[{"href":"https:\/\/ddt.lv\/lv\/wp-json\/wp\/v2\/product"}],"about":[{"href":"https:\/\/ddt.lv\/lv\/wp-json\/wp\/v2\/types\/product"}],"replies":[{"embeddable":true,"href":"https:\/\/ddt.lv\/lv\/wp-json\/wp\/v2\/comments?post=109701"}],"wp:featuredmedia":[{"embeddable":true,"href":"https:\/\/ddt.lv\/lv\/wp-json\/wp\/v2\/media\/110592"}],"wp:attachment":[{"href":"https:\/\/ddt.lv\/lv\/wp-json\/wp\/v2\/media?parent=109701"}],"wp:term":[{"taxonomy":"product_cat","embeddable":true,"href":"https:\/\/ddt.lv\/lv\/wp-json\/wp\/v2\/product_cat?post=109701"},{"taxonomy":"product_tag","embeddable":true,"href":"https:\/\/ddt.lv\/lv\/wp-json\/wp\/v2\/product_tag?post=109701"},{"taxonomy":"yst_prominent_words","embeddable":true,"href":"https:\/\/ddt.lv\/lv\/wp-json\/wp\/v2\/yst_prominent_words?post=109701"}],"curies":[{"name":"wp","href":"https:\/\/api.w.org\/{rel}","templated":true}]}}