{"id":109700,"date":"2026-04-02T01:00:44","date_gmt":"2026-04-01T22:00:44","guid":{"rendered":"https:\/\/ddt.lv\/lv\/product\/skruvgriezis-fazes-indikators-vt-102-emos\/"},"modified":"2026-04-22T08:51:44","modified_gmt":"2026-04-22T05:51:44","slug":"skruvgriezis-fazes-indikators-vt-102-emos","status":"publish","type":"product","link":"https:\/\/ddt.lv\/lv\/product\/skruvgriezis-fazes-indikators-vt-102-emos\/","title":{"rendered":"Skr\u016bvgriezis f\u0101zes indikators VT 102 EMOS"},"content":{"rendered":"<p><\/p>\n<p data-start=\"98\" data-end=\"350\">EMOS sprieguma testeris un skr\u016bvgriezis vien\u0101 instrument\u0101 ir praktisks risin\u0101jums ikdienas elektrodarbiem, kur nepiecie\u0161ama \u0101tra sprieguma p\u0101rbaude un vienk\u0101r\u0161a mont\u0101\u017ea. Tas pal\u012bdz \u0113rti p\u0101rbaud\u012bt sprieguma kl\u0101tb\u016btni un vienlaikus kalpo k\u0101 skr\u016bvgriezis.<\/p>\n<p data-start=\"352\" data-end=\"596\">Instruments paredz\u0113ts mai\u0146sprieguma diapazonam no 200 l\u012bdz 250V un l\u012bdzsprieguma diapazonam no 0 l\u012bdz 250V. Optisk\u0101 signaliz\u0101cija atvieglo sprieguma noteik\u0161anu, bet kompaktais korpuss ar klipsi padara to \u0113rtu p\u0101rn\u0113s\u0101\u0161anai un lieto\u0161anai ikdien\u0101.<\/p>\n<h2 data-section-id=\"7cpzmo\" data-start=\"598\" data-end=\"618\">Galven\u0101s \u012bpa\u0161\u012bbas<\/h2>\n<ul data-start=\"619\" data-end=\"923\">\n<li data-section-id=\"1v27jb6\" data-start=\"619\" data-end=\"663\">Sprieguma testeris un skr\u016bvgriezis 2 vien\u0101<\/li>\n<li data-section-id=\"qv7jcq\" data-start=\"664\" data-end=\"688\">Mai\u0146spriegums 200\u2013250V<\/li>\n<li data-section-id=\"r6rohu\" data-start=\"689\" data-end=\"711\">L\u012bdzspriegums 0\u2013250V<\/li>\n<li data-section-id=\"1sam2sw\" data-start=\"712\" data-end=\"739\">Darb\u012bbas frekvence 0\u201360Hz<\/li>\n<li data-section-id=\"17p1zem\" data-start=\"740\" data-end=\"763\">Optisk\u0101 signaliz\u0101cija<\/li>\n<li data-section-id=\"c1dnh2\" data-start=\"764\" data-end=\"793\">Baro\u0161ana no sprieguma avota<\/li>\n<li data-section-id=\"1a2jecu\" data-start=\"794\" data-end=\"825\">Piem\u0113rots sprieguma p\u0101rbaudei<\/li>\n<li data-section-id=\"1fe4axj\" data-start=\"826\" data-end=\"856\">Kompakts ikdienas lieto\u0161anai<\/li>\n<li data-section-id=\"ioazgi\" data-start=\"857\" data-end=\"889\">Ar klipsi \u0113rt\u0101kai p\u0101rn\u0113s\u0101\u0161anai<\/li>\n<li data-section-id=\"d57gaq\" data-start=\"890\" data-end=\"923\">Piem\u0113rots pamata elektrodarbiem<\/li>\n<\/ul>\n<p><\/p>","protected":false},"excerpt":{"rendered":"<p>EMOS sprieguma testeris un skr\u016bvgriezis vien\u0101 instrument\u0101 ir praktisks risin\u0101jums ikdienas elektrodarbiem, kur nepiecie\u0161ama \u0101tra sprieguma p\u0101rbaude un vienk\u0101r\u0161a mont\u0101\u017ea. Tas pal\u012bdz \u0113rti p\u0101rbaud\u012bt sprieguma kl\u0101tb\u016btni un vienlaikus kalpo k\u0101 skr\u016bvgriezis. Instruments paredz\u0113ts mai\u0146sprieguma diapazonam no 200 l\u012bdz 250V un l\u012bdzsprieguma diapazonam no 0 l\u012bdz 250V. Optisk\u0101 signaliz\u0101cija atvieglo sprieguma noteik\u0161anu, bet kompaktais korpuss ar [&hellip;]<\/p>\n","protected":false},"featured_media":110583,"comment_status":"closed","ping_status":"closed","template":"","meta":{"inline_featured_image":false},"product_cat":[1504],"product_tag":[],"yst_prominent_words":[],"class_list":{"0":"post-109700","1":"product","2":"type-product","3":"status-publish","4":"has-post-thumbnail","6":"product_cat-multimetri-un-testeri-merinstrumenti","8":"first","9":"instock","10":"taxable","11":"shipping-taxable","12":"purchasable","13":"product-type-simple"},"jetpack_sharing_enabled":true,"_links":{"self":[{"href":"https:\/\/ddt.lv\/lv\/wp-json\/wp\/v2\/product\/109700"}],"collection":[{"href":"https:\/\/ddt.lv\/lv\/wp-json\/wp\/v2\/product"}],"about":[{"href":"https:\/\/ddt.lv\/lv\/wp-json\/wp\/v2\/types\/product"}],"replies":[{"embeddable":true,"href":"https:\/\/ddt.lv\/lv\/wp-json\/wp\/v2\/comments?post=109700"}],"wp:featuredmedia":[{"embeddable":true,"href":"https:\/\/ddt.lv\/lv\/wp-json\/wp\/v2\/media\/110583"}],"wp:attachment":[{"href":"https:\/\/ddt.lv\/lv\/wp-json\/wp\/v2\/media?parent=109700"}],"wp:term":[{"taxonomy":"product_cat","embeddable":true,"href":"https:\/\/ddt.lv\/lv\/wp-json\/wp\/v2\/product_cat?post=109700"},{"taxonomy":"product_tag","embeddable":true,"href":"https:\/\/ddt.lv\/lv\/wp-json\/wp\/v2\/product_tag?post=109700"},{"taxonomy":"yst_prominent_words","embeddable":true,"href":"https:\/\/ddt.lv\/lv\/wp-json\/wp\/v2\/yst_prominent_words?post=109700"}],"curies":[{"name":"wp","href":"https:\/\/api.w.org\/{rel}","templated":true}]}}