{"id":109698,"date":"2026-04-02T01:00:43","date_gmt":"2026-04-01T22:00:43","guid":{"rendered":"https:\/\/ddt.lv\/lv\/product\/universals-stravas-adapters-600ma-ar-uzgaliem-emos\/"},"modified":"2026-04-28T12:00:39","modified_gmt":"2026-04-28T09:00:39","slug":"universals-stravas-adapters-600ma-ar-uzgaliem-emos","status":"publish","type":"product","link":"https:\/\/ddt.lv\/lv\/product\/universals-stravas-adapters-600ma-ar-uzgaliem-emos\/","title":{"rendered":"Univers\u0101ls str\u0101vas adapters 600mA ar uzga\u013ciem EMOS"},"content":{"rendered":"<p><\/p>\n<p data-start=\"455\" data-end=\"775\">Univers\u0101ls str\u0101vas adapters ir paredz\u0113ts da\u017e\u0101du ier\u012b\u010du baro\u0161anai ar l\u012bdzstr\u0101vu, kur\u0101m nepiecie\u0161ams regul\u0113jams izejas spriegums no 3V l\u012bdz 12V un str\u0101va l\u012bdz 600mA. Tas ir praktisks risin\u0101jums sadz\u012bves elektronikai un cit\u0101m sader\u012bg\u0101m ier\u012bc\u0113m, kur svar\u012bga ir pareiza sprieguma izv\u0113le.<\/p>\n<p data-start=\"777\" data-end=\"1060\">Komplekt\u0101 ir main\u0101mi uzga\u013ci, kas papla\u0161ina sader\u012bbu ar da\u017e\u0101d\u0101m piesl\u0113gviet\u0101m. Stabiliz\u0113ta izejas sprieguma darb\u012bba pal\u012bdz uztur\u0113t iestat\u012bto sprieguma l\u012bmeni neatkar\u012bgi no slodzes, savuk\u0101rt apm\u0113ram 1,5m kabelis nodro\u0161ina \u0113rt\u0101ku lieto\u0161anu ikdien\u0101.<\/p>\n<h2 data-section-id=\"7cpzmo\" data-start=\"1062\" data-end=\"1082\">Galven\u0101s \u012bpa\u0161\u012bbas<\/h2>\n<ul data-start=\"1083\" data-end=\"1460\">\n<li data-section-id=\"bb6s78\" data-start=\"1083\" data-end=\"1127\">Produkta tips: univers\u0101ls str\u0101vas adapters<\/li>\n<li data-section-id=\"1yynqdn\" data-start=\"1128\" data-end=\"1170\">Regul\u0113jams izejas spriegums: 3V l\u012bdz 12V<\/li>\n<li data-section-id=\"bku22h\" data-start=\"1171\" data-end=\"1203\">Maksim\u0101l\u0101 izejas str\u0101va: 600mA<\/li>\n<li data-section-id=\"1gpddey\" data-start=\"1204\" data-end=\"1255\">Maksim\u0101l\u0101 ieejas jauda piesl\u0113dzamai ier\u012bcei: 7,2W<\/li>\n<li data-section-id=\"8l7sc1\" data-start=\"1256\" data-end=\"1286\">Stabiliz\u0113ts izejas spriegums<\/li>\n<li data-section-id=\"1d4u1fp\" data-start=\"1287\" data-end=\"1316\">7 izv\u0113lami izejas spriegumi<\/li>\n<li data-section-id=\"x52f66\" data-start=\"1317\" data-end=\"1353\">Ieejas spriegums: 100\u2013240V 50\/60Hz<\/li>\n<li data-section-id=\"14w3phw\" data-start=\"1354\" data-end=\"1380\">Main\u0101mi uzga\u013ci komplekt\u0101<\/li>\n<li data-section-id=\"qo57k9\" data-start=\"1381\" data-end=\"1410\">Kabe\u013ca garums: apm\u0113ram 1,5m<\/li>\n<li data-section-id=\"ik79rg\" data-start=\"1411\" data-end=\"1460\">Piem\u0113rots ier\u012bc\u0113m, kas darbojas ar DC spriegumu<\/li>\n<\/ul>\n<p><\/p>","protected":false},"excerpt":{"rendered":"<p>Univers\u0101ls str\u0101vas adapters ir paredz\u0113ts da\u017e\u0101du ier\u012b\u010du baro\u0161anai ar l\u012bdzstr\u0101vu, kur\u0101m nepiecie\u0161ams regul\u0113jams izejas spriegums no 3V l\u012bdz 12V un str\u0101va l\u012bdz 600mA. Tas ir praktisks risin\u0101jums sadz\u012bves elektronikai un cit\u0101m sader\u012bg\u0101m ier\u012bc\u0113m, kur svar\u012bga ir pareiza sprieguma izv\u0113le. Komplekt\u0101 ir main\u0101mi uzga\u013ci, kas papla\u0161ina sader\u012bbu ar da\u017e\u0101d\u0101m piesl\u0113gviet\u0101m. Stabiliz\u0113ta izejas sprieguma darb\u012bba pal\u012bdz uztur\u0113t [&hellip;]<\/p>\n","protected":false},"featured_media":110598,"comment_status":"closed","ping_status":"closed","template":"","meta":{"inline_featured_image":false},"product_cat":[744],"product_tag":[],"yst_prominent_words":[],"class_list":{"0":"post-109698","1":"product","2":"type-product","3":"status-publish","4":"has-post-thumbnail","6":"product_cat-mobilo-telefonu-ladetaji-usb","8":"first","9":"instock","10":"taxable","11":"shipping-taxable","12":"purchasable","13":"product-type-simple"},"jetpack_sharing_enabled":true,"_links":{"self":[{"href":"https:\/\/ddt.lv\/lv\/wp-json\/wp\/v2\/product\/109698"}],"collection":[{"href":"https:\/\/ddt.lv\/lv\/wp-json\/wp\/v2\/product"}],"about":[{"href":"https:\/\/ddt.lv\/lv\/wp-json\/wp\/v2\/types\/product"}],"replies":[{"embeddable":true,"href":"https:\/\/ddt.lv\/lv\/wp-json\/wp\/v2\/comments?post=109698"}],"wp:featuredmedia":[{"embeddable":true,"href":"https:\/\/ddt.lv\/lv\/wp-json\/wp\/v2\/media\/110598"}],"wp:attachment":[{"href":"https:\/\/ddt.lv\/lv\/wp-json\/wp\/v2\/media?parent=109698"}],"wp:term":[{"taxonomy":"product_cat","embeddable":true,"href":"https:\/\/ddt.lv\/lv\/wp-json\/wp\/v2\/product_cat?post=109698"},{"taxonomy":"product_tag","embeddable":true,"href":"https:\/\/ddt.lv\/lv\/wp-json\/wp\/v2\/product_tag?post=109698"},{"taxonomy":"yst_prominent_words","embeddable":true,"href":"https:\/\/ddt.lv\/lv\/wp-json\/wp\/v2\/yst_prominent_words?post=109698"}],"curies":[{"name":"wp","href":"https:\/\/api.w.org\/{rel}","templated":true}]}}