{"id":109697,"date":"2026-04-02T01:00:43","date_gmt":"2026-04-01T22:00:43","guid":{"rendered":"https:\/\/ddt.lv\/lv\/product\/universals-usb-1xa-3xc-sienas-ladetajs-gan-pd-120w-max-emos\/"},"modified":"2026-04-27T08:46:44","modified_gmt":"2026-04-27T05:46:44","slug":"universals-usb-1xa-3xc-sienas-ladetajs-gan-pd-120w-max-emos","status":"publish","type":"product","link":"https:\/\/ddt.lv\/lv\/product\/universals-usb-1xa-3xc-sienas-ladetajs-gan-pd-120w-max-emos\/","title":{"rendered":"Univers\u0101ls USB 1xA 3xC sienas l\u0101d\u0113t\u0101js GaN PD 120W max EMOS"},"content":{"rendered":"<p><\/p>\n<p data-start=\"14258\" data-end=\"14565\">Jaud\u012bgs USB sienas l\u0101d\u0113t\u0101js ar GaN tehnolo\u0123iju un Power Delivery atbalstu, paredz\u0113ts viedt\u0101lru\u0146u, plan\u0161etdatoru un kl\u0113pjdatoru uzl\u0101dei. Tas nodro\u0161ina l\u012bdz 120W kop\u0113jo izejas jaudu un ir piem\u0113rots lietot\u0101jiem, kuriem nepiecie\u0161ama vair\u0101ku ier\u012b\u010du \u0101tra uzl\u0101de vienlaikus.<\/p>\n<p data-start=\"14567\" data-end=\"14760\">Modelim ir 4 USB izejas un balts korpuss. Ofici\u0101laj\u0101 EMOS lap\u0101 pie kategorijas datiem nor\u0101d\u012bta ar\u012b aizsardz\u012bba pret p\u0101rslodzi, p\u0101rspriegumu un \u012bssl\u0113gumu.<\/p>\n<h2 data-section-id=\"7cpzmo\" data-start=\"14762\" data-end=\"14782\">Galven\u0101s \u012bpa\u0161\u012bbas<\/h2>\n<ul data-start=\"14783\" data-end=\"15257\">\n<li data-section-id=\"14ipohu\" data-start=\"14783\" data-end=\"14807\">Produkts: USB adapters<\/li>\n<li data-section-id=\"14lq4ca\" data-start=\"14808\" data-end=\"14825\">GaN tehnolo\u0123ija<\/li>\n<li data-section-id=\"1h6prwo\" data-start=\"14826\" data-end=\"14849\">Power Delivery uzl\u0101de<\/li>\n<li data-section-id=\"rnz7ac\" data-start=\"14850\" data-end=\"14874\">Maks. izeja kop\u0101: 120W<\/li>\n<li data-section-id=\"wtopsk\" data-start=\"14875\" data-end=\"14931\">Paredz\u0113ts viedt\u0101lrunim, plan\u0161etdatoram un kl\u0113pjdatoram<\/li>\n<li data-section-id=\"qor4sc\" data-start=\"14932\" data-end=\"14953\">USB izeju skaits: 4<\/li>\n<li data-section-id=\"t14kwi\" data-start=\"14954\" data-end=\"14985\">Savienojumi: USB A un 3xUSB C<\/li>\n<li data-section-id=\"14964am\" data-start=\"14986\" data-end=\"15050\">Maks. izeja USB A: 5V\/3A, 9V\/3A, 10V\/2,25A, 12V\/2,5A, 20V\/1,5A<\/li>\n<li data-section-id=\"e0o7zq\" data-start=\"15051\" data-end=\"15128\">Maks. izeja USB C1, C2 vai C3: 5V\/3A, 9V\/3A, 12V\/3A, 15V\/3A, 20V\/5A, 21V\/5A<\/li>\n<li data-section-id=\"1atb7cc\" data-start=\"15129\" data-end=\"15142\">\u0100tr\u0101 uzl\u0101de<\/li>\n<li data-section-id=\"1cbcoma\" data-start=\"15143\" data-end=\"15157\">Kr\u0101sa: balta<\/li>\n<li data-section-id=\"17r72kq\" data-start=\"15158\" data-end=\"15257\">Aizsardz\u012bba pret p\u0101rslodzi, p\u0101rspriegumu un \u012bssl\u0113gumu: j\u0101<\/li>\n<\/ul>\n<p><\/p>","protected":false},"excerpt":{"rendered":"<p>Jaud\u012bgs USB sienas l\u0101d\u0113t\u0101js ar GaN tehnolo\u0123iju un Power Delivery atbalstu, paredz\u0113ts viedt\u0101lru\u0146u, plan\u0161etdatoru un kl\u0113pjdatoru uzl\u0101dei. Tas nodro\u0161ina l\u012bdz 120W kop\u0113jo izejas jaudu un ir piem\u0113rots lietot\u0101jiem, kuriem nepiecie\u0161ama vair\u0101ku ier\u012b\u010du \u0101tra uzl\u0101de vienlaikus. Modelim ir 4 USB izejas un balts korpuss. Ofici\u0101laj\u0101 EMOS lap\u0101 pie kategorijas datiem nor\u0101d\u012bta ar\u012b aizsardz\u012bba pret p\u0101rslodzi, p\u0101rspriegumu [&hellip;]<\/p>\n","protected":false},"featured_media":110649,"comment_status":"closed","ping_status":"closed","template":"","meta":{"inline_featured_image":false},"product_cat":[744],"product_tag":[],"yst_prominent_words":[],"class_list":{"0":"post-109697","1":"product","2":"type-product","3":"status-publish","4":"has-post-thumbnail","6":"product_cat-mobilo-telefonu-ladetaji-usb","8":"first","9":"instock","10":"taxable","11":"shipping-taxable","12":"purchasable","13":"product-type-simple"},"jetpack_sharing_enabled":true,"_links":{"self":[{"href":"https:\/\/ddt.lv\/lv\/wp-json\/wp\/v2\/product\/109697"}],"collection":[{"href":"https:\/\/ddt.lv\/lv\/wp-json\/wp\/v2\/product"}],"about":[{"href":"https:\/\/ddt.lv\/lv\/wp-json\/wp\/v2\/types\/product"}],"replies":[{"embeddable":true,"href":"https:\/\/ddt.lv\/lv\/wp-json\/wp\/v2\/comments?post=109697"}],"wp:featuredmedia":[{"embeddable":true,"href":"https:\/\/ddt.lv\/lv\/wp-json\/wp\/v2\/media\/110649"}],"wp:attachment":[{"href":"https:\/\/ddt.lv\/lv\/wp-json\/wp\/v2\/media?parent=109697"}],"wp:term":[{"taxonomy":"product_cat","embeddable":true,"href":"https:\/\/ddt.lv\/lv\/wp-json\/wp\/v2\/product_cat?post=109697"},{"taxonomy":"product_tag","embeddable":true,"href":"https:\/\/ddt.lv\/lv\/wp-json\/wp\/v2\/product_tag?post=109697"},{"taxonomy":"yst_prominent_words","embeddable":true,"href":"https:\/\/ddt.lv\/lv\/wp-json\/wp\/v2\/yst_prominent_words?post=109697"}],"curies":[{"name":"wp","href":"https:\/\/api.w.org\/{rel}","templated":true}]}}