{"id":109696,"date":"2026-04-02T01:00:42","date_gmt":"2026-04-01T22:00:42","guid":{"rendered":"https:\/\/ddt.lv\/lv\/product\/universals-usb-1xa-2xc-sienas-ladetajs-gan-pd-65w-max-emos\/"},"modified":"2026-04-27T08:46:25","modified_gmt":"2026-04-27T05:46:25","slug":"universals-usb-1xa-2xc-sienas-ladetajs-gan-pd-65w-max-emos","status":"publish","type":"product","link":"https:\/\/ddt.lv\/lv\/product\/universals-usb-1xa-2xc-sienas-ladetajs-gan-pd-65w-max-emos\/","title":{"rendered":"Univers\u0101ls USB 1xA 2xC sienas l\u0101d\u0113t\u0101js GaN PD 65W max EMOS"},"content":{"rendered":"<p><\/p>\n<p data-start=\"9121\" data-end=\"9399\">USB sienas l\u0101d\u0113t\u0101js ar GaN tehnolo\u0123iju un Power Delivery atbalstu ir paredz\u0113ts viedt\u0101lru\u0146u, plan\u0161etdatoru un kl\u0113pjdatoru uzl\u0101dei. Tas nodro\u0161ina l\u012bdz 65W kop\u0113jo izejas jaudu un apvieno kompakta izm\u0113ra korpusu ar jaud\u012bgu ikdienas lietojumu.<\/p>\n<p data-start=\"9401\" data-end=\"9611\">Modelim ir 3 USB izejas, t\u0101p\u0113c tas ir piem\u0113rots vair\u0101ku ier\u012b\u010du uzl\u0101dei vienuviet. Ofici\u0101laj\u0101 EMOS lap\u0101 nor\u0101d\u012bta ar\u012b aizsardz\u012bba pret p\u0101rslodzi, p\u0101rspriegumu un \u012bssl\u0113gumu.<\/p>\n<h2 data-section-id=\"7cpzmo\" data-start=\"9613\" data-end=\"9633\">Galven\u0101s \u012bpa\u0161\u012bbas<\/h2>\n<ul data-start=\"9634\" data-end=\"10083\">\n<li data-section-id=\"14ipohu\" data-start=\"9634\" data-end=\"9658\">Produkts: USB adapters<\/li>\n<li data-section-id=\"14lq4ca\" data-start=\"9659\" data-end=\"9676\">GaN tehnolo\u0123ija<\/li>\n<li data-section-id=\"1h6prwo\" data-start=\"9677\" data-end=\"9700\">Power Delivery uzl\u0101de<\/li>\n<li data-section-id=\"1r9cfdg\" data-start=\"9701\" data-end=\"9724\">Maks. izeja kop\u0101: 65W<\/li>\n<li data-section-id=\"wtopsk\" data-start=\"9725\" data-end=\"9781\">Paredz\u0113ts viedt\u0101lrunim, plan\u0161etdatoram un kl\u0113pjdatoram<\/li>\n<li data-section-id=\"qor4sb\" data-start=\"9782\" data-end=\"9803\">USB izeju skaits: 3<\/li>\n<li data-section-id=\"pi6atv\" data-start=\"9804\" data-end=\"9835\">Savienojumi: USB A un 2xUSB C<\/li>\n<li data-section-id=\"1rfhh4h\" data-start=\"9836\" data-end=\"9885\">Maks. izeja USB A: 5V\/3A, 9V\/3A, 12V\/3A, 20V\/3A<\/li>\n<li data-section-id=\"4o0h6t\" data-start=\"9886\" data-end=\"9954\">Maks. izeja USB C1 vai C2: 5V\/3A, 9V\/3A, 12V\/3A, 15V\/3A, 20V\/3,25A<\/li>\n<li data-section-id=\"1atb7cc\" data-start=\"9955\" data-end=\"9968\">\u0100tr\u0101 uzl\u0101de<\/li>\n<li data-section-id=\"1yvbcaf\" data-start=\"9969\" data-end=\"10028\">Aizsardz\u012bba pret p\u0101rslodzi, p\u0101rspriegumu un \u012bssl\u0113gumu: j\u0101<\/li>\n<li data-section-id=\"haqfxb\" data-start=\"10029\" data-end=\"10083\">Kr\u0101sa: balta<\/li>\n<\/ul>\n<p><\/p>","protected":false},"excerpt":{"rendered":"<p>USB sienas l\u0101d\u0113t\u0101js ar GaN tehnolo\u0123iju un Power Delivery atbalstu ir paredz\u0113ts viedt\u0101lru\u0146u, plan\u0161etdatoru un kl\u0113pjdatoru uzl\u0101dei. Tas nodro\u0161ina l\u012bdz 65W kop\u0113jo izejas jaudu un apvieno kompakta izm\u0113ra korpusu ar jaud\u012bgu ikdienas lietojumu. Modelim ir 3 USB izejas, t\u0101p\u0113c tas ir piem\u0113rots vair\u0101ku ier\u012b\u010du uzl\u0101dei vienuviet. Ofici\u0101laj\u0101 EMOS lap\u0101 nor\u0101d\u012bta ar\u012b aizsardz\u012bba pret p\u0101rslodzi, p\u0101rspriegumu [&hellip;]<\/p>\n","protected":false},"featured_media":110640,"comment_status":"closed","ping_status":"closed","template":"","meta":{"inline_featured_image":false},"product_cat":[744],"product_tag":[],"yst_prominent_words":[],"class_list":{"0":"post-109696","1":"product","2":"type-product","3":"status-publish","4":"has-post-thumbnail","6":"product_cat-mobilo-telefonu-ladetaji-usb","8":"first","9":"instock","10":"taxable","11":"shipping-taxable","12":"purchasable","13":"product-type-simple"},"jetpack_sharing_enabled":true,"_links":{"self":[{"href":"https:\/\/ddt.lv\/lv\/wp-json\/wp\/v2\/product\/109696"}],"collection":[{"href":"https:\/\/ddt.lv\/lv\/wp-json\/wp\/v2\/product"}],"about":[{"href":"https:\/\/ddt.lv\/lv\/wp-json\/wp\/v2\/types\/product"}],"replies":[{"embeddable":true,"href":"https:\/\/ddt.lv\/lv\/wp-json\/wp\/v2\/comments?post=109696"}],"wp:featuredmedia":[{"embeddable":true,"href":"https:\/\/ddt.lv\/lv\/wp-json\/wp\/v2\/media\/110640"}],"wp:attachment":[{"href":"https:\/\/ddt.lv\/lv\/wp-json\/wp\/v2\/media?parent=109696"}],"wp:term":[{"taxonomy":"product_cat","embeddable":true,"href":"https:\/\/ddt.lv\/lv\/wp-json\/wp\/v2\/product_cat?post=109696"},{"taxonomy":"product_tag","embeddable":true,"href":"https:\/\/ddt.lv\/lv\/wp-json\/wp\/v2\/product_tag?post=109696"},{"taxonomy":"yst_prominent_words","embeddable":true,"href":"https:\/\/ddt.lv\/lv\/wp-json\/wp\/v2\/yst_prominent_words?post=109696"}],"curies":[{"name":"wp","href":"https:\/\/api.w.org\/{rel}","templated":true}]}}