{"id":109695,"date":"2026-04-02T01:00:42","date_gmt":"2026-04-01T22:00:42","guid":{"rendered":"https:\/\/ddt.lv\/lv\/product\/universals-usb-1xa-1xc-sienas-ladetajs-gan-pd-45w-max-emos\/"},"modified":"2026-04-28T12:00:49","modified_gmt":"2026-04-28T09:00:49","slug":"universals-usb-1xa-1xc-sienas-ladetajs-gan-pd-45w-max-emos","status":"publish","type":"product","link":"https:\/\/ddt.lv\/lv\/product\/universals-usb-1xa-1xc-sienas-ladetajs-gan-pd-45w-max-emos\/","title":{"rendered":"Univers\u0101ls USB 1xA 1xC sienas l\u0101d\u0113t\u0101js GaN PD 45W max EMOS"},"content":{"rendered":"<p><\/p>\n<p data-start=\"4563\" data-end=\"4871\">USB sienas l\u0101d\u0113t\u0101js ar GaN tehnolo\u0123iju un Power Delivery atbalstu ir paredz\u0113ts viedt\u0101lru\u0146u un plan\u0161etdatoru \u0101trai uzl\u0101dei. Tas nodro\u0161ina l\u012bdz 45W kop\u0113jo izejas jaudu un ir piem\u0113rots lietot\u0101jiem, kuriem vajadz\u012bgs univers\u0101l\u0101ks risin\u0101jums ar USB A un USB C piesl\u0113gviet\u0101m.<\/p>\n<p data-start=\"4873\" data-end=\"5053\">Baltais korpuss un kompaktais form\u0101ts padara \u0161o modeli piem\u0113rotu ikdienas lieto\u0161anai m\u0101j\u0101s, biroj\u0101 vai ce\u013c\u0101. Kabelis nav iek\u013cauts komplekt\u0101.<\/p>\n<h2 data-section-id=\"7cpzmo\" data-start=\"5055\" data-end=\"5075\">Galven\u0101s \u012bpa\u0161\u012bbas<\/h2>\n<ul data-start=\"5076\" data-end=\"5495\">\n<li data-section-id=\"14ipohu\" data-start=\"5076\" data-end=\"5100\">Produkts: USB adapters<\/li>\n<li data-section-id=\"14lq4ca\" data-start=\"5101\" data-end=\"5118\">GaN tehnolo\u0123ija<\/li>\n<li data-section-id=\"1h6prwo\" data-start=\"5119\" data-end=\"5142\">Power Delivery uzl\u0101de<\/li>\n<li data-section-id=\"1r9cdp2\" data-start=\"5143\" data-end=\"5166\">Maks. izeja kop\u0101: 45W<\/li>\n<li data-section-id=\"1tmshzq\" data-start=\"5167\" data-end=\"5209\">Paredz\u0113ts viedt\u0101lrunim un plan\u0161etdatoram<\/li>\n<li data-section-id=\"qor4sa\" data-start=\"5210\" data-end=\"5231\">USB izeju skaits: 2<\/li>\n<li data-section-id=\"tnb1cp\" data-start=\"5232\" data-end=\"5261\">Savienojumi: USB A un USB C<\/li>\n<li data-section-id=\"iq4r7y\" data-start=\"5262\" data-end=\"5305\">Maks. izeja USB A: 5V\/3A, 9V\/2A, 12V\/1,5A<\/li>\n<li data-section-id=\"rbbgii\" data-start=\"5306\" data-end=\"5366\">Maks. izeja USB C: 5V\/3A, 9V\/3A, 12V\/3A, 15V\/3A, 20V\/2,25A<\/li>\n<li data-section-id=\"1atb7cc\" data-start=\"5367\" data-end=\"5380\">\u0100tr\u0101 uzl\u0101de<\/li>\n<li data-section-id=\"1cbcoma\" data-start=\"5381\" data-end=\"5395\">Kr\u0101sa: balta<\/li>\n<li data-section-id=\"j1872i\" data-start=\"5396\" data-end=\"5495\">Aizsardz\u012bba pret p\u0101rslodzi, p\u0101rspriegumu un \u012bssl\u0113gumu: j\u0101<\/li>\n<\/ul>\n<p><\/p>","protected":false},"excerpt":{"rendered":"<p>USB sienas l\u0101d\u0113t\u0101js ar GaN tehnolo\u0123iju un Power Delivery atbalstu ir paredz\u0113ts viedt\u0101lru\u0146u un plan\u0161etdatoru \u0101trai uzl\u0101dei. Tas nodro\u0161ina l\u012bdz 45W kop\u0113jo izejas jaudu un ir piem\u0113rots lietot\u0101jiem, kuriem vajadz\u012bgs univers\u0101l\u0101ks risin\u0101jums ar USB A un USB C piesl\u0113gviet\u0101m. Baltais korpuss un kompaktais form\u0101ts padara \u0161o modeli piem\u0113rotu ikdienas lieto\u0161anai m\u0101j\u0101s, biroj\u0101 vai ce\u013c\u0101. Kabelis [&hellip;]<\/p>\n","protected":false},"featured_media":110636,"comment_status":"closed","ping_status":"closed","template":"","meta":{"inline_featured_image":false},"product_cat":[744],"product_tag":[],"yst_prominent_words":[],"class_list":{"0":"post-109695","1":"product","2":"type-product","3":"status-publish","4":"has-post-thumbnail","6":"product_cat-mobilo-telefonu-ladetaji-usb","8":"first","9":"instock","10":"taxable","11":"shipping-taxable","12":"purchasable","13":"product-type-simple"},"jetpack_sharing_enabled":true,"_links":{"self":[{"href":"https:\/\/ddt.lv\/lv\/wp-json\/wp\/v2\/product\/109695"}],"collection":[{"href":"https:\/\/ddt.lv\/lv\/wp-json\/wp\/v2\/product"}],"about":[{"href":"https:\/\/ddt.lv\/lv\/wp-json\/wp\/v2\/types\/product"}],"replies":[{"embeddable":true,"href":"https:\/\/ddt.lv\/lv\/wp-json\/wp\/v2\/comments?post=109695"}],"wp:featuredmedia":[{"embeddable":true,"href":"https:\/\/ddt.lv\/lv\/wp-json\/wp\/v2\/media\/110636"}],"wp:attachment":[{"href":"https:\/\/ddt.lv\/lv\/wp-json\/wp\/v2\/media?parent=109695"}],"wp:term":[{"taxonomy":"product_cat","embeddable":true,"href":"https:\/\/ddt.lv\/lv\/wp-json\/wp\/v2\/product_cat?post=109695"},{"taxonomy":"product_tag","embeddable":true,"href":"https:\/\/ddt.lv\/lv\/wp-json\/wp\/v2\/product_tag?post=109695"},{"taxonomy":"yst_prominent_words","embeddable":true,"href":"https:\/\/ddt.lv\/lv\/wp-json\/wp\/v2\/yst_prominent_words?post=109695"}],"curies":[{"name":"wp","href":"https:\/\/api.w.org\/{rel}","templated":true}]}}