{"id":109694,"date":"2026-04-02T00:55:35","date_gmt":"2026-04-01T21:55:35","guid":{"rendered":"https:\/\/ddt.lv\/lv\/product\/skruvgriezis-testeris-ar-fazes-indikatoru-mini-vt120-emos\/"},"modified":"2026-04-22T08:51:42","modified_gmt":"2026-04-22T05:51:42","slug":"skruvgriezis-testeris-ar-fazes-indikatoru-mini-vt120-emos","status":"publish","type":"product","link":"https:\/\/ddt.lv\/lv\/product\/skruvgriezis-testeris-ar-fazes-indikatoru-mini-vt120-emos\/","title":{"rendered":"Skr\u016bvgriezis testeris ar f\u0101zes indikatoru mini VT120 EMOS"},"content":{"rendered":"<p><\/p>\n<p data-start=\"124\" data-end=\"394\">Sprieguma testeris VT120 ir paredz\u0113ts mai\u0146str\u0101vas un l\u012bdzstr\u0101vas sprieguma p\u0101rbaudei ikdienas darbos. Tas nosaka AC 70\u2013250V un DC 0\u2013250V, k\u0101 ar\u012b pied\u0101v\u0101 optisko un akustisko signaliz\u0101ciju, kas padara p\u0101rbaudi \u0113rt\u0101ku un p\u0101rskat\u0101m\u0101ku.<\/p>\n<p data-start=\"396\" data-end=\"703\">\u0160is modelis ir piem\u0113rots baro\u0161anas avotu polarit\u0101tes noteik\u0161anai un bezkontakta p\u0101rbaud\u0113m, tostarp \u012bssavienojumu un noteikta starojuma noteik\u0161anai. Divu jut\u012bbu iestat\u012bjums dod liel\u0101ku elast\u012bbu darb\u0101, bet komplekt\u0101 iek\u013caut\u0101s 2\u00d7 LR44 baterijas \u013cauj testeri lietot uzreiz.<\/p>\n<h2 data-section-id=\"7cpzmo\" data-start=\"705\" data-end=\"725\">Galven\u0101s \u012bpa\u0161\u012bbas<\/h2>\n<ul data-start=\"726\" data-end=\"1249\">\n<li data-section-id=\"3cpro6\" data-start=\"726\" data-end=\"761\">Produkta tips: sprieguma testeris<\/li>\n<li data-section-id=\"1b2phli\" data-start=\"762\" data-end=\"778\">Modelis: VT120<\/li>\n<li data-section-id=\"6aohco\" data-start=\"779\" data-end=\"841\">Mai\u0146str\u0101vas sprieguma noteik\u0161ana: 70\u2013250V bezkontakta re\u017e\u012bm\u0101<\/li>\n<li data-section-id=\"18f7j2t\" data-start=\"842\" data-end=\"903\">L\u012bdzstr\u0101vas sprieguma noteik\u0161ana: 0\u2013250V bezkontakta re\u017e\u012bm\u0101<\/li>\n<li data-section-id=\"1dy16gd\" data-start=\"904\" data-end=\"940\">Optisk\u0101 un akustisk\u0101 signaliz\u0101cija<\/li>\n<li data-section-id=\"183rfrf\" data-start=\"941\" data-end=\"965\">Polarit\u0101tes noteik\u0161ana<\/li>\n<li data-section-id=\"rw0usr\" data-start=\"966\" data-end=\"991\">Divu jut\u012bbu iestat\u012b\u0161ana<\/li>\n<li data-section-id=\"1mc28i0\" data-start=\"992\" data-end=\"1014\">Bezkontakta m\u0113r\u012bjumi<\/li>\n<li data-section-id=\"hwbonc\" data-start=\"1015\" data-end=\"1064\">Piem\u0113rots baro\u0161anas avotu polarit\u0101tes p\u0101rbaudei<\/li>\n<li data-section-id=\"16m4gtu\" data-start=\"1065\" data-end=\"1102\">Piem\u0113rots \u012bssavienojumu noteik\u0161anai<\/li>\n<li data-section-id=\"xfqhqe\" data-start=\"1103\" data-end=\"1166\">Piem\u0113rots mikrovi\u013c\u0146u kr\u0101\u0161\u0146u un monitoru starojuma noteik\u0161anai<\/li>\n<li data-section-id=\"1ok339g\" data-start=\"1167\" data-end=\"1249\">Baro\u0161ana: 2\u00d7 1,5V LR44 baterijas komplekt\u0101<\/li>\n<\/ul>\n<p><\/p>","protected":false},"excerpt":{"rendered":"<p>Sprieguma testeris VT120 ir paredz\u0113ts mai\u0146str\u0101vas un l\u012bdzstr\u0101vas sprieguma p\u0101rbaudei ikdienas darbos. Tas nosaka AC 70\u2013250V un DC 0\u2013250V, k\u0101 ar\u012b pied\u0101v\u0101 optisko un akustisko signaliz\u0101ciju, kas padara p\u0101rbaudi \u0113rt\u0101ku un p\u0101rskat\u0101m\u0101ku. \u0160is modelis ir piem\u0113rots baro\u0161anas avotu polarit\u0101tes noteik\u0161anai un bezkontakta p\u0101rbaud\u0113m, tostarp \u012bssavienojumu un noteikta starojuma noteik\u0161anai. Divu jut\u012bbu iestat\u012bjums dod liel\u0101ku elast\u012bbu [&hellip;]<\/p>\n","protected":false},"featured_media":110614,"comment_status":"closed","ping_status":"closed","template":"","meta":{"inline_featured_image":false},"product_cat":[1504],"product_tag":[],"yst_prominent_words":[],"class_list":{"0":"post-109694","1":"product","2":"type-product","3":"status-publish","4":"has-post-thumbnail","6":"product_cat-multimetri-un-testeri-merinstrumenti","8":"first","9":"instock","10":"taxable","11":"shipping-taxable","12":"purchasable","13":"product-type-simple"},"jetpack_sharing_enabled":true,"_links":{"self":[{"href":"https:\/\/ddt.lv\/lv\/wp-json\/wp\/v2\/product\/109694"}],"collection":[{"href":"https:\/\/ddt.lv\/lv\/wp-json\/wp\/v2\/product"}],"about":[{"href":"https:\/\/ddt.lv\/lv\/wp-json\/wp\/v2\/types\/product"}],"replies":[{"embeddable":true,"href":"https:\/\/ddt.lv\/lv\/wp-json\/wp\/v2\/comments?post=109694"}],"wp:featuredmedia":[{"embeddable":true,"href":"https:\/\/ddt.lv\/lv\/wp-json\/wp\/v2\/media\/110614"}],"wp:attachment":[{"href":"https:\/\/ddt.lv\/lv\/wp-json\/wp\/v2\/media?parent=109694"}],"wp:term":[{"taxonomy":"product_cat","embeddable":true,"href":"https:\/\/ddt.lv\/lv\/wp-json\/wp\/v2\/product_cat?post=109694"},{"taxonomy":"product_tag","embeddable":true,"href":"https:\/\/ddt.lv\/lv\/wp-json\/wp\/v2\/product_tag?post=109694"},{"taxonomy":"yst_prominent_words","embeddable":true,"href":"https:\/\/ddt.lv\/lv\/wp-json\/wp\/v2\/yst_prominent_words?post=109694"}],"curies":[{"name":"wp","href":"https:\/\/api.w.org\/{rel}","templated":true}]}}