{"id":109693,"date":"2026-04-02T00:55:35","date_gmt":"2026-04-01T21:55:35","guid":{"rendered":"https:\/\/ddt.lv\/lv\/product\/universals-usb-2xc-sienas-ladetajs-gan-pd-35w-max-emos\/"},"modified":"2026-04-27T08:46:44","modified_gmt":"2026-04-27T05:46:44","slug":"universals-usb-2xc-sienas-ladetajs-gan-pd-35w-max-emos","status":"publish","type":"product","link":"https:\/\/ddt.lv\/lv\/product\/universals-usb-2xc-sienas-ladetajs-gan-pd-35w-max-emos\/","title":{"rendered":"Univers\u0101ls USB 2xC sienas l\u0101d\u0113t\u0101js GaN PD 35W max EMOS"},"content":{"rendered":"<p><\/p>\n<p data-start=\"110\" data-end=\"338\">Kompakts USB sienas l\u0101d\u0113t\u0101js ar GaN tehnolo\u0123iju un Power Delivery atbalstu ikdienas \u0101trai uzl\u0101dei. Tas ir paredz\u0113ts viedt\u0101lru\u0146iem un plan\u0161etdatoriem, nodro\u0161inot l\u012bdz 35W kop\u0113jo izejas jaudu.<\/p>\n<p data-start=\"340\" data-end=\"506\">Modelim ir 2 USB C izejas un balts korpuss. Tas piem\u0113rots lietot\u0101jiem, kuri mekl\u0113 maz\u0101ku, modernu l\u0101d\u0113t\u0101ju bez kabe\u013ca komplekt\u0101.<\/p>\n<h2 data-section-id=\"7cpzmo\" data-start=\"508\" data-end=\"528\">Galven\u0101s \u012bpa\u0161\u012bbas<\/h2>\n<ul data-start=\"529\" data-end=\"940\">\n<li data-section-id=\"14ipohu\" data-start=\"529\" data-end=\"553\">Produkts: USB adapters<\/li>\n<li data-section-id=\"14lq4ca\" data-start=\"554\" data-end=\"571\">GaN tehnolo\u0123ija<\/li>\n<li data-section-id=\"1h6prwo\" data-start=\"572\" data-end=\"595\">Power Delivery uzl\u0101de<\/li>\n<li data-section-id=\"1r9cb9t\" data-start=\"596\" data-end=\"619\">Maks. izeja kop\u0101: 35W<\/li>\n<li data-section-id=\"1tmshzq\" data-start=\"620\" data-end=\"662\">Paredz\u0113ts viedt\u0101lrunim un plan\u0161etdatoram<\/li>\n<li data-section-id=\"qor4sa\" data-start=\"663\" data-end=\"684\">USB izeju skaits: 2<\/li>\n<li data-section-id=\"1dg2qez\" data-start=\"685\" data-end=\"758\">Maks. izeja USB C1 vai C2: 5V\/3A, 9V\/3A, 12V\/2,9A, 15V\/2,33A, 20V\/1,75A<\/li>\n<li data-section-id=\"1atb7cc\" data-start=\"759\" data-end=\"772\">\u0100tr\u0101 uzl\u0101de<\/li>\n<li data-section-id=\"1cbcoma\" data-start=\"773\" data-end=\"787\">Kr\u0101sa: balta<\/li>\n<li data-section-id=\"1yvbcaf\" data-start=\"788\" data-end=\"847\">Aizsardz\u012bba pret p\u0101rslodzi, p\u0101rspriegumu un \u012bssl\u0113gumu: j\u0101<\/li>\n<li data-section-id=\"g4n6us\" data-start=\"848\" data-end=\"861\">Kabelis: n\u0113<\/li>\n<li data-section-id=\"34mw9i\" data-start=\"862\" data-end=\"940\">Iepakojums: 1gab. maz\u0101 kartona kast\u012bt\u0113<\/li>\n<\/ul>\n<p><\/p>","protected":false},"excerpt":{"rendered":"<p>Kompakts USB sienas l\u0101d\u0113t\u0101js ar GaN tehnolo\u0123iju un Power Delivery atbalstu ikdienas \u0101trai uzl\u0101dei. Tas ir paredz\u0113ts viedt\u0101lru\u0146iem un plan\u0161etdatoriem, nodro\u0161inot l\u012bdz 35W kop\u0113jo izejas jaudu. Modelim ir 2 USB C izejas un balts korpuss. Tas piem\u0113rots lietot\u0101jiem, kuri mekl\u0113 maz\u0101ku, modernu l\u0101d\u0113t\u0101ju bez kabe\u013ca komplekt\u0101. Galven\u0101s \u012bpa\u0161\u012bbas Produkts: USB adapters GaN tehnolo\u0123ija Power Delivery [&hellip;]<\/p>\n","protected":false},"featured_media":110628,"comment_status":"closed","ping_status":"closed","template":"","meta":{"inline_featured_image":false},"product_cat":[744],"product_tag":[],"yst_prominent_words":[],"class_list":{"0":"post-109693","1":"product","2":"type-product","3":"status-publish","4":"has-post-thumbnail","6":"product_cat-mobilo-telefonu-ladetaji-usb","8":"first","9":"instock","10":"taxable","11":"shipping-taxable","12":"purchasable","13":"product-type-simple"},"jetpack_sharing_enabled":true,"_links":{"self":[{"href":"https:\/\/ddt.lv\/lv\/wp-json\/wp\/v2\/product\/109693"}],"collection":[{"href":"https:\/\/ddt.lv\/lv\/wp-json\/wp\/v2\/product"}],"about":[{"href":"https:\/\/ddt.lv\/lv\/wp-json\/wp\/v2\/types\/product"}],"replies":[{"embeddable":true,"href":"https:\/\/ddt.lv\/lv\/wp-json\/wp\/v2\/comments?post=109693"}],"wp:featuredmedia":[{"embeddable":true,"href":"https:\/\/ddt.lv\/lv\/wp-json\/wp\/v2\/media\/110628"}],"wp:attachment":[{"href":"https:\/\/ddt.lv\/lv\/wp-json\/wp\/v2\/media?parent=109693"}],"wp:term":[{"taxonomy":"product_cat","embeddable":true,"href":"https:\/\/ddt.lv\/lv\/wp-json\/wp\/v2\/product_cat?post=109693"},{"taxonomy":"product_tag","embeddable":true,"href":"https:\/\/ddt.lv\/lv\/wp-json\/wp\/v2\/product_tag?post=109693"},{"taxonomy":"yst_prominent_words","embeddable":true,"href":"https:\/\/ddt.lv\/lv\/wp-json\/wp\/v2\/yst_prominent_words?post=109693"}],"curies":[{"name":"wp","href":"https:\/\/api.w.org\/{rel}","templated":true}]}}