{"id":109692,"date":"2026-04-02T00:55:35","date_gmt":"2026-04-01T21:55:35","guid":{"rendered":"https:\/\/ddt.lv\/lv\/product\/usb-ladetajs-3-1a-mikro-usb-usb-c-divvietigs-emos\/"},"modified":"2026-04-27T08:36:13","modified_gmt":"2026-04-27T05:36:13","slug":"usb-ladetajs-3-1a-mikro-usb-usb-c-divvietigs-emos","status":"publish","type":"product","link":"https:\/\/ddt.lv\/lv\/product\/usb-ladetajs-3-1a-mikro-usb-usb-c-divvietigs-emos\/","title":{"rendered":"USB l\u0101d\u0113t\u0101js 3.1A + mikro USB + USB-C divviet\u012bgs EMOS"},"content":{"rendered":"<p><\/p>\n<p data-start=\"140\" data-end=\"431\">USB sienas l\u0101d\u0113t\u0101js ir paredz\u0113ts viedt\u0101lru\u0146u, plan\u0161etdatoru un citu sader\u012bgu ier\u012b\u010du uzl\u0101dei ikdienas lieto\u0161an\u0101. Tas nodro\u0161ina kop\u0113jo izeju l\u012bdz 15,5W un komplekt\u0101 ietver micro USB kabeli ar USB C redukciju, t\u0101p\u0113c ir gatavs lieto\u0161anai uzreiz p\u0113c ieg\u0101des.<\/p>\n<p data-start=\"433\" data-end=\"683\">Modelim ir 2 USB izejas un balts korpuss. Ofici\u0101laj\u0101 EMOS produkta lap\u0101 nor\u0101d\u012bta ar\u012b aizsardz\u012bba pret p\u0101rslodzi, p\u0101rspriegumu un \u012bssl\u0113gumu, kas padara to par praktisku risin\u0101jumu ikdienas uzl\u0101dei m\u0101j\u0101s vai darb\u0101.<\/p>\n<h2 data-section-id=\"7cpzmo\" data-start=\"685\" data-end=\"705\">Galven\u0101s \u012bpa\u0161\u012bbas<\/h2>\n<ul data-start=\"706\" data-end=\"1077\">\n<li data-section-id=\"14ipohu\" data-start=\"706\" data-end=\"730\">Produkts: USB adapters<\/li>\n<li data-section-id=\"1tmshzq\" data-start=\"731\" data-end=\"773\">Paredz\u0113ts viedt\u0101lrunim un plan\u0161etdatoram<\/li>\n<li data-section-id=\"qor4sa\" data-start=\"774\" data-end=\"795\">USB izeju skaits: 2<\/li>\n<li data-section-id=\"o5gf46\" data-start=\"796\" data-end=\"829\">Maks. izeja kop\u0101: 5V\/3,1A\/15,5W<\/li>\n<li data-section-id=\"90x7e5\" data-start=\"830\" data-end=\"863\">Maks. izeja 1\u00d7 USB: 5V\/2,0A\/10W<\/li>\n<li data-section-id=\"1d4eewz\" data-start=\"864\" data-end=\"893\">Komplekt\u0101 micro USB kabelis<\/li>\n<li data-section-id=\"1twioy5\" data-start=\"894\" data-end=\"921\">Komplekt\u0101 USB C redukcija<\/li>\n<li data-section-id=\"1m23q5d\" data-start=\"922\" data-end=\"941\">Kabe\u013ca garums: 1m<\/li>\n<li data-section-id=\"rhzkgm\" data-start=\"942\" data-end=\"964\">Uzl\u0101des veids: smart<\/li>\n<li data-section-id=\"1cbcoma\" data-start=\"965\" data-end=\"979\">Kr\u0101sa: balta<\/li>\n<li data-section-id=\"gs9xbe\" data-start=\"980\" data-end=\"1077\">Aizsardz\u012bba pret p\u0101rslodzi, p\u0101rspriegumu un \u012bssl\u0113gumu: j\u0101<\/li>\n<\/ul>\n<p><\/p>","protected":false},"excerpt":{"rendered":"<p>USB sienas l\u0101d\u0113t\u0101js ir paredz\u0113ts viedt\u0101lru\u0146u, plan\u0161etdatoru un citu sader\u012bgu ier\u012b\u010du uzl\u0101dei ikdienas lieto\u0161an\u0101. Tas nodro\u0161ina kop\u0113jo izeju l\u012bdz 15,5W un komplekt\u0101 ietver micro USB kabeli ar USB C redukciju, t\u0101p\u0113c ir gatavs lieto\u0161anai uzreiz p\u0113c ieg\u0101des. Modelim ir 2 USB izejas un balts korpuss. Ofici\u0101laj\u0101 EMOS produkta lap\u0101 nor\u0101d\u012bta ar\u012b aizsardz\u012bba pret p\u0101rslodzi, p\u0101rspriegumu [&hellip;]<\/p>\n","protected":false},"featured_media":110655,"comment_status":"closed","ping_status":"closed","template":"","meta":{"inline_featured_image":false},"product_cat":[744],"product_tag":[],"yst_prominent_words":[],"class_list":{"0":"post-109692","1":"product","2":"type-product","3":"status-publish","4":"has-post-thumbnail","6":"product_cat-mobilo-telefonu-ladetaji-usb","8":"first","9":"outofstock","10":"taxable","11":"shipping-taxable","12":"purchasable","13":"product-type-simple"},"jetpack_sharing_enabled":true,"_links":{"self":[{"href":"https:\/\/ddt.lv\/lv\/wp-json\/wp\/v2\/product\/109692"}],"collection":[{"href":"https:\/\/ddt.lv\/lv\/wp-json\/wp\/v2\/product"}],"about":[{"href":"https:\/\/ddt.lv\/lv\/wp-json\/wp\/v2\/types\/product"}],"replies":[{"embeddable":true,"href":"https:\/\/ddt.lv\/lv\/wp-json\/wp\/v2\/comments?post=109692"}],"wp:featuredmedia":[{"embeddable":true,"href":"https:\/\/ddt.lv\/lv\/wp-json\/wp\/v2\/media\/110655"}],"wp:attachment":[{"href":"https:\/\/ddt.lv\/lv\/wp-json\/wp\/v2\/media?parent=109692"}],"wp:term":[{"taxonomy":"product_cat","embeddable":true,"href":"https:\/\/ddt.lv\/lv\/wp-json\/wp\/v2\/product_cat?post=109692"},{"taxonomy":"product_tag","embeddable":true,"href":"https:\/\/ddt.lv\/lv\/wp-json\/wp\/v2\/product_tag?post=109692"},{"taxonomy":"yst_prominent_words","embeddable":true,"href":"https:\/\/ddt.lv\/lv\/wp-json\/wp\/v2\/yst_prominent_words?post=109692"}],"curies":[{"name":"wp","href":"https:\/\/api.w.org\/{rel}","templated":true}]}}