{"id":109691,"date":"2026-04-02T00:50:35","date_gmt":"2026-04-01T21:50:35","guid":{"rendered":"https:\/\/ddt.lv\/lv\/product\/skruvgriezis-fazes-indikators-vt-110-emos\/"},"modified":"2026-04-22T08:51:42","modified_gmt":"2026-04-22T05:51:42","slug":"skruvgriezis-fazes-indikators-vt-110-emos","status":"publish","type":"product","link":"https:\/\/ddt.lv\/lv\/product\/skruvgriezis-fazes-indikators-vt-110-emos\/","title":{"rendered":"Skr\u016bvgriezis f\u0101zes indikators VT 110 EMOS"},"content":{"rendered":"<p><\/p>\n<p data-start=\"105\" data-end=\"316\">Sprieguma testeris ir paredz\u0113ts mai\u0146str\u0101vas un l\u012bdzstr\u0101vas sprieguma noteik\u0161anai ikdienas p\u0101rbaud\u0113s. Tas piem\u0113rots darbam ar AC 70\u2013250V un DC 0\u2013250V, nodro\u0161inot \u0113rtu vizu\u0101lu indik\u0101ciju sprieguma p\u0101rbaudes laik\u0101.<\/p>\n<p data-start=\"318\" data-end=\"523\">\u0160is modelis pal\u012bdz noteikt baro\u0161anas polarit\u0101ti un ir piem\u0113rots bezkontakta p\u0101rbaud\u0113m noteiktos pielietojumos. Komplekt\u0101 iek\u013cautas 2\u00d7 LR41 baterijas, t\u0101p\u0113c testeris ir gatavs lieto\u0161anai uzreiz p\u0113c ieg\u0101des.<\/p>\n<h2 data-section-id=\"7cpzmo\" data-start=\"525\" data-end=\"545\">Galven\u0101s \u012bpa\u0161\u012bbas<\/h2>\n<ul data-start=\"546\" data-end=\"1005\">\n<li data-section-id=\"3cpro6\" data-start=\"546\" data-end=\"581\">Produkta tips: sprieguma testeris<\/li>\n<li data-section-id=\"1muiyh6\" data-start=\"582\" data-end=\"625\">Mai\u0146str\u0101vas sprieguma noteik\u0161ana: 70\u2013250V<\/li>\n<li data-section-id=\"16eb97r\" data-start=\"626\" data-end=\"668\">L\u012bdzstr\u0101vas sprieguma noteik\u0161ana: 0\u2013250V<\/li>\n<li data-section-id=\"17p1zem\" data-start=\"669\" data-end=\"692\">Optisk\u0101 signaliz\u0101cija<\/li>\n<li data-section-id=\"183rfrf\" data-start=\"693\" data-end=\"717\">Polarit\u0101tes noteik\u0161ana<\/li>\n<li data-section-id=\"1mc28i0\" data-start=\"718\" data-end=\"740\">Bezkontakta m\u0113r\u012bjumi<\/li>\n<li data-section-id=\"hwbonc\" data-start=\"741\" data-end=\"790\">Piem\u0113rots baro\u0161anas avotu polarit\u0101tes p\u0101rbaudei<\/li>\n<li data-section-id=\"1yj43c0\" data-start=\"791\" data-end=\"847\">Piem\u0113rots \u012bssavienojumu noteik\u0161anai bezkontakta re\u017e\u012bm\u0101<\/li>\n<li data-section-id=\"gaanrh\" data-start=\"848\" data-end=\"897\">Piem\u0113rots mikrovi\u013c\u0146u kr\u0101\u0161\u0146u starojuma p\u0101rbaudei<\/li>\n<li data-section-id=\"1mc7p18\" data-start=\"898\" data-end=\"938\">Piem\u0113rots monitoru starojuma p\u0101rbaudei<\/li>\n<li data-section-id=\"mrsd6a\" data-start=\"939\" data-end=\"973\">Baro\u0161ana: 2\u00d7 1,5V LR41 baterijas<\/li>\n<li data-section-id=\"1v4lsla\" data-start=\"974\" data-end=\"1005\">Baterijas iek\u013cautas komplekt\u0101<\/li>\n<\/ul>\n<p><\/p>","protected":false},"excerpt":{"rendered":"<p>Sprieguma testeris ir paredz\u0113ts mai\u0146str\u0101vas un l\u012bdzstr\u0101vas sprieguma noteik\u0161anai ikdienas p\u0101rbaud\u0113s. Tas piem\u0113rots darbam ar AC 70\u2013250V un DC 0\u2013250V, nodro\u0161inot \u0113rtu vizu\u0101lu indik\u0101ciju sprieguma p\u0101rbaudes laik\u0101. \u0160is modelis pal\u012bdz noteikt baro\u0161anas polarit\u0101ti un ir piem\u0113rots bezkontakta p\u0101rbaud\u0113m noteiktos pielietojumos. Komplekt\u0101 iek\u013cautas 2\u00d7 LR41 baterijas, t\u0101p\u0113c testeris ir gatavs lieto\u0161anai uzreiz p\u0113c ieg\u0101des. Galven\u0101s \u012bpa\u0161\u012bbas [&hellip;]<\/p>\n","protected":false},"featured_media":110610,"comment_status":"closed","ping_status":"closed","template":"","meta":{"inline_featured_image":false},"product_cat":[1504],"product_tag":[],"yst_prominent_words":[],"class_list":{"0":"post-109691","1":"product","2":"type-product","3":"status-publish","4":"has-post-thumbnail","6":"product_cat-multimetri-un-testeri-merinstrumenti","8":"first","9":"instock","10":"taxable","11":"shipping-taxable","12":"purchasable","13":"product-type-simple"},"jetpack_sharing_enabled":true,"_links":{"self":[{"href":"https:\/\/ddt.lv\/lv\/wp-json\/wp\/v2\/product\/109691"}],"collection":[{"href":"https:\/\/ddt.lv\/lv\/wp-json\/wp\/v2\/product"}],"about":[{"href":"https:\/\/ddt.lv\/lv\/wp-json\/wp\/v2\/types\/product"}],"replies":[{"embeddable":true,"href":"https:\/\/ddt.lv\/lv\/wp-json\/wp\/v2\/comments?post=109691"}],"wp:featuredmedia":[{"embeddable":true,"href":"https:\/\/ddt.lv\/lv\/wp-json\/wp\/v2\/media\/110610"}],"wp:attachment":[{"href":"https:\/\/ddt.lv\/lv\/wp-json\/wp\/v2\/media?parent=109691"}],"wp:term":[{"taxonomy":"product_cat","embeddable":true,"href":"https:\/\/ddt.lv\/lv\/wp-json\/wp\/v2\/product_cat?post=109691"},{"taxonomy":"product_tag","embeddable":true,"href":"https:\/\/ddt.lv\/lv\/wp-json\/wp\/v2\/product_tag?post=109691"},{"taxonomy":"yst_prominent_words","embeddable":true,"href":"https:\/\/ddt.lv\/lv\/wp-json\/wp\/v2\/yst_prominent_words?post=109691"}],"curies":[{"name":"wp","href":"https:\/\/api.w.org\/{rel}","templated":true}]}}