{"id":109690,"date":"2026-04-02T00:50:34","date_gmt":"2026-04-01T21:50:34","guid":{"rendered":"https:\/\/ddt.lv\/lv\/product\/universals-usb-stravas-adapters-1000ma-ar-uzgaliem-emos\/"},"modified":"2026-04-28T12:00:39","modified_gmt":"2026-04-28T09:00:39","slug":"universals-usb-stravas-adapters-1000ma-ar-uzgaliem-emos","status":"publish","type":"product","link":"https:\/\/ddt.lv\/lv\/product\/universals-usb-stravas-adapters-1000ma-ar-uzgaliem-emos\/","title":{"rendered":"Univers\u0101ls USB str\u0101vas adapters 1000mA ar uzga\u013ciem EMOS"},"content":{"rendered":"<p><\/p>\n<p data-start=\"11122\" data-end=\"11462\">Univers\u0101ls USB str\u0101vas adapters ir paredz\u0113ts da\u017e\u0101du ier\u012b\u010du baro\u0161anai, piem\u0113ram, mobilajiem telefoniem, digit\u0101l\u0101m ier\u012bc\u0113m, p\u0101rn\u0113s\u0101jamiem radio, modemiem, uzl\u0101d\u0113jamiem lukturiem, anten\u0101m un set top box ier\u012bc\u0113m ar pat\u0113ri\u0146u l\u012bdz 1000mA. Tas pied\u0101v\u0101 7 regul\u0113jamas izejas sprieguma iesp\u0113jas no 3V l\u012bdz 12V.<\/p>\n<p data-start=\"11464\" data-end=\"11703\">Modelim ir 1 USB izeja, LED indik\u0101cija un komplekt\u0101 iek\u013cauts kabelis ar DC savienot\u0101ju komplektu un USB izeju. Ofici\u0101laj\u0101 EMOS lap\u0101 nor\u0101d\u012bta ar\u012b aizsardz\u012bba pret p\u0101rslodzi, p\u0101rspriegumu un \u012bssl\u0113gumu.<\/p>\n<h2 data-section-id=\"7cpzmo\" data-start=\"11705\" data-end=\"11725\">Galven\u0101s \u012bpa\u0161\u012bbas<\/h2>\n<ul data-start=\"11726\" data-end=\"12165\">\n<li data-section-id=\"1sl9mkg\" data-start=\"11726\" data-end=\"11774\">Produkta tips: univers\u0101ls USB str\u0101vas adapters<\/li>\n<li data-section-id=\"1yynqdn\" data-start=\"11775\" data-end=\"11817\">Regul\u0113jams izejas spriegums: 3V l\u012bdz 12V<\/li>\n<li data-section-id=\"8b80bs\" data-start=\"11818\" data-end=\"11847\">Maks. izejas str\u0101va: 1000mA<\/li>\n<li data-section-id=\"1q8zb8a\" data-start=\"11848\" data-end=\"11879\">Maks. izeja kop\u0101: 5V\/2,0A\/10W<\/li>\n<li data-section-id=\"qor4s9\" data-start=\"11880\" data-end=\"11901\">USB izeju skaits: 1<\/li>\n<li data-section-id=\"12s1vzw\" data-start=\"11902\" data-end=\"11936\">Paredz\u0113ts univers\u0101lai lieto\u0161anai<\/li>\n<li data-section-id=\"1etkv30\" data-start=\"11937\" data-end=\"11969\">7 izejas sprieguma iestat\u012bjumi<\/li>\n<li data-section-id=\"93boqs\" data-start=\"11970\" data-end=\"11986\">LED indik\u0101cija<\/li>\n<li data-section-id=\"1bg3417\" data-start=\"11987\" data-end=\"12032\">Kabelis ar DC uzga\u013cu komplektu un USB izeju<\/li>\n<li data-section-id=\"l38osm\" data-start=\"12033\" data-end=\"12088\">Aizsardz\u012bba pret p\u0101rslodzi, p\u0101rspriegumu un \u012bssl\u0113gumu<\/li>\n<li data-section-id=\"84imut\" data-start=\"12089\" data-end=\"12110\">Kabe\u013ca garums: 1,8m<\/li>\n<li data-section-id=\"1su5c5q\" data-start=\"12111\" data-end=\"12165\">Kr\u0101sa: melna<\/li>\n<\/ul>\n<p><\/p>","protected":false},"excerpt":{"rendered":"<p>Univers\u0101ls USB str\u0101vas adapters ir paredz\u0113ts da\u017e\u0101du ier\u012b\u010du baro\u0161anai, piem\u0113ram, mobilajiem telefoniem, digit\u0101l\u0101m ier\u012bc\u0113m, p\u0101rn\u0113s\u0101jamiem radio, modemiem, uzl\u0101d\u0113jamiem lukturiem, anten\u0101m un set top box ier\u012bc\u0113m ar pat\u0113ri\u0146u l\u012bdz 1000mA. Tas pied\u0101v\u0101 7 regul\u0113jamas izejas sprieguma iesp\u0113jas no 3V l\u012bdz 12V. Modelim ir 1 USB izeja, LED indik\u0101cija un komplekt\u0101 iek\u013cauts kabelis ar DC savienot\u0101ju komplektu [&hellip;]<\/p>\n","protected":false},"featured_media":110675,"comment_status":"closed","ping_status":"closed","template":"","meta":{"inline_featured_image":false},"product_cat":[744],"product_tag":[],"yst_prominent_words":[],"class_list":{"0":"post-109690","1":"product","2":"type-product","3":"status-publish","4":"has-post-thumbnail","6":"product_cat-mobilo-telefonu-ladetaji-usb","8":"first","9":"instock","10":"taxable","11":"shipping-taxable","12":"purchasable","13":"product-type-simple"},"jetpack_sharing_enabled":true,"_links":{"self":[{"href":"https:\/\/ddt.lv\/lv\/wp-json\/wp\/v2\/product\/109690"}],"collection":[{"href":"https:\/\/ddt.lv\/lv\/wp-json\/wp\/v2\/product"}],"about":[{"href":"https:\/\/ddt.lv\/lv\/wp-json\/wp\/v2\/types\/product"}],"replies":[{"embeddable":true,"href":"https:\/\/ddt.lv\/lv\/wp-json\/wp\/v2\/comments?post=109690"}],"wp:featuredmedia":[{"embeddable":true,"href":"https:\/\/ddt.lv\/lv\/wp-json\/wp\/v2\/media\/110675"}],"wp:attachment":[{"href":"https:\/\/ddt.lv\/lv\/wp-json\/wp\/v2\/media?parent=109690"}],"wp:term":[{"taxonomy":"product_cat","embeddable":true,"href":"https:\/\/ddt.lv\/lv\/wp-json\/wp\/v2\/product_cat?post=109690"},{"taxonomy":"product_tag","embeddable":true,"href":"https:\/\/ddt.lv\/lv\/wp-json\/wp\/v2\/product_tag?post=109690"},{"taxonomy":"yst_prominent_words","embeddable":true,"href":"https:\/\/ddt.lv\/lv\/wp-json\/wp\/v2\/yst_prominent_words?post=109690"}],"curies":[{"name":"wp","href":"https:\/\/api.w.org\/{rel}","templated":true}]}}