{"id":109689,"date":"2026-04-02T00:50:34","date_gmt":"2026-04-01T21:50:34","guid":{"rendered":"https:\/\/ddt.lv\/lv\/product\/led-uzladejams-metala-lukturis-usb-c-ar-regulejamu-fokusu-1200lm-2200mah-emos\/"},"modified":"2026-04-29T09:45:25","modified_gmt":"2026-04-29T06:45:25","slug":"led-uzladejams-metala-lukturis-usb-c-ar-regulejamu-fokusu-1200lm-2200mah-emos","status":"publish","type":"product","link":"https:\/\/ddt.lv\/lv\/product\/led-uzladejams-metala-lukturis-usb-c-ar-regulejamu-fokusu-1200lm-2200mah-emos\/","title":{"rendered":"LED uzl\u0101d\u0113jams met\u0101la lukturis USB C ar regul\u0113jamu fokusu 1200lm 2200mAh EMOS"},"content":{"rendered":"<p><\/p>\n<p data-start=\"4629\" data-end=\"4924\">LED uzl\u0101d\u0113jams met\u0101la lukturis ir paredz\u0113ts ikdienas lieto\u0161anai, kur nepiecie\u0161ams spilgts gaismas avots ar regul\u0113jamu fokusu. Tas nodro\u0161ina l\u012bdz 1200lm gaismas pl\u016bsmu, l\u012bdz 200m stara att\u0101lumu un darbojas ar ieb\u016bv\u0113tu 2200mAh 3,7V Li-Ion 18650 akumulatoru.<\/p>\n<p data-start=\"4926\" data-end=\"5191\">Modelim ir 4 apgaismojuma re\u017e\u012bmi, USB C uzl\u0101de, IP43 aizsardz\u012bba un alum\u012bnija korpuss. EMOS ofici\u0101laj\u0101 lap\u0101 nor\u0101d\u012btas ar\u012b papildu funkcijas, piem\u0113ram, \u0101tr\u0101s izsl\u0113g\u0161anas funkcija, akumulatora aizsardz\u012bba un powerbank funkcija.<\/p>\n<h2 data-section-id=\"7cpzmo\" data-start=\"5193\" data-end=\"5213\">Galven\u0101s \u012bpa\u0161\u012bbas<\/h2>\n<ul data-start=\"5214\" data-end=\"5578\">\n<li data-section-id=\"26vyco\" data-start=\"5214\" data-end=\"5261\">Produkta tips: LED uzl\u0101d\u0113jams met\u0101la lukturis<\/li>\n<li data-section-id=\"1nuf0m9\" data-start=\"5262\" data-end=\"5292\">Maks. gaismas pl\u016bsma: 1200lm<\/li>\n<li data-section-id=\"obmr7p\" data-start=\"5293\" data-end=\"5321\">Maks. stara att\u0101lums: 200m<\/li>\n<li data-section-id=\"x5yc3m\" data-start=\"5322\" data-end=\"5362\">Akumulators: 2200mAh 3,7V Li-Ion 18650<\/li>\n<li data-section-id=\"hjtsmo\" data-start=\"5363\" data-end=\"5382\">Regul\u0113jams fokuss<\/li>\n<li data-section-id=\"cw08\" data-start=\"5383\" data-end=\"5395\">Uzl\u0101d\u0113jams<\/li>\n<li data-section-id=\"1455lf1\" data-start=\"5396\" data-end=\"5424\">Uzl\u0101des savienojums: USB C<\/li>\n<li data-section-id=\"z09nrm\" data-start=\"5425\" data-end=\"5446\">\u016adensiztur\u012bba: IP43<\/li>\n<li data-section-id=\"1fltk8a\" data-start=\"5447\" data-end=\"5469\">Materi\u0101ls: alum\u012bnijs<\/li>\n<li data-section-id=\"f5ud7z\" data-start=\"5470\" data-end=\"5493\">Darb\u012bbas laiks: 4\u201322h<\/li>\n<li data-section-id=\"nleava\" data-start=\"5494\" data-end=\"5517\">4 apgaismojuma re\u017e\u012bmi<\/li>\n<li data-section-id=\"y9sd6j\" data-start=\"5518\" data-end=\"5578\">Powerbank funkcija<\/li>\n<\/ul>\n<p><\/p>","protected":false},"excerpt":{"rendered":"<p>LED uzl\u0101d\u0113jams met\u0101la lukturis ir paredz\u0113ts ikdienas lieto\u0161anai, kur nepiecie\u0161ams spilgts gaismas avots ar regul\u0113jamu fokusu. Tas nodro\u0161ina l\u012bdz 1200lm gaismas pl\u016bsmu, l\u012bdz 200m stara att\u0101lumu un darbojas ar ieb\u016bv\u0113tu 2200mAh 3,7V Li-Ion 18650 akumulatoru. Modelim ir 4 apgaismojuma re\u017e\u012bmi, USB C uzl\u0101de, IP43 aizsardz\u012bba un alum\u012bnija korpuss. EMOS ofici\u0101laj\u0101 lap\u0101 nor\u0101d\u012btas ar\u012b papildu funkcijas, [&hellip;]<\/p>\n","protected":false},"featured_media":110664,"comment_status":"closed","ping_status":"closed","template":"","meta":{"inline_featured_image":false},"product_cat":[726],"product_tag":[],"yst_prominent_words":[],"class_list":{"0":"post-109689","1":"product","2":"type-product","3":"status-publish","4":"has-post-thumbnail","6":"product_cat-kabatas","8":"first","9":"instock","10":"taxable","11":"shipping-taxable","12":"purchasable","13":"product-type-simple"},"jetpack_sharing_enabled":true,"_links":{"self":[{"href":"https:\/\/ddt.lv\/lv\/wp-json\/wp\/v2\/product\/109689"}],"collection":[{"href":"https:\/\/ddt.lv\/lv\/wp-json\/wp\/v2\/product"}],"about":[{"href":"https:\/\/ddt.lv\/lv\/wp-json\/wp\/v2\/types\/product"}],"replies":[{"embeddable":true,"href":"https:\/\/ddt.lv\/lv\/wp-json\/wp\/v2\/comments?post=109689"}],"wp:featuredmedia":[{"embeddable":true,"href":"https:\/\/ddt.lv\/lv\/wp-json\/wp\/v2\/media\/110664"}],"wp:attachment":[{"href":"https:\/\/ddt.lv\/lv\/wp-json\/wp\/v2\/media?parent=109689"}],"wp:term":[{"taxonomy":"product_cat","embeddable":true,"href":"https:\/\/ddt.lv\/lv\/wp-json\/wp\/v2\/product_cat?post=109689"},{"taxonomy":"product_tag","embeddable":true,"href":"https:\/\/ddt.lv\/lv\/wp-json\/wp\/v2\/product_tag?post=109689"},{"taxonomy":"yst_prominent_words","embeddable":true,"href":"https:\/\/ddt.lv\/lv\/wp-json\/wp\/v2\/yst_prominent_words?post=109689"}],"curies":[{"name":"wp","href":"https:\/\/api.w.org\/{rel}","templated":true}]}}