{"id":109688,"date":"2026-04-02T00:45:38","date_gmt":"2026-04-01T21:45:38","guid":{"rendered":"https:\/\/ddt.lv\/lv\/product\/led-spuldze-classic-jc-g9-49w-806lm-neitrali-balta-emos\/"},"modified":"2026-04-27T08:46:35","modified_gmt":"2026-04-27T05:46:35","slug":"led-spuldze-classic-jc-g9-49w-806lm-neitrali-balta-emos","status":"publish","type":"product","link":"https:\/\/ddt.lv\/lv\/product\/led-spuldze-classic-jc-g9-49w-806lm-neitrali-balta-emos\/","title":{"rendered":"LED spuldze Classic JC G9 4,9W 806lm neitr\u0101li balta EMOS"},"content":{"rendered":"<p><\/p>\n<p data-start=\"117\" data-end=\"392\">LED spuldze ar G9 cokolu ir piem\u0113rota kompakt\u0101m gaism\u0101m, kur nepiecie\u0161ams spilgts un vienm\u0113r\u012bgs apgaismojums ar zemu pat\u0113ri\u0146u. T\u0101 nodro\u0161ina 806lm gaismas pl\u016bsmu, 4000K neitr\u0101li baltu gaismu un ir paredz\u0113ta k\u0101 60W kv\u0113lspuldzes aizst\u0101j\u0113js.<\/p>\n<p data-start=\"394\" data-end=\"594\">\u0160is modelis ir nedimm\u0113jams un piem\u0113rots ikdienas lieto\u0161anai m\u0101j\u0101s vai biroj\u0101, kur svar\u012bgs ir kompakts form\u0101ts, ilgs kalpo\u0161anas laiks un plats 300\u00b0 gaismas le\u0146\u0137is.<\/p>\n<h2 data-section-id=\"7cpzmo\" data-start=\"596\" data-end=\"616\">Galven\u0101s \u012bpa\u0161\u012bbas<\/h2>\n<ul data-start=\"617\" data-end=\"900\">\n<li data-section-id=\"1d3qbuq\" data-start=\"617\" data-end=\"645\">Produkta tips: LED spuldze<\/li>\n<li data-section-id=\"4gc41y\" data-start=\"646\" data-end=\"663\">S\u0113rija: Classic<\/li>\n<li data-section-id=\"x556uk\" data-start=\"664\" data-end=\"675\">Forma: JC<\/li>\n<li data-section-id=\"t4ggbf\" data-start=\"676\" data-end=\"688\">Cokols: G9<\/li>\n<li data-section-id=\"1u5s6lb\" data-start=\"689\" data-end=\"702\">Jauda: 4,9W<\/li>\n<li data-section-id=\"12whfgm\" data-start=\"703\" data-end=\"726\">Gaismas pl\u016bsma: 806lm<\/li>\n<li data-section-id=\"17ou1nl\" data-start=\"727\" data-end=\"758\">Gaismas kr\u0101sa: neitr\u0101li balta<\/li>\n<li data-section-id=\"1wlqpg5\" data-start=\"759\" data-end=\"785\">Kr\u0101su temperat\u016bra: 4000K<\/li>\n<li data-section-id=\"oqtdov\" data-start=\"786\" data-end=\"817\">Ekvivalents kv\u0113lspuldzei: 60W<\/li>\n<li data-section-id=\"iuesue\" data-start=\"818\" data-end=\"838\">Stara le\u0146\u0137is: 300\u00b0<\/li>\n<li data-section-id=\"1y69c0y\" data-start=\"839\" data-end=\"848\">CRI: 80<\/li>\n<li data-section-id=\"1sqoxvr\" data-start=\"849\" data-end=\"900\">Nedimm\u0113jama<\/li>\n<\/ul>\n<p><\/p>","protected":false},"excerpt":{"rendered":"<p>LED spuldze ar G9 cokolu ir piem\u0113rota kompakt\u0101m gaism\u0101m, kur nepiecie\u0161ams spilgts un vienm\u0113r\u012bgs apgaismojums ar zemu pat\u0113ri\u0146u. T\u0101 nodro\u0161ina 806lm gaismas pl\u016bsmu, 4000K neitr\u0101li baltu gaismu un ir paredz\u0113ta k\u0101 60W kv\u0113lspuldzes aizst\u0101j\u0113js. \u0160is modelis ir nedimm\u0113jams un piem\u0113rots ikdienas lieto\u0161anai m\u0101j\u0101s vai biroj\u0101, kur svar\u012bgs ir kompakts form\u0101ts, ilgs kalpo\u0161anas laiks un plats [&hellip;]<\/p>\n","protected":false},"featured_media":110656,"comment_status":"closed","ping_status":"closed","template":"","meta":{"inline_featured_image":false},"product_cat":[854],"product_tag":[],"yst_prominent_words":[],"class_list":{"0":"post-109688","1":"product","2":"type-product","3":"status-publish","4":"has-post-thumbnail","6":"product_cat-g9-spuldzes","8":"first","9":"instock","10":"taxable","11":"shipping-taxable","12":"purchasable","13":"product-type-simple"},"jetpack_sharing_enabled":true,"_links":{"self":[{"href":"https:\/\/ddt.lv\/lv\/wp-json\/wp\/v2\/product\/109688"}],"collection":[{"href":"https:\/\/ddt.lv\/lv\/wp-json\/wp\/v2\/product"}],"about":[{"href":"https:\/\/ddt.lv\/lv\/wp-json\/wp\/v2\/types\/product"}],"replies":[{"embeddable":true,"href":"https:\/\/ddt.lv\/lv\/wp-json\/wp\/v2\/comments?post=109688"}],"wp:featuredmedia":[{"embeddable":true,"href":"https:\/\/ddt.lv\/lv\/wp-json\/wp\/v2\/media\/110656"}],"wp:attachment":[{"href":"https:\/\/ddt.lv\/lv\/wp-json\/wp\/v2\/media?parent=109688"}],"wp:term":[{"taxonomy":"product_cat","embeddable":true,"href":"https:\/\/ddt.lv\/lv\/wp-json\/wp\/v2\/product_cat?post=109688"},{"taxonomy":"product_tag","embeddable":true,"href":"https:\/\/ddt.lv\/lv\/wp-json\/wp\/v2\/product_tag?post=109688"},{"taxonomy":"yst_prominent_words","embeddable":true,"href":"https:\/\/ddt.lv\/lv\/wp-json\/wp\/v2\/yst_prominent_words?post=109688"}],"curies":[{"name":"wp","href":"https:\/\/api.w.org\/{rel}","templated":true}]}}