{"id":109687,"date":"2026-04-02T00:45:38","date_gmt":"2026-04-01T21:45:38","guid":{"rendered":"https:\/\/ddt.lv\/lv\/product\/led-prozektors-tambo-30w-ip54-3000-lm-4000k-melns-ar-kustibas-sensoru-emos\/"},"modified":"2026-04-22T08:46:02","modified_gmt":"2026-04-22T05:46:02","slug":"led-prozektors-tambo-30w-ip54-3000-lm-4000k-melns-ar-kustibas-sensoru-emos","status":"publish","type":"product","link":"https:\/\/ddt.lv\/lv\/product\/led-prozektors-tambo-30w-ip54-3000-lm-4000k-melns-ar-kustibas-sensoru-emos\/","title":{"rendered":"LED pro\u017eektors TAMBO 30W IP54 3000 lm 4000K melns ar kust\u012bbas sensoru EMOS"},"content":{"rendered":"<p><\/p>\n<p data-start=\"33246\" data-end=\"33536\">LED pro\u017eektors TAMBO ar kust\u012bbas sensoru ir piem\u0113rots viet\u0101m, kur nepiecie\u0161ams jaud\u012bgs autom\u0101tisks apgaismojums pie \u0113k\u0101m, pagalmos un darba zon\u0101s. Tas nodro\u0161ina 3000lm gaismas pl\u016bsmu, 4000K neitr\u0101li baltu gaismu un ir paredz\u0113ts virsapmetuma mont\u0101\u017eai.<\/p>\n<p data-start=\"33538\" data-end=\"33774\">Modelim ir pl\u0101ns melns korpuss, IP54 aizsardz\u012bba, plastmasas difuzors un alum\u012bnija korpuss. PIR kust\u012bbas sensors ar 10m darb\u012bbas att\u0101lumu pal\u012bdz gaismu iesl\u0113gt tikai tad, kad tas tie\u0161\u0101m vajadz\u012bgs.<\/p>\n<h2 data-section-id=\"7cpzmo\" data-start=\"33776\" data-end=\"33796\">Galven\u0101s \u012bpa\u0161\u012bbas<\/h2>\n<ul data-start=\"33797\" data-end=\"34121\">\n<li data-section-id=\"18fej7o\" data-start=\"33797\" data-end=\"33828\">Produkta tips: LED pro\u017eektors<\/li>\n<li data-section-id=\"707ppz\" data-start=\"33829\" data-end=\"33844\">S\u0113rija: TAMBO<\/li>\n<li data-section-id=\"7dzyfj\" data-start=\"33845\" data-end=\"33863\">Kust\u012bbas sensors<\/li>\n<li data-section-id=\"tzisfx\" data-start=\"33864\" data-end=\"33876\">Jauda: 30W<\/li>\n<li data-section-id=\"casyuz\" data-start=\"33877\" data-end=\"33901\">Gaismas pl\u016bsma: 3000lm<\/li>\n<li data-section-id=\"17ou1nl\" data-start=\"33902\" data-end=\"33933\">Gaismas kr\u0101sa: neitr\u0101li balta<\/li>\n<li data-section-id=\"1wlqpg5\" data-start=\"33934\" data-end=\"33960\">Kr\u0101su temperat\u016bra: 4000K<\/li>\n<li data-section-id=\"1rghcjp\" data-start=\"33961\" data-end=\"33988\">PIR sensora att\u0101lums: 10m<\/li>\n<li data-section-id=\"wa1vam\" data-start=\"33989\" data-end=\"34008\">Aizsardz\u012bba: IP54<\/li>\n<li data-section-id=\"iudava\" data-start=\"34009\" data-end=\"34029\">Stara le\u0146\u0137is: 120\u00b0<\/li>\n<li data-section-id=\"1v6p7yq\" data-start=\"34030\" data-end=\"34061\">Gaismas efektivit\u0101te: 100lm\/W<\/li>\n<li data-section-id=\"j3ldne\" data-start=\"34062\" data-end=\"34121\">Garantija: 3 gadi<\/li>\n<\/ul>\n<p><\/p>","protected":false},"excerpt":{"rendered":"<p>LED pro\u017eektors TAMBO ar kust\u012bbas sensoru ir piem\u0113rots viet\u0101m, kur nepiecie\u0161ams jaud\u012bgs autom\u0101tisks apgaismojums pie \u0113k\u0101m, pagalmos un darba zon\u0101s. Tas nodro\u0161ina 3000lm gaismas pl\u016bsmu, 4000K neitr\u0101li baltu gaismu un ir paredz\u0113ts virsapmetuma mont\u0101\u017eai. Modelim ir pl\u0101ns melns korpuss, IP54 aizsardz\u012bba, plastmasas difuzors un alum\u012bnija korpuss. PIR kust\u012bbas sensors ar 10m darb\u012bbas att\u0101lumu pal\u012bdz gaismu [&hellip;]<\/p>\n","protected":false},"featured_media":111356,"comment_status":"closed","ping_status":"closed","template":"","meta":{"inline_featured_image":false},"product_cat":[908],"product_tag":[],"yst_prominent_words":[],"class_list":{"0":"post-109687","1":"product","2":"type-product","3":"status-publish","4":"has-post-thumbnail","6":"product_cat-led-prozektori","8":"first","9":"instock","10":"taxable","11":"shipping-taxable","12":"purchasable","13":"product-type-simple"},"jetpack_sharing_enabled":true,"_links":{"self":[{"href":"https:\/\/ddt.lv\/lv\/wp-json\/wp\/v2\/product\/109687"}],"collection":[{"href":"https:\/\/ddt.lv\/lv\/wp-json\/wp\/v2\/product"}],"about":[{"href":"https:\/\/ddt.lv\/lv\/wp-json\/wp\/v2\/types\/product"}],"replies":[{"embeddable":true,"href":"https:\/\/ddt.lv\/lv\/wp-json\/wp\/v2\/comments?post=109687"}],"wp:featuredmedia":[{"embeddable":true,"href":"https:\/\/ddt.lv\/lv\/wp-json\/wp\/v2\/media\/111356"}],"wp:attachment":[{"href":"https:\/\/ddt.lv\/lv\/wp-json\/wp\/v2\/media?parent=109687"}],"wp:term":[{"taxonomy":"product_cat","embeddable":true,"href":"https:\/\/ddt.lv\/lv\/wp-json\/wp\/v2\/product_cat?post=109687"},{"taxonomy":"product_tag","embeddable":true,"href":"https:\/\/ddt.lv\/lv\/wp-json\/wp\/v2\/product_tag?post=109687"},{"taxonomy":"yst_prominent_words","embeddable":true,"href":"https:\/\/ddt.lv\/lv\/wp-json\/wp\/v2\/yst_prominent_words?post=109687"}],"curies":[{"name":"wp","href":"https:\/\/api.w.org\/{rel}","templated":true}]}}