{"id":109686,"date":"2026-04-02T00:45:37","date_gmt":"2026-04-01T21:45:37","guid":{"rendered":"https:\/\/ddt.lv\/lv\/product\/led-prozektors-tambo-20w-ip54-2000-lm-4000k-melns-ar-kustibas-sensoru-emos\/"},"modified":"2026-04-22T08:46:01","modified_gmt":"2026-04-22T05:46:01","slug":"led-prozektors-tambo-20w-ip54-2000-lm-4000k-melns-ar-kustibas-sensoru-emos","status":"publish","type":"product","link":"https:\/\/ddt.lv\/lv\/product\/led-prozektors-tambo-20w-ip54-2000-lm-4000k-melns-ar-kustibas-sensoru-emos\/","title":{"rendered":"LED pro\u017eektors TAMBO 20W IP54 2000 lm 4000K melns ar kust\u012bbas sensoru EMOS"},"content":{"rendered":"<p><\/p>\n<p data-start=\"27756\" data-end=\"28060\">LED pro\u017eektors TAMBO ar kust\u012bbas sensoru ir piem\u0113rots autom\u0101tiskam apgaismojumam pie ieej\u0101m, pagalmos un darba zon\u0101s, kur nepiecie\u0161ams liel\u0101ks gaismas daudzums. Tas nodro\u0161ina 2000lm gaismas pl\u016bsmu, 4000K neitr\u0101li baltu gaismu un ir paredz\u0113ts virsapmetuma mont\u0101\u017eai.<\/p>\n<p data-start=\"28062\" data-end=\"28286\">Modelim ir pl\u0101ns melns korpuss, IP54 aizsardz\u012bba, plastmasas difuzors un alum\u012bnija korpuss. PIR kust\u012bbas sensors ar 10m darb\u012bbas att\u0101lumu pal\u012bdz iesl\u0113gt gaismu tikai vajadz\u012bgaj\u0101 br\u012bd\u012b.<\/p>\n<h2 data-section-id=\"7cpzmo\" data-start=\"28288\" data-end=\"28308\">Galven\u0101s \u012bpa\u0161\u012bbas<\/h2>\n<ul data-start=\"28309\" data-end=\"28633\">\n<li data-section-id=\"18fej7o\" data-start=\"28309\" data-end=\"28340\">Produkta tips: LED pro\u017eektors<\/li>\n<li data-section-id=\"707ppz\" data-start=\"28341\" data-end=\"28356\">S\u0113rija: TAMBO<\/li>\n<li data-section-id=\"7dzyfj\" data-start=\"28357\" data-end=\"28375\">Kust\u012bbas sensors<\/li>\n<li data-section-id=\"tzirng\" data-start=\"28376\" data-end=\"28388\">Jauda: 20W<\/li>\n<li data-section-id=\"bovi3e\" data-start=\"28389\" data-end=\"28413\">Gaismas pl\u016bsma: 2000lm<\/li>\n<li data-section-id=\"17ou1nl\" data-start=\"28414\" data-end=\"28445\">Gaismas kr\u0101sa: neitr\u0101li balta<\/li>\n<li data-section-id=\"1wlqpg5\" data-start=\"28446\" data-end=\"28472\">Kr\u0101su temperat\u016bra: 4000K<\/li>\n<li data-section-id=\"1rghcjp\" data-start=\"28473\" data-end=\"28500\">PIR sensora att\u0101lums: 10m<\/li>\n<li data-section-id=\"wa1vam\" data-start=\"28501\" data-end=\"28520\">Aizsardz\u012bba: IP54<\/li>\n<li data-section-id=\"iudava\" data-start=\"28521\" data-end=\"28541\">Stara le\u0146\u0137is: 120\u00b0<\/li>\n<li data-section-id=\"1v6p7yq\" data-start=\"28542\" data-end=\"28573\">Gaismas efektivit\u0101te: 100lm\/W<\/li>\n<li data-section-id=\"vxny8q\" data-start=\"28574\" data-end=\"28633\">Garantija: 3 gadi<\/li>\n<\/ul>\n<p><\/p>","protected":false},"excerpt":{"rendered":"<p>LED pro\u017eektors TAMBO ar kust\u012bbas sensoru ir piem\u0113rots autom\u0101tiskam apgaismojumam pie ieej\u0101m, pagalmos un darba zon\u0101s, kur nepiecie\u0161ams liel\u0101ks gaismas daudzums. Tas nodro\u0161ina 2000lm gaismas pl\u016bsmu, 4000K neitr\u0101li baltu gaismu un ir paredz\u0113ts virsapmetuma mont\u0101\u017eai. Modelim ir pl\u0101ns melns korpuss, IP54 aizsardz\u012bba, plastmasas difuzors un alum\u012bnija korpuss. PIR kust\u012bbas sensors ar 10m darb\u012bbas att\u0101lumu pal\u012bdz [&hellip;]<\/p>\n","protected":false},"featured_media":111343,"comment_status":"closed","ping_status":"closed","template":"","meta":{"inline_featured_image":false},"product_cat":[772,908],"product_tag":[],"yst_prominent_words":[],"class_list":{"0":"post-109686","1":"product","2":"type-product","3":"status-publish","4":"has-post-thumbnail","6":"product_cat-atlaides","7":"product_cat-led-prozektori","9":"first","10":"instock","11":"sale","12":"taxable","13":"shipping-taxable","14":"purchasable","15":"product-type-simple"},"jetpack_sharing_enabled":true,"_links":{"self":[{"href":"https:\/\/ddt.lv\/lv\/wp-json\/wp\/v2\/product\/109686"}],"collection":[{"href":"https:\/\/ddt.lv\/lv\/wp-json\/wp\/v2\/product"}],"about":[{"href":"https:\/\/ddt.lv\/lv\/wp-json\/wp\/v2\/types\/product"}],"replies":[{"embeddable":true,"href":"https:\/\/ddt.lv\/lv\/wp-json\/wp\/v2\/comments?post=109686"}],"wp:featuredmedia":[{"embeddable":true,"href":"https:\/\/ddt.lv\/lv\/wp-json\/wp\/v2\/media\/111343"}],"wp:attachment":[{"href":"https:\/\/ddt.lv\/lv\/wp-json\/wp\/v2\/media?parent=109686"}],"wp:term":[{"taxonomy":"product_cat","embeddable":true,"href":"https:\/\/ddt.lv\/lv\/wp-json\/wp\/v2\/product_cat?post=109686"},{"taxonomy":"product_tag","embeddable":true,"href":"https:\/\/ddt.lv\/lv\/wp-json\/wp\/v2\/product_tag?post=109686"},{"taxonomy":"yst_prominent_words","embeddable":true,"href":"https:\/\/ddt.lv\/lv\/wp-json\/wp\/v2\/yst_prominent_words?post=109686"}],"curies":[{"name":"wp","href":"https:\/\/api.w.org\/{rel}","templated":true}]}}