{"id":109685,"date":"2026-04-02T00:45:37","date_gmt":"2026-04-01T21:45:37","guid":{"rendered":"https:\/\/ddt.lv\/lv\/product\/led-prozektors-tambo-10w-ip54-1000-lm-4000k-melns-ar-kustibas-sensoru-emos\/"},"modified":"2026-04-22T08:51:37","modified_gmt":"2026-04-22T05:51:37","slug":"led-prozektors-tambo-10w-ip54-1000-lm-4000k-melns-ar-kustibas-sensoru-emos","status":"publish","type":"product","link":"https:\/\/ddt.lv\/lv\/product\/led-prozektors-tambo-10w-ip54-1000-lm-4000k-melns-ar-kustibas-sensoru-emos\/","title":{"rendered":"LED pro\u017eektors TAMBO 10W IP54 1000 lm 4000K melns ar kust\u012bbas sensoru EMOS"},"content":{"rendered":"<p><\/p>\n<p data-start=\"22202\" data-end=\"22497\">LED pro\u017eektors TAMBO ar kust\u012bbas sensoru ir piem\u0113rots viet\u0101m, kur nepiecie\u0161ams kompakts autom\u0101tisks apgaismojums pie ieej\u0101m, ej\u0101m un maz\u0101k\u0101s \u0101ra zon\u0101s. Tas nodro\u0161ina 1000lm gaismas pl\u016bsmu, 4000K neitr\u0101li baltu gaismu un ir paredz\u0113ts virsapmetuma mont\u0101\u017eai.<\/p>\n<p data-start=\"22499\" data-end=\"22757\">Pl\u0101ns korpuss, IP54 aizsardz\u012bba, plastmasas difuzors un alum\u012bnija korpuss padara \u0161o modeli piem\u0113rotu ikdienas lieto\u0161anai. PIR kust\u012bbas sensors ar 10m darb\u012bbas att\u0101lumu pal\u012bdz iesl\u0113gt gaismu tikai nepiecie\u0161am\u012bbas br\u012bd\u012b.<\/p>\n<h2 data-section-id=\"7cpzmo\" data-start=\"22759\" data-end=\"22779\">Galven\u0101s \u012bpa\u0161\u012bbas<\/h2>\n<ul data-start=\"22780\" data-end=\"23104\">\n<li data-section-id=\"18fej7o\" data-start=\"22780\" data-end=\"22811\">Produkta tips: LED pro\u017eektors<\/li>\n<li data-section-id=\"707ppz\" data-start=\"22812\" data-end=\"22827\">S\u0113rija: TAMBO<\/li>\n<li data-section-id=\"7dzyfj\" data-start=\"22828\" data-end=\"22846\">Kust\u012bbas sensors<\/li>\n<li data-section-id=\"tziqrj\" data-start=\"22847\" data-end=\"22859\">Jauda: 10W<\/li>\n<li data-section-id=\"b07cmx\" data-start=\"22860\" data-end=\"22884\">Gaismas pl\u016bsma: 1000lm<\/li>\n<li data-section-id=\"17ou1nl\" data-start=\"22885\" data-end=\"22916\">Gaismas kr\u0101sa: neitr\u0101li balta<\/li>\n<li data-section-id=\"1wlqpg5\" data-start=\"22917\" data-end=\"22943\">Kr\u0101su temperat\u016bra: 4000K<\/li>\n<li data-section-id=\"1rghcjp\" data-start=\"22944\" data-end=\"22971\">PIR sensora att\u0101lums: 10m<\/li>\n<li data-section-id=\"wa1vam\" data-start=\"22972\" data-end=\"22991\">Aizsardz\u012bba: IP54<\/li>\n<li data-section-id=\"iudava\" data-start=\"22992\" data-end=\"23012\">Stara le\u0146\u0137is: 120\u00b0<\/li>\n<li data-section-id=\"1v6p7yq\" data-start=\"23013\" data-end=\"23044\">Gaismas efektivit\u0101te: 100lm\/W<\/li>\n<li data-section-id=\"1oc2au2\" data-start=\"23045\" data-end=\"23104\">Garantija: 3 gadi<\/li>\n<\/ul>\n<p><\/p>","protected":false},"excerpt":{"rendered":"<p>LED pro\u017eektors TAMBO ar kust\u012bbas sensoru ir piem\u0113rots viet\u0101m, kur nepiecie\u0161ams kompakts autom\u0101tisks apgaismojums pie ieej\u0101m, ej\u0101m un maz\u0101k\u0101s \u0101ra zon\u0101s. Tas nodro\u0161ina 1000lm gaismas pl\u016bsmu, 4000K neitr\u0101li baltu gaismu un ir paredz\u0113ts virsapmetuma mont\u0101\u017eai. Pl\u0101ns korpuss, IP54 aizsardz\u012bba, plastmasas difuzors un alum\u012bnija korpuss padara \u0161o modeli piem\u0113rotu ikdienas lieto\u0161anai. PIR kust\u012bbas sensors ar 10m [&hellip;]<\/p>\n","protected":false},"featured_media":111304,"comment_status":"closed","ping_status":"closed","template":"","meta":{"inline_featured_image":false},"product_cat":[908],"product_tag":[],"yst_prominent_words":[],"class_list":{"0":"post-109685","1":"product","2":"type-product","3":"status-publish","4":"has-post-thumbnail","6":"product_cat-led-prozektori","8":"first","9":"instock","10":"taxable","11":"shipping-taxable","12":"purchasable","13":"product-type-simple"},"jetpack_sharing_enabled":true,"_links":{"self":[{"href":"https:\/\/ddt.lv\/lv\/wp-json\/wp\/v2\/product\/109685"}],"collection":[{"href":"https:\/\/ddt.lv\/lv\/wp-json\/wp\/v2\/product"}],"about":[{"href":"https:\/\/ddt.lv\/lv\/wp-json\/wp\/v2\/types\/product"}],"replies":[{"embeddable":true,"href":"https:\/\/ddt.lv\/lv\/wp-json\/wp\/v2\/comments?post=109685"}],"wp:featuredmedia":[{"embeddable":true,"href":"https:\/\/ddt.lv\/lv\/wp-json\/wp\/v2\/media\/111304"}],"wp:attachment":[{"href":"https:\/\/ddt.lv\/lv\/wp-json\/wp\/v2\/media?parent=109685"}],"wp:term":[{"taxonomy":"product_cat","embeddable":true,"href":"https:\/\/ddt.lv\/lv\/wp-json\/wp\/v2\/product_cat?post=109685"},{"taxonomy":"product_tag","embeddable":true,"href":"https:\/\/ddt.lv\/lv\/wp-json\/wp\/v2\/product_tag?post=109685"},{"taxonomy":"yst_prominent_words","embeddable":true,"href":"https:\/\/ddt.lv\/lv\/wp-json\/wp\/v2\/yst_prominent_words?post=109685"}],"curies":[{"name":"wp","href":"https:\/\/api.w.org\/{rel}","templated":true}]}}