{"id":109684,"date":"2026-04-02T00:45:36","date_gmt":"2026-04-01T21:45:36","guid":{"rendered":"https:\/\/ddt.lv\/lv\/product\/led-prozektors-visio-50w-ip54-7500-lm-4000-k-melns-ar-kustibas-sensoru-emos\/"},"modified":"2026-04-22T08:51:38","modified_gmt":"2026-04-22T05:51:38","slug":"led-prozektors-visio-50w-ip54-7500-lm-4000-k-melns-ar-kustibas-sensoru-emos","status":"publish","type":"product","link":"https:\/\/ddt.lv\/lv\/product\/led-prozektors-visio-50w-ip54-7500-lm-4000-k-melns-ar-kustibas-sensoru-emos\/","title":{"rendered":"LED pro\u017eektors VISIO 50W IP54 7500 lm 4000 K melns ar kust\u012bbas sensoru EMOS"},"content":{"rendered":"<p><\/p>\n<p data-start=\"16701\" data-end=\"17001\">LED pro\u017eektors VISIO ar kust\u012bbas sensoru ir piem\u0113rots liel\u0101ku teritoriju un darba zonu apgaismo\u0161anai, kur nepiecie\u0161ama autom\u0101tiska iesl\u0113g\u0161an\u0101s pie kust\u012bbas. Tas nodro\u0161ina 7500lm gaismas pl\u016bsmu, 4000K neitr\u0101li baltu gaismu un ir paredz\u0113ts virsapmetuma mont\u0101\u017eai.<\/p>\n<p data-start=\"17003\" data-end=\"17250\">Melnais alum\u012bnija korpuss, IP54 aizsardz\u012bba, stikla difuzors un 10m PIR sensora darb\u012bbas att\u0101lums padara \u0161o modeli piem\u0113rotu intens\u012bv\u0101kam ikdienas lietojumam. 110\u00b0 stara le\u0146\u0137is pal\u012bdz izgaismot pla\u0161\u0101ku zonu.<\/p>\n<h2 data-section-id=\"7cpzmo\" data-start=\"17252\" data-end=\"17272\">Galven\u0101s \u012bpa\u0161\u012bbas<\/h2>\n<ul data-start=\"17273\" data-end=\"17580\">\n<li data-section-id=\"18fej7o\" data-start=\"17273\" data-end=\"17304\">Produkta tips: LED pro\u017eektors<\/li>\n<li data-section-id=\"71p7ig\" data-start=\"17305\" data-end=\"17320\">S\u0113rija: VISIO<\/li>\n<li data-section-id=\"7dzyfj\" data-start=\"17321\" data-end=\"17339\">Kust\u012bbas sensors<\/li>\n<li data-section-id=\"tziu4b\" data-start=\"17340\" data-end=\"17352\">Jauda: 50W<\/li>\n<li data-section-id=\"ev96yi\" data-start=\"17353\" data-end=\"17377\">Gaismas pl\u016bsma: 7500lm<\/li>\n<li data-section-id=\"17ou1nl\" data-start=\"17378\" data-end=\"17409\">Gaismas kr\u0101sa: neitr\u0101li balta<\/li>\n<li data-section-id=\"1wlqpg5\" data-start=\"17410\" data-end=\"17436\">Kr\u0101su temperat\u016bra: 4000K<\/li>\n<li data-section-id=\"1rghcjp\" data-start=\"17437\" data-end=\"17464\">PIR sensora att\u0101lums: 10m<\/li>\n<li data-section-id=\"wa1vam\" data-start=\"17465\" data-end=\"17484\">Aizsardz\u012bba: IP54<\/li>\n<li data-section-id=\"iud8lh\" data-start=\"17485\" data-end=\"17505\">Stara le\u0146\u0137is: 110\u00b0<\/li>\n<li data-section-id=\"g8hysg\" data-start=\"17506\" data-end=\"17520\">Flicker free<\/li>\n<li data-section-id=\"1faku3e\" data-start=\"17521\" data-end=\"17580\">Garantija: 3 gadi<\/li>\n<\/ul>\n<p><\/p>","protected":false},"excerpt":{"rendered":"<p>LED pro\u017eektors VISIO ar kust\u012bbas sensoru ir piem\u0113rots liel\u0101ku teritoriju un darba zonu apgaismo\u0161anai, kur nepiecie\u0161ama autom\u0101tiska iesl\u0113g\u0161an\u0101s pie kust\u012bbas. Tas nodro\u0161ina 7500lm gaismas pl\u016bsmu, 4000K neitr\u0101li baltu gaismu un ir paredz\u0113ts virsapmetuma mont\u0101\u017eai. Melnais alum\u012bnija korpuss, IP54 aizsardz\u012bba, stikla difuzors un 10m PIR sensora darb\u012bbas att\u0101lums padara \u0161o modeli piem\u0113rotu intens\u012bv\u0101kam ikdienas lietojumam. 110\u00b0 [&hellip;]<\/p>\n","protected":false},"featured_media":111259,"comment_status":"closed","ping_status":"closed","template":"","meta":{"inline_featured_image":false},"product_cat":[908],"product_tag":[],"yst_prominent_words":[],"class_list":{"0":"post-109684","1":"product","2":"type-product","3":"status-publish","4":"has-post-thumbnail","6":"product_cat-led-prozektori","8":"first","9":"instock","10":"taxable","11":"shipping-taxable","12":"purchasable","13":"product-type-simple"},"jetpack_sharing_enabled":true,"_links":{"self":[{"href":"https:\/\/ddt.lv\/lv\/wp-json\/wp\/v2\/product\/109684"}],"collection":[{"href":"https:\/\/ddt.lv\/lv\/wp-json\/wp\/v2\/product"}],"about":[{"href":"https:\/\/ddt.lv\/lv\/wp-json\/wp\/v2\/types\/product"}],"replies":[{"embeddable":true,"href":"https:\/\/ddt.lv\/lv\/wp-json\/wp\/v2\/comments?post=109684"}],"wp:featuredmedia":[{"embeddable":true,"href":"https:\/\/ddt.lv\/lv\/wp-json\/wp\/v2\/media\/111259"}],"wp:attachment":[{"href":"https:\/\/ddt.lv\/lv\/wp-json\/wp\/v2\/media?parent=109684"}],"wp:term":[{"taxonomy":"product_cat","embeddable":true,"href":"https:\/\/ddt.lv\/lv\/wp-json\/wp\/v2\/product_cat?post=109684"},{"taxonomy":"product_tag","embeddable":true,"href":"https:\/\/ddt.lv\/lv\/wp-json\/wp\/v2\/product_tag?post=109684"},{"taxonomy":"yst_prominent_words","embeddable":true,"href":"https:\/\/ddt.lv\/lv\/wp-json\/wp\/v2\/yst_prominent_words?post=109684"}],"curies":[{"name":"wp","href":"https:\/\/api.w.org\/{rel}","templated":true}]}}