{"id":109683,"date":"2026-04-02T00:45:36","date_gmt":"2026-04-01T21:45:36","guid":{"rendered":"https:\/\/ddt.lv\/lv\/product\/led-prozektors-visio-30w-ip54-4500-lm-4000-k-melns-ar-kustibas-sensoru-emos\/"},"modified":"2026-04-22T08:51:38","modified_gmt":"2026-04-22T05:51:38","slug":"led-prozektors-visio-30w-ip54-4500-lm-4000-k-melns-ar-kustibas-sensoru-emos","status":"publish","type":"product","link":"https:\/\/ddt.lv\/lv\/product\/led-prozektors-visio-30w-ip54-4500-lm-4000-k-melns-ar-kustibas-sensoru-emos\/","title":{"rendered":"LED pro\u017eektors VISIO 30W IP54 4500 lm 4000 K melns ar kust\u012bbas sensoru EMOS"},"content":{"rendered":"<p><\/p>\n<p data-start=\"11205\" data-end=\"11500\">LED pro\u017eektors VISIO ar kust\u012bbas sensoru ir piem\u0113rots viet\u0101m, kur nepiecie\u0161ams sp\u0113c\u012bgs autom\u0101tisks apgaismojums pie \u0113k\u0101m, piebrauktuv\u0113s un darba zon\u0101s. Tas nodro\u0161ina 4500lm gaismas pl\u016bsmu, 4000K neitr\u0101li baltu gaismu un ir paredz\u0113ts virsapmetuma mont\u0101\u017eai.<\/p>\n<p data-start=\"11502\" data-end=\"11746\">Modelim ir melns alum\u012bnija korpuss, stikla difuzors, IP54 aizsardz\u012bba un 10m PIR sensora darb\u012bbas att\u0101lums. 110\u00b0 stara le\u0146\u0137is un flicker free darb\u012bba padara to par praktisku izv\u0113li ikdienas apgaismojumam.<\/p>\n<h2 data-section-id=\"7cpzmo\" data-start=\"11748\" data-end=\"11768\">Galven\u0101s \u012bpa\u0161\u012bbas<\/h2>\n<ul data-start=\"11769\" data-end=\"12076\">\n<li data-section-id=\"18fej7o\" data-start=\"11769\" data-end=\"11800\">Produkta tips: LED pro\u017eektors<\/li>\n<li data-section-id=\"71p7ig\" data-start=\"11801\" data-end=\"11816\">S\u0113rija: VISIO<\/li>\n<li data-section-id=\"7dzyfj\" data-start=\"11817\" data-end=\"11835\">Kust\u012bbas sensors<\/li>\n<li data-section-id=\"tzisfx\" data-start=\"11836\" data-end=\"11848\">Jauda: 30W<\/li>\n<li data-section-id=\"cxbd3t\" data-start=\"11849\" data-end=\"11873\">Gaismas pl\u016bsma: 4500lm<\/li>\n<li data-section-id=\"17ou1nl\" data-start=\"11874\" data-end=\"11905\">Gaismas kr\u0101sa: neitr\u0101li balta<\/li>\n<li data-section-id=\"1wlqpg5\" data-start=\"11906\" data-end=\"11932\">Kr\u0101su temperat\u016bra: 4000K<\/li>\n<li data-section-id=\"1rghcjp\" data-start=\"11933\" data-end=\"11960\">PIR sensora att\u0101lums: 10m<\/li>\n<li data-section-id=\"wa1vam\" data-start=\"11961\" data-end=\"11980\">Aizsardz\u012bba: IP54<\/li>\n<li data-section-id=\"iud8lh\" data-start=\"11981\" data-end=\"12001\">Stara le\u0146\u0137is: 110\u00b0<\/li>\n<li data-section-id=\"g8hysg\" data-start=\"12002\" data-end=\"12016\">Flicker free<\/li>\n<li data-section-id=\"1x7bnyy\" data-start=\"12017\" data-end=\"12076\">Garantija: 3 gadi<\/li>\n<\/ul>\n<p><\/p>","protected":false},"excerpt":{"rendered":"<p>LED pro\u017eektors VISIO ar kust\u012bbas sensoru ir piem\u0113rots viet\u0101m, kur nepiecie\u0161ams sp\u0113c\u012bgs autom\u0101tisks apgaismojums pie \u0113k\u0101m, piebrauktuv\u0113s un darba zon\u0101s. Tas nodro\u0161ina 4500lm gaismas pl\u016bsmu, 4000K neitr\u0101li baltu gaismu un ir paredz\u0113ts virsapmetuma mont\u0101\u017eai. Modelim ir melns alum\u012bnija korpuss, stikla difuzors, IP54 aizsardz\u012bba un 10m PIR sensora darb\u012bbas att\u0101lums. 110\u00b0 stara le\u0146\u0137is un flicker free [&hellip;]<\/p>\n","protected":false},"featured_media":111188,"comment_status":"closed","ping_status":"closed","template":"","meta":{"inline_featured_image":false},"product_cat":[908],"product_tag":[],"yst_prominent_words":[],"class_list":{"0":"post-109683","1":"product","2":"type-product","3":"status-publish","4":"has-post-thumbnail","6":"product_cat-led-prozektori","8":"first","9":"instock","10":"taxable","11":"shipping-taxable","12":"purchasable","13":"product-type-simple"},"jetpack_sharing_enabled":true,"_links":{"self":[{"href":"https:\/\/ddt.lv\/lv\/wp-json\/wp\/v2\/product\/109683"}],"collection":[{"href":"https:\/\/ddt.lv\/lv\/wp-json\/wp\/v2\/product"}],"about":[{"href":"https:\/\/ddt.lv\/lv\/wp-json\/wp\/v2\/types\/product"}],"replies":[{"embeddable":true,"href":"https:\/\/ddt.lv\/lv\/wp-json\/wp\/v2\/comments?post=109683"}],"wp:featuredmedia":[{"embeddable":true,"href":"https:\/\/ddt.lv\/lv\/wp-json\/wp\/v2\/media\/111188"}],"wp:attachment":[{"href":"https:\/\/ddt.lv\/lv\/wp-json\/wp\/v2\/media?parent=109683"}],"wp:term":[{"taxonomy":"product_cat","embeddable":true,"href":"https:\/\/ddt.lv\/lv\/wp-json\/wp\/v2\/product_cat?post=109683"},{"taxonomy":"product_tag","embeddable":true,"href":"https:\/\/ddt.lv\/lv\/wp-json\/wp\/v2\/product_tag?post=109683"},{"taxonomy":"yst_prominent_words","embeddable":true,"href":"https:\/\/ddt.lv\/lv\/wp-json\/wp\/v2\/yst_prominent_words?post=109683"}],"curies":[{"name":"wp","href":"https:\/\/api.w.org\/{rel}","templated":true}]}}