{"id":109682,"date":"2026-04-02T00:45:35","date_gmt":"2026-04-01T21:45:35","guid":{"rendered":"https:\/\/ddt.lv\/lv\/product\/led-prozektors-visio-20w-ip54-3000-lm-4000k-melns-ar-kustibas-sensoru-emos\/"},"modified":"2026-04-22T08:51:08","modified_gmt":"2026-04-22T05:51:08","slug":"led-prozektors-visio-20w-ip54-3000-lm-4000k-melns-ar-kustibas-sensoru-emos","status":"publish","type":"product","link":"https:\/\/ddt.lv\/lv\/product\/led-prozektors-visio-20w-ip54-3000-lm-4000k-melns-ar-kustibas-sensoru-emos\/","title":{"rendered":"LED pro\u017eektors VISIO 20W IP54 3000 lm 4000K melns ar kust\u012bbas sensoru EMOS"},"content":{"rendered":"<p><\/p>\n<p data-start=\"5674\" data-end=\"5965\">LED pro\u017eektors VISIO ar kust\u012bbas sensoru ir piem\u0113rots viet\u0101m, kur vajadz\u012bgs jaud\u012bg\u0101ks autom\u0101tisks apgaismojums pie ieej\u0101m, pagalmos un darba zon\u0101s. Tas nodro\u0161ina 3000lm gaismas pl\u016bsmu, 4000K neitr\u0101li baltu gaismu un ir paredz\u0113ts virsapmetuma mont\u0101\u017eai.<\/p>\n<p data-start=\"5967\" data-end=\"6233\">Melnais alum\u012bnija korpuss, IP54 aizsardz\u012bba un 10m PIR sensora darb\u012bbas att\u0101lums padara \u0161o modeli piem\u0113rotu ikdienas lieto\u0161anai \u0101r\u0101 un iek\u0161telp\u0101s. Stikla difuzors un 110\u00b0 stara le\u0146\u0137is pal\u012bdz nodro\u0161in\u0101t vienm\u0113r\u012bgu apgaismojumu.<\/p>\n<h2 data-section-id=\"7cpzmo\" data-start=\"6235\" data-end=\"6255\">Galven\u0101s \u012bpa\u0161\u012bbas<\/h2>\n<ul data-start=\"6256\" data-end=\"6563\">\n<li data-section-id=\"18fej7o\" data-start=\"6256\" data-end=\"6287\">Produkta tips: LED pro\u017eektors<\/li>\n<li data-section-id=\"71p7ig\" data-start=\"6288\" data-end=\"6303\">S\u0113rija: VISIO<\/li>\n<li data-section-id=\"7dzyfj\" data-start=\"6304\" data-end=\"6322\">Kust\u012bbas sensors<\/li>\n<li data-section-id=\"tzirng\" data-start=\"6323\" data-end=\"6335\">Jauda: 20W<\/li>\n<li data-section-id=\"casyuz\" data-start=\"6336\" data-end=\"6360\">Gaismas pl\u016bsma: 3000lm<\/li>\n<li data-section-id=\"17ou1nl\" data-start=\"6361\" data-end=\"6392\">Gaismas kr\u0101sa: neitr\u0101li balta<\/li>\n<li data-section-id=\"1wlqpg5\" data-start=\"6393\" data-end=\"6419\">Kr\u0101su temperat\u016bra: 4000K<\/li>\n<li data-section-id=\"1rghcjp\" data-start=\"6420\" data-end=\"6447\">PIR sensora att\u0101lums: 10m<\/li>\n<li data-section-id=\"wa1vam\" data-start=\"6448\" data-end=\"6467\">Aizsardz\u012bba: IP54<\/li>\n<li data-section-id=\"iud8lh\" data-start=\"6468\" data-end=\"6488\">Stara le\u0146\u0137is: 110\u00b0<\/li>\n<li data-section-id=\"g8hysg\" data-start=\"6489\" data-end=\"6503\">Flicker free<\/li>\n<li data-section-id=\"qklyl6\" data-start=\"6504\" data-end=\"6563\">Garantija: 3 gadi<\/li>\n<\/ul>\n<p><\/p>","protected":false},"excerpt":{"rendered":"<p>LED pro\u017eektors VISIO ar kust\u012bbas sensoru ir piem\u0113rots viet\u0101m, kur vajadz\u012bgs jaud\u012bg\u0101ks autom\u0101tisks apgaismojums pie ieej\u0101m, pagalmos un darba zon\u0101s. Tas nodro\u0161ina 3000lm gaismas pl\u016bsmu, 4000K neitr\u0101li baltu gaismu un ir paredz\u0113ts virsapmetuma mont\u0101\u017eai. Melnais alum\u012bnija korpuss, IP54 aizsardz\u012bba un 10m PIR sensora darb\u012bbas att\u0101lums padara \u0161o modeli piem\u0113rotu ikdienas lieto\u0161anai \u0101r\u0101 un iek\u0161telp\u0101s. Stikla [&hellip;]<\/p>\n","protected":false},"featured_media":111115,"comment_status":"closed","ping_status":"closed","template":"","meta":{"inline_featured_image":false},"product_cat":[908],"product_tag":[],"yst_prominent_words":[],"class_list":{"0":"post-109682","1":"product","2":"type-product","3":"status-publish","4":"has-post-thumbnail","6":"product_cat-led-prozektori","8":"first","9":"instock","10":"taxable","11":"shipping-taxable","12":"purchasable","13":"product-type-simple"},"jetpack_sharing_enabled":true,"_links":{"self":[{"href":"https:\/\/ddt.lv\/lv\/wp-json\/wp\/v2\/product\/109682"}],"collection":[{"href":"https:\/\/ddt.lv\/lv\/wp-json\/wp\/v2\/product"}],"about":[{"href":"https:\/\/ddt.lv\/lv\/wp-json\/wp\/v2\/types\/product"}],"replies":[{"embeddable":true,"href":"https:\/\/ddt.lv\/lv\/wp-json\/wp\/v2\/comments?post=109682"}],"wp:featuredmedia":[{"embeddable":true,"href":"https:\/\/ddt.lv\/lv\/wp-json\/wp\/v2\/media\/111115"}],"wp:attachment":[{"href":"https:\/\/ddt.lv\/lv\/wp-json\/wp\/v2\/media?parent=109682"}],"wp:term":[{"taxonomy":"product_cat","embeddable":true,"href":"https:\/\/ddt.lv\/lv\/wp-json\/wp\/v2\/product_cat?post=109682"},{"taxonomy":"product_tag","embeddable":true,"href":"https:\/\/ddt.lv\/lv\/wp-json\/wp\/v2\/product_tag?post=109682"},{"taxonomy":"yst_prominent_words","embeddable":true,"href":"https:\/\/ddt.lv\/lv\/wp-json\/wp\/v2\/yst_prominent_words?post=109682"}],"curies":[{"name":"wp","href":"https:\/\/api.w.org\/{rel}","templated":true}]}}