{"id":109681,"date":"2026-04-02T00:45:35","date_gmt":"2026-04-01T21:45:35","guid":{"rendered":"https:\/\/ddt.lv\/lv\/product\/led-prozektors-visio-10-w-1500-lm-4000-k-melns-ar-kustibas-sensoru-emos\/"},"modified":"2026-04-22T08:51:38","modified_gmt":"2026-04-22T05:51:38","slug":"led-prozektors-visio-10-w-1500-lm-4000-k-melns-ar-kustibas-sensoru-emos","status":"publish","type":"product","link":"https:\/\/ddt.lv\/lv\/product\/led-prozektors-visio-10-w-1500-lm-4000-k-melns-ar-kustibas-sensoru-emos\/","title":{"rendered":"LED pro\u017eektors VISIO 10 W 1500 lm 4000 K melns ar kust\u012bbas sensoru EMOS"},"content":{"rendered":"<p><\/p>\n<p data-start=\"138\" data-end=\"442\">LED pro\u017eektors VISIO ar kust\u012bbas sensoru ir piem\u0113rots ieej\u0101m, piebraucamajiem ce\u013ciem, pagalmiem un darba zon\u0101m, kur vajadz\u012bgs autom\u0101tiski iesl\u0113dzo\u0161s apgaismojums. Tas nodro\u0161ina 1500lm gaismas pl\u016bsmu, 4000K neitr\u0101li baltu gaismu un ir paredz\u0113ts virsapmetuma mont\u0101\u017eai.<\/p>\n<p data-start=\"444\" data-end=\"720\">Melnais alum\u012bnija korpuss, IP54 aizsardz\u012bba un stikla difuzors padara \u0161o modeli piem\u0113rotu ikdienas lieto\u0161anai gan \u0101r\u0101, gan iek\u0161telp\u0101s. Kust\u012bbas sensors ar 10m darb\u012bbas att\u0101lumu pal\u012bdz iesl\u0113gt gaismu tikai tad, kad tas tie\u0161\u0101m nepiecie\u0161ams.<\/p>\n<h2 data-section-id=\"7cpzmo\" data-start=\"722\" data-end=\"742\">Galven\u0101s \u012bpa\u0161\u012bbas<\/h2>\n<ul data-start=\"743\" data-end=\"1048\">\n<li data-section-id=\"18fej7o\" data-start=\"743\" data-end=\"774\">Produkta tips: LED pro\u017eektors<\/li>\n<li data-section-id=\"71p7ig\" data-start=\"775\" data-end=\"790\">S\u0113rija: VISIO<\/li>\n<li data-section-id=\"7dzyfj\" data-start=\"791\" data-end=\"809\">Kust\u012bbas sensors<\/li>\n<li data-section-id=\"tziqrj\" data-start=\"810\" data-end=\"822\">Jauda: 10W<\/li>\n<li data-section-id=\"b53osc\" data-start=\"823\" data-end=\"847\">Gaismas pl\u016bsma: 1500lm<\/li>\n<li data-section-id=\"17ou1nl\" data-start=\"848\" data-end=\"879\">Gaismas kr\u0101sa: neitr\u0101li balta<\/li>\n<li data-section-id=\"1wlqpg5\" data-start=\"880\" data-end=\"906\">Kr\u0101su temperat\u016bra: 4000K<\/li>\n<li data-section-id=\"1rghcjp\" data-start=\"907\" data-end=\"934\">PIR sensora att\u0101lums: 10m<\/li>\n<li data-section-id=\"wa1vam\" data-start=\"935\" data-end=\"954\">Aizsardz\u012bba: IP54<\/li>\n<li data-section-id=\"iud8lh\" data-start=\"955\" data-end=\"975\">Stara le\u0146\u0137is: 110\u00b0<\/li>\n<li data-section-id=\"g8hysg\" data-start=\"976\" data-end=\"990\">Flicker free<\/li>\n<li data-section-id=\"1fkkupm\" data-start=\"991\" data-end=\"1048\">Garantija: 3 gadi<\/li>\n<\/ul>\n<p><\/p>","protected":false},"excerpt":{"rendered":"<p>LED pro\u017eektors VISIO ar kust\u012bbas sensoru ir piem\u0113rots ieej\u0101m, piebraucamajiem ce\u013ciem, pagalmiem un darba zon\u0101m, kur vajadz\u012bgs autom\u0101tiski iesl\u0113dzo\u0161s apgaismojums. Tas nodro\u0161ina 1500lm gaismas pl\u016bsmu, 4000K neitr\u0101li baltu gaismu un ir paredz\u0113ts virsapmetuma mont\u0101\u017eai. Melnais alum\u012bnija korpuss, IP54 aizsardz\u012bba un stikla difuzors padara \u0161o modeli piem\u0113rotu ikdienas lieto\u0161anai gan \u0101r\u0101, gan iek\u0161telp\u0101s. Kust\u012bbas sensors ar [&hellip;]<\/p>\n","protected":false},"featured_media":111070,"comment_status":"closed","ping_status":"closed","template":"","meta":{"inline_featured_image":false},"product_cat":[908],"product_tag":[],"yst_prominent_words":[],"class_list":{"0":"post-109681","1":"product","2":"type-product","3":"status-publish","4":"has-post-thumbnail","6":"product_cat-led-prozektori","8":"first","9":"instock","10":"taxable","11":"shipping-taxable","12":"purchasable","13":"product-type-simple"},"jetpack_sharing_enabled":true,"_links":{"self":[{"href":"https:\/\/ddt.lv\/lv\/wp-json\/wp\/v2\/product\/109681"}],"collection":[{"href":"https:\/\/ddt.lv\/lv\/wp-json\/wp\/v2\/product"}],"about":[{"href":"https:\/\/ddt.lv\/lv\/wp-json\/wp\/v2\/types\/product"}],"replies":[{"embeddable":true,"href":"https:\/\/ddt.lv\/lv\/wp-json\/wp\/v2\/comments?post=109681"}],"wp:featuredmedia":[{"embeddable":true,"href":"https:\/\/ddt.lv\/lv\/wp-json\/wp\/v2\/media\/111070"}],"wp:attachment":[{"href":"https:\/\/ddt.lv\/lv\/wp-json\/wp\/v2\/media?parent=109681"}],"wp:term":[{"taxonomy":"product_cat","embeddable":true,"href":"https:\/\/ddt.lv\/lv\/wp-json\/wp\/v2\/product_cat?post=109681"},{"taxonomy":"product_tag","embeddable":true,"href":"https:\/\/ddt.lv\/lv\/wp-json\/wp\/v2\/product_tag?post=109681"},{"taxonomy":"yst_prominent_words","embeddable":true,"href":"https:\/\/ddt.lv\/lv\/wp-json\/wp\/v2\/yst_prominent_words?post=109681"}],"curies":[{"name":"wp","href":"https:\/\/api.w.org\/{rel}","templated":true}]}}