{"id":109679,"date":"2026-04-02T00:40:38","date_gmt":"2026-04-01T21:40:38","guid":{"rendered":"https:\/\/ddt.lv\/lv\/product\/led-saules-prozektors-sunno-1300-lm-4000-k-melns-ar-pir-sensoru-emos\/"},"modified":"2026-04-22T08:45:59","modified_gmt":"2026-04-22T05:45:59","slug":"led-saules-prozektors-sunno-1300-lm-4000-k-melns-ar-pir-sensoru-emos","status":"publish","type":"product","link":"https:\/\/ddt.lv\/lv\/product\/led-saules-prozektors-sunno-1300-lm-4000-k-melns-ar-pir-sensoru-emos\/","title":{"rendered":"LED saules pro\u017eektors SUNNO 1300 lm 4000 K melns ar PIR sensoru EMOS"},"content":{"rendered":"<p><\/p>\n<p data-start=\"5132\" data-end=\"5391\">Saules LED pro\u017eektors SUNNO ir paredz\u0113ts \u0101ra apgaismojumam ar saules paneli un kust\u012bbas sensoru. Melns SUNNO modelis ar neitr\u0101li baltu gaismu, IP54 aizsardz\u012bbu un 3 gadu garantiju.<\/p>\n<h2 data-section-id=\"7cpzmo\" data-start=\"5393\" data-end=\"5413\">Galven\u0101s \u012bpa\u0161\u012bbas<\/h2>\n<ul data-start=\"5414\" data-end=\"5561\">\n<li data-section-id=\"yw816h\" data-start=\"5414\" data-end=\"5452\">Produkta tips: saules LED pro\u017eektors<\/li>\n<li data-section-id=\"1b7h6q6\" data-start=\"5453\" data-end=\"5469\">Modelis: SUNNO<\/li>\n<li data-section-id=\"7dzyfj\" data-start=\"5470\" data-end=\"5488\">Kust\u012bbas sensors<\/li>\n<li data-section-id=\"17ou1nl\" data-start=\"5489\" data-end=\"5520\">Gaismas kr\u0101sa: neitr\u0101li balta<\/li>\n<li data-section-id=\"1c3obar\" data-start=\"5521\" data-end=\"5535\">Kr\u0101sa: melna<\/li>\n<li data-section-id=\"1j3w73k\" data-start=\"5536\" data-end=\"5542\">IP54<\/li>\n<li data-section-id=\"1v5krhd\" data-start=\"5543\" data-end=\"5561\">3 gadu garantija<\/li>\n<\/ul>\n<p><\/p>","protected":false},"excerpt":{"rendered":"<p>Saules LED pro\u017eektors SUNNO ir paredz\u0113ts \u0101ra apgaismojumam ar saules paneli un kust\u012bbas sensoru. Melns SUNNO modelis ar neitr\u0101li baltu gaismu, IP54 aizsardz\u012bbu un 3 gadu garantiju. Galven\u0101s \u012bpa\u0161\u012bbas Produkta tips: saules LED pro\u017eektors Modelis: SUNNO Kust\u012bbas sensors Gaismas kr\u0101sa: neitr\u0101li balta Kr\u0101sa: melna IP54 3 gadu garantija<\/p>\n","protected":false},"featured_media":110946,"comment_status":"closed","ping_status":"closed","template":"","meta":{"inline_featured_image":false},"product_cat":[908],"product_tag":[],"yst_prominent_words":[],"class_list":{"0":"post-109679","1":"product","2":"type-product","3":"status-publish","4":"has-post-thumbnail","6":"product_cat-led-prozektori","8":"first","9":"instock","10":"taxable","11":"shipping-taxable","12":"purchasable","13":"product-type-simple"},"jetpack_sharing_enabled":true,"_links":{"self":[{"href":"https:\/\/ddt.lv\/lv\/wp-json\/wp\/v2\/product\/109679"}],"collection":[{"href":"https:\/\/ddt.lv\/lv\/wp-json\/wp\/v2\/product"}],"about":[{"href":"https:\/\/ddt.lv\/lv\/wp-json\/wp\/v2\/types\/product"}],"replies":[{"embeddable":true,"href":"https:\/\/ddt.lv\/lv\/wp-json\/wp\/v2\/comments?post=109679"}],"wp:featuredmedia":[{"embeddable":true,"href":"https:\/\/ddt.lv\/lv\/wp-json\/wp\/v2\/media\/110946"}],"wp:attachment":[{"href":"https:\/\/ddt.lv\/lv\/wp-json\/wp\/v2\/media?parent=109679"}],"wp:term":[{"taxonomy":"product_cat","embeddable":true,"href":"https:\/\/ddt.lv\/lv\/wp-json\/wp\/v2\/product_cat?post=109679"},{"taxonomy":"product_tag","embeddable":true,"href":"https:\/\/ddt.lv\/lv\/wp-json\/wp\/v2\/product_tag?post=109679"},{"taxonomy":"yst_prominent_words","embeddable":true,"href":"https:\/\/ddt.lv\/lv\/wp-json\/wp\/v2\/yst_prominent_words?post=109679"}],"curies":[{"name":"wp","href":"https:\/\/api.w.org\/{rel}","templated":true}]}}