{"id":109678,"date":"2026-04-02T00:40:37","date_gmt":"2026-04-01T21:40:37","guid":{"rendered":"https:\/\/ddt.lv\/lv\/product\/led-saules-prozektors-solo-1000-lm-4000-k-melns-ar-pir-sensoru-emos\/"},"modified":"2026-04-22T08:45:59","modified_gmt":"2026-04-22T05:45:59","slug":"led-saules-prozektors-solo-1000-lm-4000-k-melns-ar-pir-sensoru-emos","status":"publish","type":"product","link":"https:\/\/ddt.lv\/lv\/product\/led-saules-prozektors-solo-1000-lm-4000-k-melns-ar-pir-sensoru-emos\/","title":{"rendered":"LED saules pro\u017eektors SOLO 1000 lm 4000 K melns ar PIR sensoru EMOS"},"content":{"rendered":"<p><\/p>\n<p data-start=\"2833\" data-end=\"3084\">Saules LED pro\u017eektors SOLO ir paredz\u0113ts \u0101ra apgaismojumam viet\u0101s, kur nav v\u0113lams vilkt elektr\u012bbas piesl\u0113gumu. Ofici\u0101laj\u0101s EMOS lap\u0101s tas nor\u0101d\u012bts k\u0101 melns SOLO modelis ar kust\u012bbas sensoru un neitr\u0101li baltu gaismu.<\/p>\n<h2 data-section-id=\"7cpzmo\" data-start=\"3086\" data-end=\"3106\">Galven\u0101s \u012bpa\u0161\u012bbas<\/h2>\n<ul data-start=\"3107\" data-end=\"3254\">\n<li data-section-id=\"yw816h\" data-start=\"3107\" data-end=\"3145\">Produkta tips: saules LED pro\u017eektors<\/li>\n<li data-section-id=\"inf3g8\" data-start=\"3146\" data-end=\"3161\">Modelis: SOLO<\/li>\n<li data-section-id=\"7dzyfj\" data-start=\"3162\" data-end=\"3180\">Kust\u012bbas sensors<\/li>\n<li data-section-id=\"17ou1nl\" data-start=\"3181\" data-end=\"3212\">Gaismas kr\u0101sa: neitr\u0101li balta<\/li>\n<li data-section-id=\"1c3obar\" data-start=\"3213\" data-end=\"3227\">Kr\u0101sa: melna<\/li>\n<li data-section-id=\"1eyw4uj\" data-start=\"3228\" data-end=\"3254\">Paredz\u0113ts \u0101ra lieto\u0161anai<\/li>\n<\/ul>\n<p><\/p>","protected":false},"excerpt":{"rendered":"<p>Saules LED pro\u017eektors SOLO ir paredz\u0113ts \u0101ra apgaismojumam viet\u0101s, kur nav v\u0113lams vilkt elektr\u012bbas piesl\u0113gumu. Ofici\u0101laj\u0101s EMOS lap\u0101s tas nor\u0101d\u012bts k\u0101 melns SOLO modelis ar kust\u012bbas sensoru un neitr\u0101li baltu gaismu. Galven\u0101s \u012bpa\u0161\u012bbas Produkta tips: saules LED pro\u017eektors Modelis: SOLO Kust\u012bbas sensors Gaismas kr\u0101sa: neitr\u0101li balta Kr\u0101sa: melna Paredz\u0113ts \u0101ra lieto\u0161anai<\/p>\n","protected":false},"featured_media":110696,"comment_status":"closed","ping_status":"closed","template":"","meta":{"inline_featured_image":false},"product_cat":[908],"product_tag":[],"yst_prominent_words":[],"class_list":{"0":"post-109678","1":"product","2":"type-product","3":"status-publish","4":"has-post-thumbnail","6":"product_cat-led-prozektori","8":"first","9":"instock","10":"taxable","11":"shipping-taxable","12":"purchasable","13":"product-type-simple"},"jetpack_sharing_enabled":true,"_links":{"self":[{"href":"https:\/\/ddt.lv\/lv\/wp-json\/wp\/v2\/product\/109678"}],"collection":[{"href":"https:\/\/ddt.lv\/lv\/wp-json\/wp\/v2\/product"}],"about":[{"href":"https:\/\/ddt.lv\/lv\/wp-json\/wp\/v2\/types\/product"}],"replies":[{"embeddable":true,"href":"https:\/\/ddt.lv\/lv\/wp-json\/wp\/v2\/comments?post=109678"}],"wp:featuredmedia":[{"embeddable":true,"href":"https:\/\/ddt.lv\/lv\/wp-json\/wp\/v2\/media\/110696"}],"wp:attachment":[{"href":"https:\/\/ddt.lv\/lv\/wp-json\/wp\/v2\/media?parent=109678"}],"wp:term":[{"taxonomy":"product_cat","embeddable":true,"href":"https:\/\/ddt.lv\/lv\/wp-json\/wp\/v2\/product_cat?post=109678"},{"taxonomy":"product_tag","embeddable":true,"href":"https:\/\/ddt.lv\/lv\/wp-json\/wp\/v2\/product_tag?post=109678"},{"taxonomy":"yst_prominent_words","embeddable":true,"href":"https:\/\/ddt.lv\/lv\/wp-json\/wp\/v2\/yst_prominent_words?post=109678"}],"curies":[{"name":"wp","href":"https:\/\/api.w.org\/{rel}","templated":true}]}}