{"id":109677,"date":"2026-04-02T00:40:37","date_gmt":"2026-04-01T21:40:37","guid":{"rendered":"https:\/\/ddt.lv\/lv\/product\/galda-lampa-molly-led-12-w-650-lm-balta-emos\/"},"modified":"2026-04-27T08:45:24","modified_gmt":"2026-04-27T05:45:24","slug":"galda-lampa-molly-led-12-w-650-lm-balta-emos","status":"publish","type":"product","link":"https:\/\/ddt.lv\/lv\/product\/galda-lampa-molly-led-12-w-650-lm-balta-emos\/","title":{"rendered":"Galda lampa MOLLY LED 12 W 650 lm balta EMOS"},"content":{"rendered":"<p><\/p>\n<p data-start=\"313\" data-end=\"577\">LED galda lampa MOLLY ir piem\u0113rota darbam, m\u0101c\u012bb\u0101m un ikdienas lieto\u0161anai viet\u0101s, kur vajadz\u012bgs regul\u0113jams galda apgaismojums. Ofici\u0101laj\u0101 EMOS lap\u0101 nor\u0101d\u012bts gaismas pl\u016bsmas l\u012bmenis l\u012bdz 650lm, balta kr\u0101sa un plynul\u0101 dimm\u0113\u0161ana.<\/p>\n<h2 data-section-id=\"7cpzmo\" data-start=\"579\" data-end=\"599\">Galven\u0101s \u012bpa\u0161\u012bbas<\/h2>\n<ul data-start=\"600\" data-end=\"763\">\n<li data-section-id=\"fpjffh\" data-start=\"600\" data-end=\"632\">Produkta tips: LED galda lampa<\/li>\n<li data-section-id=\"1axvza4\" data-start=\"633\" data-end=\"649\">Modelis: MOLLY<\/li>\n<li data-section-id=\"136asa3\" data-start=\"650\" data-end=\"673\">Gaismas pl\u016bsma: 650lm<\/li>\n<li data-section-id=\"1cbcoma\" data-start=\"674\" data-end=\"688\">Kr\u0101sa: balta<\/li>\n<li data-section-id=\"13ok6kg\" data-start=\"689\" data-end=\"704\">Dimm\u0113jama: j\u0101<\/li>\n<li data-section-id=\"rckwyj\" data-start=\"705\" data-end=\"763\">Gaismas kr\u0101sa: silti balta, neitr\u0101li balta, auksti balta<\/li>\n<\/ul>\n<p><\/p>","protected":false},"excerpt":{"rendered":"<p>LED galda lampa MOLLY ir piem\u0113rota darbam, m\u0101c\u012bb\u0101m un ikdienas lieto\u0161anai viet\u0101s, kur vajadz\u012bgs regul\u0113jams galda apgaismojums. Ofici\u0101laj\u0101 EMOS lap\u0101 nor\u0101d\u012bts gaismas pl\u016bsmas l\u012bmenis l\u012bdz 650lm, balta kr\u0101sa un plynul\u0101 dimm\u0113\u0161ana. Galven\u0101s \u012bpa\u0161\u012bbas Produkta tips: LED galda lampa Modelis: MOLLY Gaismas pl\u016bsma: 650lm Kr\u0101sa: balta Dimm\u0113jama: j\u0101 Gaismas kr\u0101sa: silti balta, neitr\u0101li balta, auksti balta<\/p>\n","protected":false},"featured_media":110689,"comment_status":"closed","ping_status":"closed","template":"","meta":{"inline_featured_image":false},"product_cat":[1292],"product_tag":[],"yst_prominent_words":[],"class_list":{"0":"post-109677","1":"product","2":"type-product","3":"status-publish","4":"has-post-thumbnail","6":"product_cat-galda-lampas-un-stavlampas-apgaismojums","8":"first","9":"instock","10":"taxable","11":"shipping-taxable","12":"purchasable","13":"product-type-simple"},"jetpack_sharing_enabled":true,"_links":{"self":[{"href":"https:\/\/ddt.lv\/lv\/wp-json\/wp\/v2\/product\/109677"}],"collection":[{"href":"https:\/\/ddt.lv\/lv\/wp-json\/wp\/v2\/product"}],"about":[{"href":"https:\/\/ddt.lv\/lv\/wp-json\/wp\/v2\/types\/product"}],"replies":[{"embeddable":true,"href":"https:\/\/ddt.lv\/lv\/wp-json\/wp\/v2\/comments?post=109677"}],"wp:featuredmedia":[{"embeddable":true,"href":"https:\/\/ddt.lv\/lv\/wp-json\/wp\/v2\/media\/110689"}],"wp:attachment":[{"href":"https:\/\/ddt.lv\/lv\/wp-json\/wp\/v2\/media?parent=109677"}],"wp:term":[{"taxonomy":"product_cat","embeddable":true,"href":"https:\/\/ddt.lv\/lv\/wp-json\/wp\/v2\/product_cat?post=109677"},{"taxonomy":"product_tag","embeddable":true,"href":"https:\/\/ddt.lv\/lv\/wp-json\/wp\/v2\/product_tag?post=109677"},{"taxonomy":"yst_prominent_words","embeddable":true,"href":"https:\/\/ddt.lv\/lv\/wp-json\/wp\/v2\/yst_prominent_words?post=109677"}],"curies":[{"name":"wp","href":"https:\/\/api.w.org\/{rel}","templated":true}]}}