{"id":109676,"date":"2026-04-02T00:40:36","date_gmt":"2026-04-01T21:40:36","guid":{"rendered":"https:\/\/ddt.lv\/lv\/product\/led-spuldze-profi-plus-t8-g13-15-w-2550-lm-neitrali-balta-120-cm-emos\/"},"modified":"2026-04-22T08:50:30","modified_gmt":"2026-04-22T05:50:30","slug":"led-spuldze-profi-plus-t8-g13-15-w-2550-lm-neitrali-balta-120-cm-emos","status":"publish","type":"product","link":"https:\/\/ddt.lv\/lv\/product\/led-spuldze-profi-plus-t8-g13-15-w-2550-lm-neitrali-balta-120-cm-emos\/","title":{"rendered":"LED spuldze PROFI PLUS T8 G13 15 W 2550 lm neitr\u0101li balta 120 cm EMOS"},"content":{"rendered":"<p><\/p>\n<p data-start=\"143\" data-end=\"403\">LED gaismas avots T8 form\u0101 ir piem\u0113rots viet\u0101m, kur nepiecie\u0161ams spilgts un vienm\u0113r\u012bgs neitr\u0101li balts apgaismojums. Ofici\u0101laj\u0101 EMOS katalog\u0101 \u0161im modelim nor\u0101d\u012bta 15W jauda, 2550lm gaismas pl\u016bsma un 4000K kr\u0101su temperat\u016bra.<\/p>\n<p data-start=\"405\" data-end=\"641\">Tas ir praktisks risin\u0101jums ikdienas apgaismojumam, kur svar\u012bga ir laba gaismas atdeve un standarta T8 forma. Kataloga datos nor\u0101d\u012bta ar\u012b energoefektivit\u0101tes klase C un gaismas efektivit\u0101te 170lm\/W.<\/p>\n<h2 data-section-id=\"7cpzmo\" data-start=\"643\" data-end=\"663\">Galven\u0101s \u012bpa\u0161\u012bbas<\/h2>\n<ul data-start=\"664\" data-end=\"929\">\n<li data-section-id=\"1d3qbuq\" data-start=\"664\" data-end=\"692\">Produkta tips: LED spuldze<\/li>\n<li data-section-id=\"x556tl\" data-start=\"693\" data-end=\"704\">Forma: T8<\/li>\n<li data-section-id=\"tziqsa\" data-start=\"705\" data-end=\"717\">Jauda: 15W<\/li>\n<li data-section-id=\"bsca4a\" data-start=\"718\" data-end=\"742\">Gaismas pl\u016bsma: 2550lm<\/li>\n<li data-section-id=\"17ou1nl\" data-start=\"743\" data-end=\"774\">Gaismas kr\u0101sa: neitr\u0101li balta<\/li>\n<li data-section-id=\"1wlqpg5\" data-start=\"775\" data-end=\"801\">Kr\u0101su temperat\u016bra: 4000K<\/li>\n<li data-section-id=\"1x2zdrp\" data-start=\"802\" data-end=\"833\">Gaismas efektivit\u0101te: 170lm\/W<\/li>\n<li data-section-id=\"14ii14d\" data-start=\"834\" data-end=\"864\">Energoefektivit\u0101tes klase: C<\/li>\n<li data-section-id=\"9vcu4i\" data-start=\"865\" data-end=\"929\">Izm\u0113rs: 1213 \u00d7 27 \u00d7 27mm<\/li>\n<\/ul>\n<p><\/p>","protected":false},"excerpt":{"rendered":"<p>LED gaismas avots T8 form\u0101 ir piem\u0113rots viet\u0101m, kur nepiecie\u0161ams spilgts un vienm\u0113r\u012bgs neitr\u0101li balts apgaismojums. Ofici\u0101laj\u0101 EMOS katalog\u0101 \u0161im modelim nor\u0101d\u012bta 15W jauda, 2550lm gaismas pl\u016bsma un 4000K kr\u0101su temperat\u016bra. Tas ir praktisks risin\u0101jums ikdienas apgaismojumam, kur svar\u012bga ir laba gaismas atdeve un standarta T8 forma. Kataloga datos nor\u0101d\u012bta ar\u012b energoefektivit\u0101tes klase C un [&hellip;]<\/p>\n","protected":false},"featured_media":110681,"comment_status":"closed","ping_status":"closed","template":"","meta":{"inline_featured_image":false},"product_cat":[1122],"product_tag":[],"yst_prominent_words":[],"class_list":{"0":"post-109676","1":"product","2":"type-product","3":"status-publish","4":"has-post-thumbnail","6":"product_cat-t8-spuldzes","8":"first","9":"instock","10":"taxable","11":"shipping-taxable","12":"purchasable","13":"product-type-simple"},"jetpack_sharing_enabled":true,"_links":{"self":[{"href":"https:\/\/ddt.lv\/lv\/wp-json\/wp\/v2\/product\/109676"}],"collection":[{"href":"https:\/\/ddt.lv\/lv\/wp-json\/wp\/v2\/product"}],"about":[{"href":"https:\/\/ddt.lv\/lv\/wp-json\/wp\/v2\/types\/product"}],"replies":[{"embeddable":true,"href":"https:\/\/ddt.lv\/lv\/wp-json\/wp\/v2\/comments?post=109676"}],"wp:featuredmedia":[{"embeddable":true,"href":"https:\/\/ddt.lv\/lv\/wp-json\/wp\/v2\/media\/110681"}],"wp:attachment":[{"href":"https:\/\/ddt.lv\/lv\/wp-json\/wp\/v2\/media?parent=109676"}],"wp:term":[{"taxonomy":"product_cat","embeddable":true,"href":"https:\/\/ddt.lv\/lv\/wp-json\/wp\/v2\/product_cat?post=109676"},{"taxonomy":"product_tag","embeddable":true,"href":"https:\/\/ddt.lv\/lv\/wp-json\/wp\/v2\/product_tag?post=109676"},{"taxonomy":"yst_prominent_words","embeddable":true,"href":"https:\/\/ddt.lv\/lv\/wp-json\/wp\/v2\/yst_prominent_words?post=109676"}],"curies":[{"name":"wp","href":"https:\/\/api.w.org\/{rel}","templated":true}]}}