{"id":109675,"date":"2026-04-02T00:40:36","date_gmt":"2026-04-01T21:40:36","guid":{"rendered":"https:\/\/ddt.lv\/lv\/product\/ara-kabela-spole-50-m-15-mm-4-schuko-ligzdas-ip44-sala-izturiga-silikona-izolacija-emos\/"},"modified":"2026-04-22T08:51:40","modified_gmt":"2026-04-22T05:51:40","slug":"ara-kabela-spole-50-m-15-mm-4-schuko-ligzdas-ip44-sala-izturiga-silikona-izolacija-emos","status":"publish","type":"product","link":"https:\/\/ddt.lv\/lv\/product\/ara-kabela-spole-50-m-15-mm-4-schuko-ligzdas-ip44-sala-izturiga-silikona-izolacija-emos\/","title":{"rendered":"\u0100ra kabe\u013ca spole 50 m 1,5 mm 4 Schuko ligzdas IP44 sala iztur\u012bga silikona izol\u0101cija EMOS"},"content":{"rendered":"<p><\/p>\n<p data-start=\"109\" data-end=\"391\">Kabe\u013ca spole pagarin\u0101t\u0101js ir uzticams risin\u0101jums darbam sare\u017e\u0123\u012btos apst\u0101k\u013cos, kur nepiecie\u0161ama dro\u0161a elektroapg\u0101de gan telp\u0101s, gan \u0101r\u0101. Tas ir \u012bpa\u0161i piem\u0113rots b\u016bvlaukumiem, darbn\u012bc\u0101m un r\u016bpnieciskai videi, kur svar\u012bga ir iztur\u012bba pret mitrumu, salu, karstumu un intens\u012bvu lieto\u0161anu.<\/p>\n<p data-start=\"393\" data-end=\"641\">Laikapst\u0101k\u013cu iztur\u012bgais zilais PVC kabelis apvieno gumijas kabe\u013ca notur\u012bbu ar PVC kabe\u013ca elast\u012bbu. IP44 aizsardz\u012bba \u013cauj pagarin\u0101t\u0101ju izmantot ar\u012b \u0101ra darbos, bet spilgti zil\u0101 kr\u0101sa uzlabo redzam\u012bbu z\u0101l\u0113 vai snieg\u0101, t\u0101d\u0113j\u0101di veicinot dro\u0161\u0101ku darbu.<\/p>\n<p data-start=\"643\" data-end=\"891\">50m garums, 4 kontaktligzdas, termisk\u0101 aizsardz\u012bba un bremze spoles aptur\u0113\u0161anai padara \u0161o modeli par praktisku izv\u0113li profesion\u0101lai un ilgsto\u0161ai lieto\u0161anai. Tas ir labs risin\u0101jums tiem, kuri mekl\u0113 iztur\u012bgu kabe\u013ca spoli darbam da\u017e\u0101dos laikapst\u0101k\u013cos.<\/p>\n<h2 data-section-id=\"7cpzmo\" data-start=\"893\" data-end=\"913\">Galven\u0101s \u012bpa\u0161\u012bbas<\/h2>\n<ul data-start=\"914\" data-end=\"1406\">\n<li data-section-id=\"12j4twd\" data-start=\"914\" data-end=\"962\">Kabe\u013ca spole pagarin\u0101t\u0101js darbam telp\u0101s un \u0101r\u0101<\/li>\n<li data-section-id=\"1m1n32n\" data-start=\"963\" data-end=\"982\">Kabe\u013ca garums 50m<\/li>\n<li data-section-id=\"1vcecfm\" data-start=\"983\" data-end=\"1001\">4 kontaktligzdas<\/li>\n<li data-section-id=\"1thzkt2\" data-start=\"1002\" data-end=\"1027\">Aizsardz\u012bbas klase IP44<\/li>\n<li data-section-id=\"m45j08\" data-start=\"1028\" data-end=\"1059\">Laikapst\u0101k\u013cu iztur\u012bgs modelis<\/li>\n<li data-section-id=\"1m2odwh\" data-start=\"1060\" data-end=\"1101\">Elast\u012bgs pret salu iztur\u012bgs PVC kabelis<\/li>\n<li data-section-id=\"14wykh\" data-start=\"1102\" data-end=\"1152\">Piem\u0113rots darbam temperat\u016br\u0101 no -35\u00b0C l\u012bdz +60\u00b0C<\/li>\n<li data-section-id=\"16t9cvt\" data-start=\"1153\" data-end=\"1204\">Maksim\u0101l\u0101 slodze atritin\u0101tam kabelim 16A un 3680W<\/li>\n<li data-section-id=\"3or4xu\" data-start=\"1205\" data-end=\"1253\">Maksim\u0101l\u0101 slodze sat\u012btam kabelim 4,8A un 1100W<\/li>\n<li data-section-id=\"ujhwhe\" data-start=\"1254\" data-end=\"1276\">Termisk\u0101 aizsardz\u012bba<\/li>\n<li data-section-id=\"1v2i2hx\" data-start=\"1277\" data-end=\"1312\">Vadotnes cilpa \u0113rt\u0101kai lieto\u0161anai<\/li>\n<li data-section-id=\"45t6um\" data-start=\"1313\" data-end=\"1340\">Bremze spoles aptur\u0113\u0161anai<\/li>\n<li data-section-id=\"1oabml9\" data-start=\"1341\" data-end=\"1387\">Zil\u0101 kr\u0101sa lab\u0101kai redzam\u012bbai z\u0101l\u0113 un snieg\u0101<\/li>\n<li data-section-id=\"1v5krhd\" data-start=\"1388\" data-end=\"1406\">3 gadu garantija<\/li>\n<\/ul>\n<p><\/p>","protected":false},"excerpt":{"rendered":"<p>Kabe\u013ca spole pagarin\u0101t\u0101js ir uzticams risin\u0101jums darbam sare\u017e\u0123\u012btos apst\u0101k\u013cos, kur nepiecie\u0161ama dro\u0161a elektroapg\u0101de gan telp\u0101s, gan \u0101r\u0101. Tas ir \u012bpa\u0161i piem\u0113rots b\u016bvlaukumiem, darbn\u012bc\u0101m un r\u016bpnieciskai videi, kur svar\u012bga ir iztur\u012bba pret mitrumu, salu, karstumu un intens\u012bvu lieto\u0161anu. Laikapst\u0101k\u013cu iztur\u012bgais zilais PVC kabelis apvieno gumijas kabe\u013ca notur\u012bbu ar PVC kabe\u013ca elast\u012bbu. IP44 aizsardz\u012bba \u013cauj pagarin\u0101t\u0101ju izmantot [&hellip;]<\/p>\n","protected":false},"featured_media":110454,"comment_status":"closed","ping_status":"closed","template":"","meta":{"inline_featured_image":false},"product_cat":[1343],"product_tag":[],"yst_prominent_words":[],"class_list":{"0":"post-109675","1":"product","2":"type-product","3":"status-publish","4":"has-post-thumbnail","6":"product_cat-pagarinataji-spole","8":"first","9":"instock","10":"taxable","11":"shipping-taxable","12":"purchasable","13":"product-type-simple"},"jetpack_sharing_enabled":true,"_links":{"self":[{"href":"https:\/\/ddt.lv\/lv\/wp-json\/wp\/v2\/product\/109675"}],"collection":[{"href":"https:\/\/ddt.lv\/lv\/wp-json\/wp\/v2\/product"}],"about":[{"href":"https:\/\/ddt.lv\/lv\/wp-json\/wp\/v2\/types\/product"}],"replies":[{"embeddable":true,"href":"https:\/\/ddt.lv\/lv\/wp-json\/wp\/v2\/comments?post=109675"}],"wp:featuredmedia":[{"embeddable":true,"href":"https:\/\/ddt.lv\/lv\/wp-json\/wp\/v2\/media\/110454"}],"wp:attachment":[{"href":"https:\/\/ddt.lv\/lv\/wp-json\/wp\/v2\/media?parent=109675"}],"wp:term":[{"taxonomy":"product_cat","embeddable":true,"href":"https:\/\/ddt.lv\/lv\/wp-json\/wp\/v2\/product_cat?post=109675"},{"taxonomy":"product_tag","embeddable":true,"href":"https:\/\/ddt.lv\/lv\/wp-json\/wp\/v2\/product_tag?post=109675"},{"taxonomy":"yst_prominent_words","embeddable":true,"href":"https:\/\/ddt.lv\/lv\/wp-json\/wp\/v2\/yst_prominent_words?post=109675"}],"curies":[{"name":"wp","href":"https:\/\/api.w.org\/{rel}","templated":true}]}}