{"id":109674,"date":"2026-04-02T00:40:35","date_gmt":"2026-04-01T21:40:35","guid":{"rendered":"https:\/\/ddt.lv\/lv\/product\/gumijas-kabela-spole-25-m-10-mm%c2%b2-4-ligzdas-emos\/"},"modified":"2026-04-09T01:04:13","modified_gmt":"2026-04-08T22:04:13","slug":"gumijas-kabela-spole-25-m-10-mm-4-ligzdas-emos","status":"publish","type":"product","link":"https:\/\/ddt.lv\/lv\/product\/gumijas-kabela-spole-25-m-10-mm-4-ligzdas-emos\/","title":{"rendered":"Gumijas pagarin\u0101t\u0101js met\u0101la spole 4 ligzdas 25m 3&#215;1.0 mm 2300W IP44 EMOS"},"content":{"rendered":"<p><\/p>\n<p data-start=\"122\" data-end=\"376\">\u0160is pagarin\u0101t\u0101ja kabelis uz ru\u013c\u013ca ar 25m garu gumijas kabeli ir piem\u0113rots darbam viet\u0101s, kur nepiecie\u0161ams dro\u0161s un iztur\u012bgs elektr\u012bbas piesl\u0113gums. IP44 aizsardz\u012bba pal\u012bdz to izmantot ar\u012b sare\u017e\u0123\u012bt\u0101kos apst\u0101k\u013cos, piem\u0113ram, darbn\u012bc\u0101, pagalm\u0101 vai b\u016bvlaukum\u0101.<\/p>\n<p data-start=\"378\" data-end=\"619\">Ru\u013c\u013ca konstrukcija ar kust\u012bgu centru, vadotnes cilpu un bremzi atvieglo kabe\u013ca lieto\u0161anu un sat\u012b\u0161anu. \u010cetras kontaktligzdas \u013cauj vienlaikus piesl\u0113gt vair\u0101kas ier\u012bces, bet termiskais dro\u0161in\u0101t\u0101js un b\u0113rnu aizsargi palielina lieto\u0161anas dro\u0161\u012bbu.<\/p>\n<h2 data-section-id=\"7cpzmo\" data-start=\"621\" data-end=\"641\">Galven\u0101s \u012bpa\u0161\u012bbas<\/h2>\n<ul data-start=\"642\" data-end=\"988\">\n<li data-section-id=\"1m1n3vx\" data-start=\"642\" data-end=\"661\">Kabe\u013ca garums 25m<\/li>\n<li data-section-id=\"1vcecfm\" data-start=\"662\" data-end=\"680\">4 kontaktligzdas<\/li>\n<li data-section-id=\"deqnni\" data-start=\"681\" data-end=\"697\">Spriegums 230V<\/li>\n<li data-section-id=\"1f1oegb\" data-start=\"698\" data-end=\"710\">Str\u0101va 10A<\/li>\n<li data-section-id=\"1thzkt2\" data-start=\"711\" data-end=\"736\">Aizsardz\u012bbas klase IP44<\/li>\n<li data-section-id=\"1o0hriu\" data-start=\"737\" data-end=\"756\">Gumijas izol\u0101cija<\/li>\n<li data-section-id=\"1acgwcv\" data-start=\"757\" data-end=\"782\">Vad\u012bt\u0101ja tips H05RR F3G<\/li>\n<li data-section-id=\"1yihmeq\" data-start=\"783\" data-end=\"827\">Maksim\u0101l\u0101 slodze att\u012bt\u0101 veid\u0101 10A un 2300W<\/li>\n<li data-section-id=\"g4zfrp\" data-start=\"828\" data-end=\"873\">Maksim\u0101l\u0101 slodze sat\u012bt\u0101 veid\u0101 4,8A un 1100W<\/li>\n<li data-section-id=\"1tq331i\" data-start=\"874\" data-end=\"912\">Ru\u013c\u013ca konstrukcija ar kust\u012bgu centru<\/li>\n<li data-section-id=\"16f6v6d\" data-start=\"913\" data-end=\"945\">Vadotnes cilpa un ru\u013c\u013ca bremze<\/li>\n<li data-section-id=\"wu60pt\" data-start=\"946\" data-end=\"988\">Termiskais dro\u0161in\u0101t\u0101js un b\u0113rnu aizsargi<\/li>\n<\/ul>\n<p><\/p>","protected":false},"excerpt":{"rendered":"<p>\u0160is pagarin\u0101t\u0101ja kabelis uz ru\u013c\u013ca ar 25m garu gumijas kabeli ir piem\u0113rots darbam viet\u0101s, kur nepiecie\u0161ams dro\u0161s un iztur\u012bgs elektr\u012bbas piesl\u0113gums. IP44 aizsardz\u012bba pal\u012bdz to izmantot ar\u012b sare\u017e\u0123\u012bt\u0101kos apst\u0101k\u013cos, piem\u0113ram, darbn\u012bc\u0101, pagalm\u0101 vai b\u016bvlaukum\u0101. Ru\u013c\u013ca konstrukcija ar kust\u012bgu centru, vadotnes cilpu un bremzi atvieglo kabe\u013ca lieto\u0161anu un sat\u012b\u0161anu. \u010cetras kontaktligzdas \u013cauj vienlaikus piesl\u0113gt vair\u0101kas ier\u012bces, [&hellip;]<\/p>\n","protected":false},"featured_media":110459,"comment_status":"closed","ping_status":"closed","template":"","meta":{"inline_featured_image":false},"product_cat":[772,1343],"product_tag":[],"yst_prominent_words":[],"class_list":{"0":"post-109674","1":"product","2":"type-product","3":"status-publish","4":"has-post-thumbnail","6":"product_cat-atlaides","7":"product_cat-pagarinataji-spole","9":"first","10":"instock","11":"sale","12":"taxable","13":"shipping-taxable","14":"purchasable","15":"product-type-simple"},"jetpack_sharing_enabled":true,"_links":{"self":[{"href":"https:\/\/ddt.lv\/lv\/wp-json\/wp\/v2\/product\/109674"}],"collection":[{"href":"https:\/\/ddt.lv\/lv\/wp-json\/wp\/v2\/product"}],"about":[{"href":"https:\/\/ddt.lv\/lv\/wp-json\/wp\/v2\/types\/product"}],"replies":[{"embeddable":true,"href":"https:\/\/ddt.lv\/lv\/wp-json\/wp\/v2\/comments?post=109674"}],"wp:featuredmedia":[{"embeddable":true,"href":"https:\/\/ddt.lv\/lv\/wp-json\/wp\/v2\/media\/110459"}],"wp:attachment":[{"href":"https:\/\/ddt.lv\/lv\/wp-json\/wp\/v2\/media?parent=109674"}],"wp:term":[{"taxonomy":"product_cat","embeddable":true,"href":"https:\/\/ddt.lv\/lv\/wp-json\/wp\/v2\/product_cat?post=109674"},{"taxonomy":"product_tag","embeddable":true,"href":"https:\/\/ddt.lv\/lv\/wp-json\/wp\/v2\/product_tag?post=109674"},{"taxonomy":"yst_prominent_words","embeddable":true,"href":"https:\/\/ddt.lv\/lv\/wp-json\/wp\/v2\/yst_prominent_words?post=109674"}],"curies":[{"name":"wp","href":"https:\/\/api.w.org\/{rel}","templated":true}]}}