{"id":109672,"date":"2026-04-02T00:35:37","date_gmt":"2026-04-01T21:35:37","guid":{"rendered":"https:\/\/ddt.lv\/lv\/product\/led-kabatas-lukturis-usb-c-300-lm-ip43-aluminija-melns-metaliski-peleks-emos\/"},"modified":"2026-04-29T09:45:25","modified_gmt":"2026-04-29T06:45:25","slug":"led-kabatas-lukturis-usb-c-300-lm-ip43-aluminija-melns-metaliski-peleks-emos","status":"publish","type":"product","link":"https:\/\/ddt.lv\/lv\/product\/led-kabatas-lukturis-usb-c-300-lm-ip43-aluminija-melns-metaliski-peleks-emos\/","title":{"rendered":"LED kabatas lukturis USB C 300 lm IP43 alum\u012bnija melns met\u0101liski pel\u0113ks EMOS"},"content":{"rendered":"<p><\/p>\n<p data-start=\"120\" data-end=\"385\">LED kabatas lukturis ir kompakts un iztur\u012bgs risin\u0101jums ikdienas lieto\u0161anai, darbam, autosomai un izbraucieniem dab\u0101. Alum\u012bnija korpuss, USB C uzl\u0101de un fokusa funkcija padara to par praktisku izv\u0113li situ\u0101cij\u0101s, kad nepiecie\u0161ams uzticams un regul\u0113jams apgaismojums.<\/p>\n<p data-start=\"387\" data-end=\"644\">Lukturis nodro\u0161ina l\u012bdz 300 lm gaismas pl\u016bsmu BOOST re\u017e\u012bm\u0101 un stara att\u0101lumu l\u012bdz 100 m. \u010cetri apgaismojuma re\u017e\u012bmi \u013cauj piel\u0101got gaismu konkr\u0113tai situ\u0101cijai, savuk\u0101rt IP43 aizsardz\u012bba un triecieniztur\u012bga konstrukcija padara to piem\u0113rotu ikdienas lieto\u0161anai.<\/p>\n<p data-start=\"646\" data-end=\"808\">Ieb\u016bv\u0113t\u0101 uzl\u0101de, LED indik\u0101cija par uzl\u0101des procesu un akumulatora st\u0101vokli, k\u0101 ar\u012b baterijas aizsardz\u012bbas funkcija padara \u0161o LED lukturi \u0113rtu un dro\u0161u lieto\u0161an\u0101.<\/p>\n<h2 data-section-id=\"7cpzmo\" data-start=\"810\" data-end=\"830\">Galven\u0101s \u012bpa\u0161\u012bbas<\/h2>\n<ul data-start=\"831\" data-end=\"1391\">\n<li data-section-id=\"ot9x2u\" data-start=\"831\" data-end=\"883\">LED kabatas lukturis ar gaismas pl\u016bsmu l\u012bdz 300 lm<\/li>\n<li data-section-id=\"1wjegm1\" data-start=\"884\" data-end=\"923\">Maksim\u0101lais stara att\u0101lums l\u012bdz 100 m<\/li>\n<li data-section-id=\"nleava\" data-start=\"924\" data-end=\"947\">4 apgaismojuma re\u017e\u012bmi<\/li>\n<li data-section-id=\"5he3d9\" data-start=\"948\" data-end=\"998\">Re\u017e\u012bmi: LED BOOST, LED 100 %, LED 50 %, LED 10 %<\/li>\n<li data-section-id=\"1scr2sf\" data-start=\"999\" data-end=\"1048\">Fokus\u0113\u0161anas funkcija regul\u0113jamam gaismas staram<\/li>\n<li data-section-id=\"123hl5m\" data-start=\"1049\" data-end=\"1089\">USB C uzl\u0101de \u0113rtai ikdienas lieto\u0161anai<\/li>\n<li data-section-id=\"8ilo14\" data-start=\"1090\" data-end=\"1130\">Li Ion 16340 akumulators 700 mAh 3,7 V<\/li>\n<li data-section-id=\"ecv5ua\" data-start=\"1131\" data-end=\"1187\">Deg\u0161anas laiks no 3 l\u012bdz 18 stund\u0101m atkar\u012bb\u0101 no re\u017e\u012bma<\/li>\n<li data-section-id=\"1kviqo7\" data-start=\"1188\" data-end=\"1209\">Uzl\u0101des laiks 2,5 h<\/li>\n<li data-section-id=\"11vi9go\" data-start=\"1210\" data-end=\"1230\">\u016adensiztur\u012bba IP43<\/li>\n<li data-section-id=\"22uqe5\" data-start=\"1231\" data-end=\"1267\">Triecieniztur\u012bgs alum\u012bnija korpuss<\/li>\n<li data-section-id=\"1o89xxu\" data-start=\"1268\" data-end=\"1328\">LED indik\u0101cija par akumulatora st\u0101vokli un uzl\u0101des procesu<\/li>\n<li data-section-id=\"1lhphin\" data-start=\"1329\" data-end=\"1357\">\u0100tr\u0101s izsl\u0113g\u0161anas funkcija<\/li>\n<li data-section-id=\"1ry7gxl\" data-start=\"1358\" data-end=\"1391\">Baterijas aizsardz\u012bbas funkcija<\/li>\n<\/ul>\n<p><\/p>","protected":false},"excerpt":{"rendered":"<p>LED kabatas lukturis ir kompakts un iztur\u012bgs risin\u0101jums ikdienas lieto\u0161anai, darbam, autosomai un izbraucieniem dab\u0101. Alum\u012bnija korpuss, USB C uzl\u0101de un fokusa funkcija padara to par praktisku izv\u0113li situ\u0101cij\u0101s, kad nepiecie\u0161ams uzticams un regul\u0113jams apgaismojums. Lukturis nodro\u0161ina l\u012bdz 300 lm gaismas pl\u016bsmu BOOST re\u017e\u012bm\u0101 un stara att\u0101lumu l\u012bdz 100 m. \u010cetri apgaismojuma re\u017e\u012bmi \u013cauj piel\u0101got [&hellip;]<\/p>\n","protected":false},"featured_media":110257,"comment_status":"closed","ping_status":"closed","template":"","meta":{"inline_featured_image":false},"product_cat":[726],"product_tag":[],"yst_prominent_words":[],"class_list":{"0":"post-109672","1":"product","2":"type-product","3":"status-publish","4":"has-post-thumbnail","6":"product_cat-kabatas","8":"first","9":"instock","10":"taxable","11":"shipping-taxable","12":"purchasable","13":"product-type-simple"},"jetpack_sharing_enabled":true,"_links":{"self":[{"href":"https:\/\/ddt.lv\/lv\/wp-json\/wp\/v2\/product\/109672"}],"collection":[{"href":"https:\/\/ddt.lv\/lv\/wp-json\/wp\/v2\/product"}],"about":[{"href":"https:\/\/ddt.lv\/lv\/wp-json\/wp\/v2\/types\/product"}],"replies":[{"embeddable":true,"href":"https:\/\/ddt.lv\/lv\/wp-json\/wp\/v2\/comments?post=109672"}],"wp:featuredmedia":[{"embeddable":true,"href":"https:\/\/ddt.lv\/lv\/wp-json\/wp\/v2\/media\/110257"}],"wp:attachment":[{"href":"https:\/\/ddt.lv\/lv\/wp-json\/wp\/v2\/media?parent=109672"}],"wp:term":[{"taxonomy":"product_cat","embeddable":true,"href":"https:\/\/ddt.lv\/lv\/wp-json\/wp\/v2\/product_cat?post=109672"},{"taxonomy":"product_tag","embeddable":true,"href":"https:\/\/ddt.lv\/lv\/wp-json\/wp\/v2\/product_tag?post=109672"},{"taxonomy":"yst_prominent_words","embeddable":true,"href":"https:\/\/ddt.lv\/lv\/wp-json\/wp\/v2\/yst_prominent_words?post=109672"}],"curies":[{"name":"wp","href":"https:\/\/api.w.org\/{rel}","templated":true}]}}