{"id":109671,"date":"2026-04-02T00:35:36","date_gmt":"2026-04-01T21:35:36","guid":{"rendered":"https:\/\/ddt.lv\/lv\/product\/zvana-transformators-8-12-24-v-emos\/"},"modified":"2026-04-22T08:51:30","modified_gmt":"2026-04-22T05:51:30","slug":"zvana-transformators-8-12-24-v-emos","status":"publish","type":"product","link":"https:\/\/ddt.lv\/lv\/product\/zvana-transformators-8-12-24-v-emos\/","title":{"rendered":"Zvana transformators 8\/12\/24 V EMOS"},"content":{"rendered":"<p><\/p>\n<p data-start=\"114\" data-end=\"356\">EMOS durvju zvana transformators ir paredz\u0113ts vadu durvju zvanu (piem\u0113ram P57101, P57102) un citu zemsprieguma ier\u012b\u010du dro\u0161ai baro\u0161anai. Tas p\u0101rveido 230V t\u012bkla spriegumu uz 8V, 12V vai 24V izejas spriegumu, nodro\u0161inot stabilu darb\u012bbu m\u0101jas un komerci\u0101l\u0101s instal\u0101cij\u0101s.<\/p>\n<p data-start=\"358\" data-end=\"566\">Kompaktie izm\u0113ri un DIN sliedes stiprin\u0101jums \u013cauj transformatoru \u0113rti uzst\u0101d\u012bt sadales skap\u012b ar\u012b ierobe\u017eot\u0101 viet\u0101. \u0160is ir praktisks risin\u0101jums gan jaun\u0101m elektroinstal\u0101cij\u0101m, gan eso\u0161u sist\u0113mu moderniz\u0101cijai.<\/p>\n<h2 data-section-id=\"7cpzmo\" data-start=\"568\" data-end=\"588\">Galven\u0101s \u012bpa\u0161\u012bbas<\/h2>\n<ul data-start=\"589\" data-end=\"878\">\n<li data-section-id=\"13tr7ca\" data-start=\"589\" data-end=\"620\">Paredz\u0113ts vadu durvju zvaniem<\/li>\n<li data-section-id=\"1s0ap6m\" data-start=\"621\" data-end=\"652\">Ieejas spriegums 230V 50 60Hz<\/li>\n<li data-section-id=\"1o5d83g\" data-start=\"653\" data-end=\"682\">Izejas spriegums 8V 12V 24V<\/li>\n<li data-section-id=\"m0fs97\" data-start=\"683\" data-end=\"703\">Izejas str\u0101va 0,3A<\/li>\n<li data-section-id=\"hyqe7w\" data-start=\"704\" data-end=\"714\">Jauda 8W<\/li>\n<li data-section-id=\"1xlh7tt\" data-start=\"715\" data-end=\"741\">DIN sliedes stiprin\u0101jums<\/li>\n<li data-section-id=\"1s6wbqo\" data-start=\"742\" data-end=\"777\">Piem\u0113rots sadales skapja mont\u0101\u017eai<\/li>\n<li data-section-id=\"15mhes9\" data-start=\"778\" data-end=\"799\">Balta korpusa kr\u0101sa<\/li>\n<li data-section-id=\"dns9dl\" data-start=\"800\" data-end=\"832\">Kompakti izm\u0113ri 85 \u00d7 64 \u00d7 35mm<\/li>\n<li data-section-id=\"3lao8a\" data-start=\"833\" data-end=\"878\">Piem\u0113rots m\u0101jas un komerci\u0101l\u0101m instal\u0101cij\u0101m<\/li>\n<\/ul>\n<p><\/p>","protected":false},"excerpt":{"rendered":"<p>EMOS durvju zvana transformators ir paredz\u0113ts vadu durvju zvanu (piem\u0113ram P57101, P57102) un citu zemsprieguma ier\u012b\u010du dro\u0161ai baro\u0161anai. Tas p\u0101rveido 230V t\u012bkla spriegumu uz 8V, 12V vai 24V izejas spriegumu, nodro\u0161inot stabilu darb\u012bbu m\u0101jas un komerci\u0101l\u0101s instal\u0101cij\u0101s. Kompaktie izm\u0113ri un DIN sliedes stiprin\u0101jums \u013cauj transformatoru \u0113rti uzst\u0101d\u012bt sadales skap\u012b ar\u012b ierobe\u017eot\u0101 viet\u0101. \u0160is ir praktisks [&hellip;]<\/p>\n","protected":false},"featured_media":110481,"comment_status":"closed","ping_status":"closed","template":"","meta":{"inline_featured_image":false},"product_cat":[543],"product_tag":[],"yst_prominent_words":[],"class_list":{"0":"post-109671","1":"product","2":"type-product","3":"status-publish","4":"has-post-thumbnail","6":"product_cat-durvju-zvani","8":"first","9":"instock","10":"taxable","11":"shipping-taxable","12":"purchasable","13":"product-type-simple"},"jetpack_sharing_enabled":true,"_links":{"self":[{"href":"https:\/\/ddt.lv\/lv\/wp-json\/wp\/v2\/product\/109671"}],"collection":[{"href":"https:\/\/ddt.lv\/lv\/wp-json\/wp\/v2\/product"}],"about":[{"href":"https:\/\/ddt.lv\/lv\/wp-json\/wp\/v2\/types\/product"}],"replies":[{"embeddable":true,"href":"https:\/\/ddt.lv\/lv\/wp-json\/wp\/v2\/comments?post=109671"}],"wp:featuredmedia":[{"embeddable":true,"href":"https:\/\/ddt.lv\/lv\/wp-json\/wp\/v2\/media\/110481"}],"wp:attachment":[{"href":"https:\/\/ddt.lv\/lv\/wp-json\/wp\/v2\/media?parent=109671"}],"wp:term":[{"taxonomy":"product_cat","embeddable":true,"href":"https:\/\/ddt.lv\/lv\/wp-json\/wp\/v2\/product_cat?post=109671"},{"taxonomy":"product_tag","embeddable":true,"href":"https:\/\/ddt.lv\/lv\/wp-json\/wp\/v2\/product_tag?post=109671"},{"taxonomy":"yst_prominent_words","embeddable":true,"href":"https:\/\/ddt.lv\/lv\/wp-json\/wp\/v2\/yst_prominent_words?post=109671"}],"curies":[{"name":"wp","href":"https:\/\/api.w.org\/{rel}","templated":true}]}}