{"id":109670,"date":"2026-04-02T00:35:36","date_gmt":"2026-04-01T21:35:36","guid":{"rendered":"https:\/\/ddt.lv\/lv\/product\/zvanu-poga-ip44-max-24-v-durvju-zvanam-p57101-p57102-emos\/"},"modified":"2026-04-22T08:51:30","modified_gmt":"2026-04-22T05:51:30","slug":"zvanu-poga-ip44-max-24-v-durvju-zvanam-p57101-p57102-emos","status":"publish","type":"product","link":"https:\/\/ddt.lv\/lv\/product\/zvanu-poga-ip44-max-24-v-durvju-zvanam-p57101-p57102-emos\/","title":{"rendered":"Zvanu poga IP44 max 24 V durvju zvanam P57101 P57102 EMOS"},"content":{"rendered":"<p><\/p>\n<p data-start=\"100\" data-end=\"362\">Durvju zvana spiedpoga ir uzticams risin\u0101jums vadu durvju zvaniem, kas darbojas ar 8V, 12V vai 24V transformatoru. T\u0101 ir piem\u0113rota lieto\u0161anai pie priv\u0101tm\u0101j\u0101m, dz\u012bvok\u013ciem, birojiem un cit\u0101m \u0113k\u0101m, kur nepiecie\u0161ama vienk\u0101r\u0161a un dro\u0161a zvana poga ikdienas lieto\u0161anai.<\/p>\n<p data-start=\"364\" data-end=\"581\">Pateicoties integr\u0113tajam p\u0101rsegam un \u016bdensiztur\u012bgajai konstrukcijai, spiedpoga ir piem\u0113rota ar\u012b \u0101ra apst\u0101k\u013ciem. T\u0101 pal\u012bdz nodro\u0161in\u0101t stabilu darb\u012bbu liet\u016b un mitr\u0101 vid\u0113, kas ir svar\u012bgi pie ieejas durv\u012bm vai v\u0101rti\u0146iem.<\/p>\n<p data-start=\"583\" data-end=\"761\">Papildu priek\u0161roc\u012bba ir vieta v\u0101rda pl\u0101ksn\u012btei, kas atvieglo m\u0101jsaimniec\u012bbas vai uz\u0146\u0113muma apz\u012bm\u0113\u0161anu. Spiedpoga ir sader\u012bga ar EMOS vadu zvaniem P57001, P57002, P57101 un P57102.<\/p>\n<h2 data-section-id=\"7cpzmo\" data-start=\"763\" data-end=\"783\">Galven\u0101s \u012bpa\u0161\u012bbas<\/h2>\n<ul data-start=\"784\" data-end=\"1158\">\n<li data-section-id=\"drxtcm\" data-start=\"784\" data-end=\"821\">Durvju zvana spiedpoga vadu zvaniem<\/li>\n<li data-section-id=\"15ezh64\" data-start=\"822\" data-end=\"861\">Piem\u0113rota transformatoriem 8V 12V 24V<\/li>\n<li data-section-id=\"sz9wgv\" data-start=\"862\" data-end=\"897\">Uzticama lieto\u0161anai \u0101r\u0101 un telp\u0101s<\/li>\n<li data-section-id=\"1l5njav\" data-start=\"898\" data-end=\"932\">Integr\u0113ts aizsargv\u0101ks pret lietu<\/li>\n<li data-section-id=\"128pjoz\" data-start=\"933\" data-end=\"961\">\u016adensiztur\u012bga konstrukcija<\/li>\n<li data-section-id=\"b0qunx\" data-start=\"962\" data-end=\"1018\">Piem\u0113rota uzst\u0101d\u012b\u0161anai pie ieejas durv\u012bm vai v\u0101rti\u0146iem<\/li>\n<li data-section-id=\"1ay96wv\" data-start=\"1019\" data-end=\"1043\">Vieta v\u0101rda pl\u0101ksn\u012btei<\/li>\n<li data-section-id=\"1vxavbb\" data-start=\"1044\" data-end=\"1078\">Vienk\u0101r\u0161a un praktiska lieto\u0161ana<\/li>\n<li data-section-id=\"yxhq6f\" data-start=\"1079\" data-end=\"1107\">Piem\u0113rota m\u0101jai un birojam<\/li>\n<li data-section-id=\"16w26g9\" data-start=\"1108\" data-end=\"1158\">Sader\u012bga ar mode\u013ciem P57001 P57002 P57101 P57102<\/li>\n<\/ul>\n<p><\/p>","protected":false},"excerpt":{"rendered":"<p>Durvju zvana spiedpoga ir uzticams risin\u0101jums vadu durvju zvaniem, kas darbojas ar 8V, 12V vai 24V transformatoru. T\u0101 ir piem\u0113rota lieto\u0161anai pie priv\u0101tm\u0101j\u0101m, dz\u012bvok\u013ciem, birojiem un cit\u0101m \u0113k\u0101m, kur nepiecie\u0161ama vienk\u0101r\u0161a un dro\u0161a zvana poga ikdienas lieto\u0161anai. Pateicoties integr\u0113tajam p\u0101rsegam un \u016bdensiztur\u012bgajai konstrukcijai, spiedpoga ir piem\u0113rota ar\u012b \u0101ra apst\u0101k\u013ciem. T\u0101 pal\u012bdz nodro\u0161in\u0101t stabilu darb\u012bbu liet\u016b [&hellip;]<\/p>\n","protected":false},"featured_media":110478,"comment_status":"closed","ping_status":"closed","template":"","meta":{"inline_featured_image":false},"product_cat":[543],"product_tag":[],"yst_prominent_words":[],"class_list":{"0":"post-109670","1":"product","2":"type-product","3":"status-publish","4":"has-post-thumbnail","6":"product_cat-durvju-zvani","8":"first","9":"instock","10":"taxable","11":"shipping-taxable","12":"purchasable","13":"product-type-simple"},"jetpack_sharing_enabled":true,"_links":{"self":[{"href":"https:\/\/ddt.lv\/lv\/wp-json\/wp\/v2\/product\/109670"}],"collection":[{"href":"https:\/\/ddt.lv\/lv\/wp-json\/wp\/v2\/product"}],"about":[{"href":"https:\/\/ddt.lv\/lv\/wp-json\/wp\/v2\/types\/product"}],"replies":[{"embeddable":true,"href":"https:\/\/ddt.lv\/lv\/wp-json\/wp\/v2\/comments?post=109670"}],"wp:featuredmedia":[{"embeddable":true,"href":"https:\/\/ddt.lv\/lv\/wp-json\/wp\/v2\/media\/110478"}],"wp:attachment":[{"href":"https:\/\/ddt.lv\/lv\/wp-json\/wp\/v2\/media?parent=109670"}],"wp:term":[{"taxonomy":"product_cat","embeddable":true,"href":"https:\/\/ddt.lv\/lv\/wp-json\/wp\/v2\/product_cat?post=109670"},{"taxonomy":"product_tag","embeddable":true,"href":"https:\/\/ddt.lv\/lv\/wp-json\/wp\/v2\/product_tag?post=109670"},{"taxonomy":"yst_prominent_words","embeddable":true,"href":"https:\/\/ddt.lv\/lv\/wp-json\/wp\/v2\/yst_prominent_words?post=109670"}],"curies":[{"name":"wp","href":"https:\/\/api.w.org\/{rel}","templated":true}]}}