{"id":109669,"date":"2026-04-02T00:35:35","date_gmt":"2026-04-01T21:35:35","guid":{"rendered":"https:\/\/ddt.lv\/lv\/product\/barosanas-avots-videonamruniem-em-10ahd-12-v-emos\/"},"modified":"2026-04-22T08:45:38","modified_gmt":"2026-04-22T05:45:38","slug":"barosanas-avots-videonamruniem-em-10ahd-12-v-emos","status":"publish","type":"product","link":"https:\/\/ddt.lv\/lv\/product\/barosanas-avots-videonamruniem-em-10ahd-12-v-emos\/","title":{"rendered":"Baro\u0161anas avots videonamru\u0146iem EM 10AHD 12 V EMOS"},"content":{"rendered":"<p><\/p>\n<p data-start=\"103\" data-end=\"318\">EMOS baro\u0161anas avots videodomofonam EM 10AHD ir paredz\u0113ts stabilai un dro\u0161ai ier\u012bces baro\u0161anai ikdienas lieto\u0161an\u0101. Tas nodro\u0161ina 12V DC izejas spriegumu un 1000mA izejas str\u0101vu, kas atbilst konkr\u0113t\u0101 mode\u013ca pras\u012bb\u0101m.<\/p>\n<p data-start=\"320\" data-end=\"532\">\u0160is risin\u0101jums ir piem\u0113rots boj\u0101ta vai nolietota ori\u0123in\u0101l\u0101 baro\u0161anas bloka nomai\u0146ai. Tas pal\u012bdz uztur\u0113t videodomofona sist\u0113mas nep\u0101rtrauktu darb\u012bbu m\u0101j\u0101s vai cit\u0101s telp\u0101s, kur svar\u012bga ir uzticama ieejas kontrole.<\/p>\n<h2 data-section-id=\"7cpzmo\" data-start=\"534\" data-end=\"554\">Galven\u0101s \u012bpa\u0161\u012bbas<\/h2>\n<ul data-start=\"555\" data-end=\"805\">\n<li data-section-id=\"1jpg9hv\" data-start=\"555\" data-end=\"590\">Paredz\u0113ts videodomofonam EM 10AHD<\/li>\n<li data-section-id=\"hvkb2h\" data-start=\"591\" data-end=\"621\">Ieejas spriegums 220\u2013240V AC<\/li>\n<li data-section-id=\"ruglh\" data-start=\"622\" data-end=\"647\">Izejas spriegums 12V DC<\/li>\n<li data-section-id=\"y2xiaw\" data-start=\"648\" data-end=\"670\">Izejas str\u0101va 1000mA<\/li>\n<li data-section-id=\"hltnzs\" data-start=\"671\" data-end=\"690\">Frekvence 50 60Hz<\/li>\n<li data-section-id=\"1hmy9bd\" data-start=\"691\" data-end=\"737\">Piem\u0113rots ori\u0123in\u0101l\u0101 baro\u0161anas avota nomai\u0146ai<\/li>\n<li data-section-id=\"bbc65j\" data-start=\"738\" data-end=\"772\">Stabilai videodomofona baro\u0161anai<\/li>\n<li data-section-id=\"ayi3v4\" data-start=\"773\" data-end=\"786\">Z\u012bmols EMOS<\/li>\n<li data-section-id=\"1moocrg\" data-start=\"787\" data-end=\"805\">Garantija 2 gadi<\/li>\n<\/ul>\n<p><\/p>","protected":false},"excerpt":{"rendered":"<p>EMOS baro\u0161anas avots videodomofonam EM 10AHD ir paredz\u0113ts stabilai un dro\u0161ai ier\u012bces baro\u0161anai ikdienas lieto\u0161an\u0101. Tas nodro\u0161ina 12V DC izejas spriegumu un 1000mA izejas str\u0101vu, kas atbilst konkr\u0113t\u0101 mode\u013ca pras\u012bb\u0101m. \u0160is risin\u0101jums ir piem\u0113rots boj\u0101ta vai nolietota ori\u0123in\u0101l\u0101 baro\u0161anas bloka nomai\u0146ai. Tas pal\u012bdz uztur\u0113t videodomofona sist\u0113mas nep\u0101rtrauktu darb\u012bbu m\u0101j\u0101s vai cit\u0101s telp\u0101s, kur svar\u012bga ir [&hellip;]<\/p>\n","protected":false},"featured_media":110485,"comment_status":"closed","ping_status":"closed","template":"","meta":{"inline_featured_image":false},"product_cat":[926],"product_tag":[],"yst_prominent_words":[],"class_list":{"0":"post-109669","1":"product","2":"type-product","3":"status-publish","4":"has-post-thumbnail","6":"product_cat-domofoni","8":"first","9":"instock","10":"taxable","11":"shipping-taxable","12":"purchasable","13":"product-type-simple"},"jetpack_sharing_enabled":true,"_links":{"self":[{"href":"https:\/\/ddt.lv\/lv\/wp-json\/wp\/v2\/product\/109669"}],"collection":[{"href":"https:\/\/ddt.lv\/lv\/wp-json\/wp\/v2\/product"}],"about":[{"href":"https:\/\/ddt.lv\/lv\/wp-json\/wp\/v2\/types\/product"}],"replies":[{"embeddable":true,"href":"https:\/\/ddt.lv\/lv\/wp-json\/wp\/v2\/comments?post=109669"}],"wp:featuredmedia":[{"embeddable":true,"href":"https:\/\/ddt.lv\/lv\/wp-json\/wp\/v2\/media\/110485"}],"wp:attachment":[{"href":"https:\/\/ddt.lv\/lv\/wp-json\/wp\/v2\/media?parent=109669"}],"wp:term":[{"taxonomy":"product_cat","embeddable":true,"href":"https:\/\/ddt.lv\/lv\/wp-json\/wp\/v2\/product_cat?post=109669"},{"taxonomy":"product_tag","embeddable":true,"href":"https:\/\/ddt.lv\/lv\/wp-json\/wp\/v2\/product_tag?post=109669"},{"taxonomy":"yst_prominent_words","embeddable":true,"href":"https:\/\/ddt.lv\/lv\/wp-json\/wp\/v2\/yst_prominent_words?post=109669"}],"curies":[{"name":"wp","href":"https:\/\/api.w.org\/{rel}","templated":true}]}}