{"id":109667,"date":"2026-04-02T00:35:34","date_gmt":"2026-04-01T21:35:34","guid":{"rendered":"https:\/\/ddt.lv\/lv\/product\/vadu-durvju-zvans-p57101-ac-dc-8-12-24-v-4-x-aa-85-db-balts-emos\/"},"modified":"2026-04-22T08:51:11","modified_gmt":"2026-04-22T05:51:11","slug":"vadu-durvju-zvans-p57101-ac-dc-8-12-24-v-4-x-aa-85-db-balts-emos","status":"publish","type":"product","link":"https:\/\/ddt.lv\/lv\/product\/vadu-durvju-zvans-p57101-ac-dc-8-12-24-v-4-x-aa-85-db-balts-emos\/","title":{"rendered":"Vadu durvju zvans P57101 AC DC 8\/12\/24 V, 4 x AA 85 dB balts EMOS"},"content":{"rendered":"<p><\/p>\n<p data-start=\"81\" data-end=\"304\">EMOS vadu durvju zvans ir vienk\u0101r\u0161s un uzticams risin\u0101jums m\u0101jai, dz\u012bvoklim vai birojam. Tas nodro\u0161ina skaidri dzirdamu 85dB sign\u0101lu un ir piem\u0113rots lietot\u0101jiem, kuri v\u0113las klasisku durvju zvanu bez sare\u017e\u0123\u012btas uzst\u0101d\u012b\u0161anas.<\/p>\n<p data-start=\"306\" data-end=\"510\">Galveno ier\u012bci var barot ar 4\u00d7AA baterij\u0101m vai ar \u0101r\u0113ju transformatoru, t\u0101p\u0113c uzst\u0101d\u012b\u0161anu var piel\u0101got eso\u0161ajai elektroinstal\u0101cijai. Baltais korpuss ar neuzkr\u012bto\u0161u dizainu labi iederas da\u017e\u0101dos interjeros.<\/p>\n<h2 data-section-id=\"7cpzmo\" data-start=\"512\" data-end=\"532\">Galven\u0101s \u012bpa\u0161\u012bbas<\/h2>\n<ul data-start=\"533\" data-end=\"875\">\n<li data-section-id=\"1riyjxw\" data-start=\"533\" data-end=\"552\">Vadu durvju zvans<\/li>\n<li data-section-id=\"gd06x7\" data-start=\"553\" data-end=\"579\">Maksim\u0101lais ska\u013cums 85dB<\/li>\n<li data-section-id=\"le586v\" data-start=\"580\" data-end=\"632\">Baro\u0161ana ar 4\u00d71,5V AA baterij\u0101m vai transformatoru P57000TR<\/li>\n<li data-section-id=\"1cdzk5y\" data-start=\"633\" data-end=\"672\">Piem\u0113rots m\u0101jai, dz\u012bvoklim un birojam<\/li>\n<li data-section-id=\"1pyp1f8\" data-start=\"673\" data-end=\"685\">1 melodija<\/li>\n<li data-section-id=\"qn2hp8\" data-start=\"686\" data-end=\"709\">Vienk\u0101r\u0161a piesl\u0113g\u0161ana<\/li>\n<li data-section-id=\"15mhes9\" data-start=\"710\" data-end=\"731\">Balta korpusa kr\u0101sa<\/li>\n<li data-section-id=\"1s1ih08\" data-start=\"732\" data-end=\"764\">Galven\u0101 ier\u012bce komplekt\u0101 1gab.<\/li>\n<li data-section-id=\"11y6gso\" data-start=\"765\" data-end=\"796\">Papildu rezerves poga P57000T<\/li>\n<li data-section-id=\"1me3pm9\" data-start=\"797\" data-end=\"831\">Kompakts izm\u0113rs 118 \u00d7 118 \u00d7 45mm<\/li>\n<li data-section-id=\"1ds36em\" data-start=\"832\" data-end=\"875\">Videi draudz\u012bgs iepakojums bez plastmasas<\/li>\n<\/ul>\n<p><\/p>","protected":false},"excerpt":{"rendered":"<p>EMOS vadu durvju zvans ir vienk\u0101r\u0161s un uzticams risin\u0101jums m\u0101jai, dz\u012bvoklim vai birojam. Tas nodro\u0161ina skaidri dzirdamu 85dB sign\u0101lu un ir piem\u0113rots lietot\u0101jiem, kuri v\u0113las klasisku durvju zvanu bez sare\u017e\u0123\u012btas uzst\u0101d\u012b\u0161anas. Galveno ier\u012bci var barot ar 4\u00d7AA baterij\u0101m vai ar \u0101r\u0113ju transformatoru, t\u0101p\u0113c uzst\u0101d\u012b\u0161anu var piel\u0101got eso\u0161ajai elektroinstal\u0101cijai. Baltais korpuss ar neuzkr\u012bto\u0161u dizainu labi iederas [&hellip;]<\/p>\n","protected":false},"featured_media":110487,"comment_status":"closed","ping_status":"closed","template":"","meta":{"inline_featured_image":false},"product_cat":[543],"product_tag":[],"yst_prominent_words":[],"class_list":{"0":"post-109667","1":"product","2":"type-product","3":"status-publish","4":"has-post-thumbnail","6":"product_cat-durvju-zvani","8":"first","9":"instock","10":"taxable","11":"shipping-taxable","12":"purchasable","13":"product-type-simple"},"jetpack_sharing_enabled":true,"_links":{"self":[{"href":"https:\/\/ddt.lv\/lv\/wp-json\/wp\/v2\/product\/109667"}],"collection":[{"href":"https:\/\/ddt.lv\/lv\/wp-json\/wp\/v2\/product"}],"about":[{"href":"https:\/\/ddt.lv\/lv\/wp-json\/wp\/v2\/types\/product"}],"replies":[{"embeddable":true,"href":"https:\/\/ddt.lv\/lv\/wp-json\/wp\/v2\/comments?post=109667"}],"wp:featuredmedia":[{"embeddable":true,"href":"https:\/\/ddt.lv\/lv\/wp-json\/wp\/v2\/media\/110487"}],"wp:attachment":[{"href":"https:\/\/ddt.lv\/lv\/wp-json\/wp\/v2\/media?parent=109667"}],"wp:term":[{"taxonomy":"product_cat","embeddable":true,"href":"https:\/\/ddt.lv\/lv\/wp-json\/wp\/v2\/product_cat?post=109667"},{"taxonomy":"product_tag","embeddable":true,"href":"https:\/\/ddt.lv\/lv\/wp-json\/wp\/v2\/product_tag?post=109667"},{"taxonomy":"yst_prominent_words","embeddable":true,"href":"https:\/\/ddt.lv\/lv\/wp-json\/wp\/v2\/yst_prominent_words?post=109667"}],"curies":[{"name":"wp","href":"https:\/\/api.w.org\/{rel}","templated":true}]}}