{"id":109564,"date":"2026-03-31T23:35:34","date_gmt":"2026-03-31T20:35:34","guid":{"rendered":"https:\/\/ddt.lv\/lv\/product\/akrila-nano-abpuseja-limlente-19mm-3m-caurspidiga-emos\/"},"modified":"2026-04-22T08:51:42","modified_gmt":"2026-04-22T05:51:42","slug":"akrila-nano-abpuseja-limlente-19mm-3m-caurspidiga-emos","status":"publish","type":"product","link":"https:\/\/ddt.lv\/lv\/product\/akrila-nano-abpuseja-limlente-19mm-3m-caurspidiga-emos\/","title":{"rendered":"Akrila NANO abpus\u0113j\u0101 l\u012bmlente 19mm 3m caursp\u012bd\u012bga EMOS"},"content":{"rendered":"<p><\/p>\n<p data-start=\"92\" data-end=\"344\">Divpus\u0113ja NANO l\u012bmlente F6301 ir moderns un praktisks risin\u0101jums stiprin\u0101\u0161anai bez urb\u0161anas, skr\u016bv\u0113\u0161anas un virsmas boj\u0101\u0161anas. T\u0101 ir piem\u0113rota situ\u0101cij\u0101m, kur nepiecie\u0161ams t\u012brs, \u0101trs un vizu\u0101li est\u0113tisks stiprin\u0101jums m\u0101j\u0101s, biroj\u0101 vai cit\u0101s iek\u0161telp\u0101s.<\/p>\n<p data-start=\"346\" data-end=\"647\">Pateicoties nano strukt\u016brai, lenta nodro\u0161ina augstu sa\u0137eri un ir atk\u0101rtoti izmantojama, nezaud\u0113jot savu funkcionalit\u0101ti. T\u0101 ir piem\u0113rota nelielu dekor\u0101ciju, organizatoru, \u0101\u0137u, slie\u017eu, aksesu\u0101ru un maz\u0101ku elektronisko ier\u012b\u010du nostiprin\u0101\u0161anai viet\u0101s, kur svar\u012bgs ir gan praktiskums, gan kop\u0113jais izskats.<\/p>\n<p data-start=\"649\" data-end=\"816\">Ar 19 mm platumu un 3 m garumu \u0161\u012b NANO l\u012bmlente ir \u0113rta ikdienas lieto\u0161anai un pal\u012bdz izveidot dro\u0161u stiprin\u0101jumu bez liekiem instrumentiem un net\u012bra mont\u0101\u017eas procesa.<\/p>\n<h2 data-section-id=\"7cpzmo\" data-start=\"818\" data-end=\"838\">Galven\u0101s \u012bpa\u0161\u012bbas<\/h2>\n<ul data-start=\"839\" data-end=\"1288\">\n<li data-section-id=\"y7969e\" data-start=\"839\" data-end=\"893\">Divpus\u0113ja NANO l\u012bmlente \u0101trai un t\u012brai stiprin\u0101\u0161anai<\/li>\n<li data-section-id=\"w9ha4f\" data-start=\"894\" data-end=\"909\">Modelis F6301<\/li>\n<li data-section-id=\"1bbpnlu\" data-start=\"910\" data-end=\"925\">Platums 19 mm<\/li>\n<li data-section-id=\"1p6bvpl\" data-start=\"926\" data-end=\"938\">Garums 3 m<\/li>\n<li data-section-id=\"1c1t4h5\" data-start=\"939\" data-end=\"992\">Piem\u0113rota stiprin\u0101\u0161anai bez urb\u0161anas un skr\u016bv\u0113\u0161anas<\/li>\n<li data-section-id=\"dymagg\" data-start=\"993\" data-end=\"1016\">Saudz\u012bga pret virsm\u0101m<\/li>\n<li data-section-id=\"mhg096\" data-start=\"1017\" data-end=\"1059\">Pal\u012bdz izvair\u012bties no virsmas boj\u0101jumiem<\/li>\n<li data-section-id=\"dmxb6r\" data-start=\"1060\" data-end=\"1092\">Nano strukt\u016bra augstai sa\u0137erei<\/li>\n<li data-section-id=\"1week7j\" data-start=\"1093\" data-end=\"1144\">Atk\u0101rtoti izmantojama bez funkcionalit\u0101tes zuduma<\/li>\n<li data-section-id=\"1swe2qz\" data-start=\"1145\" data-end=\"1196\">Piem\u0113rota dekor\u0101ciju un aksesu\u0101ru nostiprin\u0101\u0161anai<\/li>\n<li data-section-id=\"1qplzst\" data-start=\"1197\" data-end=\"1235\">Der organizatoriem, \u0101\u0137iem un slied\u0113m<\/li>\n<li data-section-id=\"uqmc50\" data-start=\"1236\" data-end=\"1288\">Piem\u0113rota maz\u0101ku elektronisko ier\u012b\u010du stiprin\u0101\u0161anai<\/li>\n<\/ul>\n<p><\/p>","protected":false},"excerpt":{"rendered":"<p>Divpus\u0113ja NANO l\u012bmlente F6301 ir moderns un praktisks risin\u0101jums stiprin\u0101\u0161anai bez urb\u0161anas, skr\u016bv\u0113\u0161anas un virsmas boj\u0101\u0161anas. T\u0101 ir piem\u0113rota situ\u0101cij\u0101m, kur nepiecie\u0161ams t\u012brs, \u0101trs un vizu\u0101li est\u0113tisks stiprin\u0101jums m\u0101j\u0101s, biroj\u0101 vai cit\u0101s iek\u0161telp\u0101s. Pateicoties nano strukt\u016brai, lenta nodro\u0161ina augstu sa\u0137eri un ir atk\u0101rtoti izmantojama, nezaud\u0113jot savu funkcionalit\u0101ti. T\u0101 ir piem\u0113rota nelielu dekor\u0101ciju, organizatoru, \u0101\u0137u, slie\u017eu, [&hellip;]<\/p>\n","protected":false},"featured_media":109609,"comment_status":"closed","ping_status":"closed","template":"","meta":{"inline_featured_image":false},"product_cat":[1295],"product_tag":[],"yst_prominent_words":[],"class_list":{"0":"post-109564","1":"product","2":"type-product","3":"status-publish","4":"has-post-thumbnail","6":"product_cat-limlentes","8":"first","9":"instock","10":"taxable","11":"shipping-taxable","12":"purchasable","13":"product-type-simple"},"jetpack_sharing_enabled":true,"_links":{"self":[{"href":"https:\/\/ddt.lv\/lv\/wp-json\/wp\/v2\/product\/109564"}],"collection":[{"href":"https:\/\/ddt.lv\/lv\/wp-json\/wp\/v2\/product"}],"about":[{"href":"https:\/\/ddt.lv\/lv\/wp-json\/wp\/v2\/types\/product"}],"replies":[{"embeddable":true,"href":"https:\/\/ddt.lv\/lv\/wp-json\/wp\/v2\/comments?post=109564"}],"wp:featuredmedia":[{"embeddable":true,"href":"https:\/\/ddt.lv\/lv\/wp-json\/wp\/v2\/media\/109609"}],"wp:attachment":[{"href":"https:\/\/ddt.lv\/lv\/wp-json\/wp\/v2\/media?parent=109564"}],"wp:term":[{"taxonomy":"product_cat","embeddable":true,"href":"https:\/\/ddt.lv\/lv\/wp-json\/wp\/v2\/product_cat?post=109564"},{"taxonomy":"product_tag","embeddable":true,"href":"https:\/\/ddt.lv\/lv\/wp-json\/wp\/v2\/product_tag?post=109564"},{"taxonomy":"yst_prominent_words","embeddable":true,"href":"https:\/\/ddt.lv\/lv\/wp-json\/wp\/v2\/yst_prominent_words?post=109564"}],"curies":[{"name":"wp","href":"https:\/\/api.w.org\/{rel}","templated":true}]}}