{"id":109563,"date":"2026-03-31T23:25:40","date_gmt":"2026-03-31T20:25:40","guid":{"rendered":"https:\/\/ddt.lv\/lv\/product\/atrais-ladetajs-38w-2x-usb-a-usb-c-varta-57955\/"},"modified":"2026-04-13T10:02:58","modified_gmt":"2026-04-13T07:02:58","slug":"atrais-ladetajs-38w-2x-usb-a-usb-c-varta-57955","status":"publish","type":"product","link":"https:\/\/ddt.lv\/lv\/product\/atrais-ladetajs-38w-2x-usb-a-usb-c-varta-57955\/","title":{"rendered":"\u0100trais l\u0101d\u0113t\u0101js 38W 2x USB-A USB-C VARTA 57955"},"content":{"rendered":"<p><\/p>\n<h2 data-section-id=\"zkou1k\" data-start=\"77\" data-end=\"88\">Apraksts<\/h2>\n<p data-start=\"89\" data-end=\"347\">USB l\u0101d\u0113t\u0101js 57955 ir jaud\u012bgs un m\u016bsdien\u012bgs risin\u0101jums \u0101trai ikdienas uzl\u0101dei m\u0101j\u0101s, biroj\u0101 vai ce\u013c\u0101. Tas \u013cauj vienlaikus uzl\u0101d\u0113t divas ier\u012bces, izmantojot USB C un USB A portus, t\u0101p\u0113c ir \u012bpa\u0161i \u0113rts lietot\u0101jiem, kuri ikdien\u0101 izmanto vair\u0101kas mobil\u0101s ier\u012bces.<\/p>\n<p data-start=\"349\" data-end=\"557\">L\u0101d\u0113t\u0101js atbalsta Power Delivery un Quick Charge tehnolo\u0123ijas, nodro\u0161inot \u0101tru un viedu uzl\u0101di sader\u012bg\u0101m ier\u012bc\u0113m. 38 W kop\u0113j\u0101 jauda \u013cauj efekt\u012bvi uzl\u0101d\u0113t gan telefonu, gan citas ier\u012bces bez liekas gaid\u012b\u0161anas.<\/p>\n<p data-start=\"559\" data-end=\"702\">GaN tehnolo\u0123ija pal\u012bdz nodro\u0161in\u0101t kompaktu izm\u0113ru un efekt\u012bvu darb\u012bbu, savuk\u0101rt modernais VARTA dizains labi iederas gan m\u0101j\u0101s, gan darba vid\u0113.<\/p>\n<h2 data-section-id=\"7cpzmo\" data-start=\"704\" data-end=\"724\">Galven\u0101s \u012bpa\u0161\u012bbas<\/h2>\n<ul data-start=\"725\" data-end=\"1109\">\n<li data-section-id=\"nuskvs\" data-start=\"725\" data-end=\"760\">USB l\u0101d\u0113t\u0101js ar 38 W kop\u0113jo jaudu<\/li>\n<li data-section-id=\"wjf9ae\" data-start=\"761\" data-end=\"776\">Modelis 57955<\/li>\n<li data-section-id=\"606i9g\" data-start=\"777\" data-end=\"799\">1 x USB Type C ports<\/li>\n<li data-section-id=\"dkm7ym\" data-start=\"800\" data-end=\"817\">1 x USB A ports<\/li>\n<li data-section-id=\"gs5ett\" data-start=\"818\" data-end=\"856\">Iesp\u0113ja uzl\u0101d\u0113t 2 ier\u012bces vienlaikus<\/li>\n<li data-section-id=\"1xust4n\" data-start=\"857\" data-end=\"882\">Atbalsta Power Delivery<\/li>\n<li data-section-id=\"nhmr4b\" data-start=\"883\" data-end=\"906\">Atbalsta Quick Charge<\/li>\n<li data-section-id=\"f9vqjw\" data-start=\"907\" data-end=\"942\">Paredz\u0113ts \u0101trai un viedai uzl\u0101dei<\/li>\n<li data-section-id=\"6yqnz2\" data-start=\"943\" data-end=\"996\">Piem\u0113rots ikdienas lieto\u0161anai m\u0101j\u0101s, biroj\u0101 un ce\u013c\u0101<\/li>\n<li data-section-id=\"2urrj6\" data-start=\"997\" data-end=\"1033\">GaN tehnolo\u0123ija efekt\u012bvai darb\u012bbai<\/li>\n<li data-section-id=\"zxfr1n\" data-start=\"1034\" data-end=\"1066\">Moderns un kvalitat\u012bvs dizains<\/li>\n<li data-section-id=\"1dvjjr8\" data-start=\"1067\" data-end=\"1109\">Piem\u0113rots da\u017e\u0101du sader\u012bgu ier\u012b\u010du uzl\u0101dei<\/li>\n<\/ul>\n<p><\/p>","protected":false},"excerpt":{"rendered":"<p>Apraksts USB l\u0101d\u0113t\u0101js 57955 ir jaud\u012bgs un m\u016bsdien\u012bgs risin\u0101jums \u0101trai ikdienas uzl\u0101dei m\u0101j\u0101s, biroj\u0101 vai ce\u013c\u0101. Tas \u013cauj vienlaikus uzl\u0101d\u0113t divas ier\u012bces, izmantojot USB C un USB A portus, t\u0101p\u0113c ir \u012bpa\u0161i \u0113rts lietot\u0101jiem, kuri ikdien\u0101 izmanto vair\u0101kas mobil\u0101s ier\u012bces. L\u0101d\u0113t\u0101js atbalsta Power Delivery un Quick Charge tehnolo\u0123ijas, nodro\u0161inot \u0101tru un viedu uzl\u0101di sader\u012bg\u0101m ier\u012bc\u0113m. [&hellip;]<\/p>\n","protected":false},"featured_media":109623,"comment_status":"closed","ping_status":"closed","template":"","meta":{"inline_featured_image":false},"product_cat":[772,744],"product_tag":[],"yst_prominent_words":[],"class_list":{"0":"post-109563","1":"product","2":"type-product","3":"status-publish","4":"has-post-thumbnail","6":"product_cat-atlaides","7":"product_cat-mobilo-telefonu-ladetaji-usb","9":"first","10":"instock","11":"sale","12":"taxable","13":"shipping-taxable","14":"purchasable","15":"product-type-simple"},"jetpack_sharing_enabled":true,"_links":{"self":[{"href":"https:\/\/ddt.lv\/lv\/wp-json\/wp\/v2\/product\/109563"}],"collection":[{"href":"https:\/\/ddt.lv\/lv\/wp-json\/wp\/v2\/product"}],"about":[{"href":"https:\/\/ddt.lv\/lv\/wp-json\/wp\/v2\/types\/product"}],"replies":[{"embeddable":true,"href":"https:\/\/ddt.lv\/lv\/wp-json\/wp\/v2\/comments?post=109563"}],"wp:featuredmedia":[{"embeddable":true,"href":"https:\/\/ddt.lv\/lv\/wp-json\/wp\/v2\/media\/109623"}],"wp:attachment":[{"href":"https:\/\/ddt.lv\/lv\/wp-json\/wp\/v2\/media?parent=109563"}],"wp:term":[{"taxonomy":"product_cat","embeddable":true,"href":"https:\/\/ddt.lv\/lv\/wp-json\/wp\/v2\/product_cat?post=109563"},{"taxonomy":"product_tag","embeddable":true,"href":"https:\/\/ddt.lv\/lv\/wp-json\/wp\/v2\/product_tag?post=109563"},{"taxonomy":"yst_prominent_words","embeddable":true,"href":"https:\/\/ddt.lv\/lv\/wp-json\/wp\/v2\/yst_prominent_words?post=109563"}],"curies":[{"name":"wp","href":"https:\/\/api.w.org\/{rel}","templated":true}]}}