{"id":109562,"date":"2026-03-31T23:20:43","date_gmt":"2026-03-31T20:20:43","guid":{"rendered":"https:\/\/ddt.lv\/lv\/product\/usb-a-ladetajs-basic-2-0a-1-ports-10w-100-240v-emos\/"},"modified":"2026-04-22T08:51:41","modified_gmt":"2026-04-22T05:51:41","slug":"usb-a-ladetajs-basic-2-0a-1-ports-10w-100-240v-emos","status":"publish","type":"product","link":"https:\/\/ddt.lv\/lv\/product\/usb-a-ladetajs-basic-2-0a-1-ports-10w-100-240v-emos\/","title":{"rendered":"USB-A l\u0101d\u0113t\u0101js Basic 2.0A 1 ports 10W 100\u2013240V EMOS"},"content":{"rendered":"<p><\/p>\n<p data-start=\"81\" data-end=\"297\">Praktisks un kompakts USB l\u0101d\u0113t\u0101js ar USB A piesl\u0113gvietu ikdienas uzl\u0101dei m\u0101j\u0101s, biroj\u0101 un ce\u013c\u0101. Tas ir \u0113rts risin\u0101jums viedt\u0101lru\u0146u, aksesu\u0101ru un citu ier\u012b\u010du uzl\u0101dei, kad nepiecie\u0161ama uzticama un vienk\u0101r\u0161a lieto\u0161ana.<\/p>\n<p data-start=\"299\" data-end=\"499\">Adapteris nodro\u0161ina dro\u0161u darb\u012bbu, pateicoties tr\u012bsk\u0101r\u0161ai aizsardz\u012bbai pret p\u0101rslodzi, p\u0101rspriegumu un \u012bssavienojumu. Tas pal\u012bdz pasarg\u0101t pievienot\u0101s ier\u012bces un padara uzl\u0101di dro\u0161u ikdienas lieto\u0161an\u0101.<\/p>\n<p data-start=\"501\" data-end=\"627\">Kompaktais dizains \u013cauj USB adapteri \u0113rti pa\u0146emt l\u012bdzi som\u0101 vai izmantot k\u0101 past\u0101v\u012bgu uzl\u0101des risin\u0101jumu m\u0101j\u0101s un darba viet\u0101.<\/p>\n<h2 data-section-id=\"7cpzmo\" data-start=\"629\" data-end=\"649\">Galven\u0101s \u012bpa\u0161\u012bbas<\/h2>\n<ul data-start=\"650\" data-end=\"1052\">\n<li data-section-id=\"m9pyw5\" data-start=\"650\" data-end=\"679\">USB l\u0101d\u0113t\u0101js ar USB A izeju<\/li>\n<li data-section-id=\"3l8y1\" data-start=\"680\" data-end=\"730\">Piem\u0113rots ikdienas uzl\u0101dei m\u0101j\u0101s, biroj\u0101 un ce\u013c\u0101<\/li>\n<li data-section-id=\"f4h6l7\" data-start=\"731\" data-end=\"762\">Kompakts un praktisks dizains<\/li>\n<li data-section-id=\"rv42si\" data-start=\"763\" data-end=\"795\">\u0112rts lieto\u0161anai da\u017e\u0101d\u0101s viet\u0101s<\/li>\n<li data-section-id=\"107vq7i\" data-start=\"796\" data-end=\"839\">Piem\u0113rots viedier\u012b\u010du un aksesu\u0101ru uzl\u0101dei<\/li>\n<li data-section-id=\"1kcwv85\" data-start=\"840\" data-end=\"866\">Dro\u0161a un uzticama uzl\u0101de<\/li>\n<li data-section-id=\"10m8ohn\" data-start=\"867\" data-end=\"895\">Aizsardz\u012bba pret p\u0101rslodzi<\/li>\n<li data-section-id=\"n8n42z\" data-start=\"896\" data-end=\"927\">Aizsardz\u012bba pret p\u0101rspriegumu<\/li>\n<li data-section-id=\"nmpga1\" data-start=\"928\" data-end=\"960\">Aizsardz\u012bba pret \u012bssavienojumu<\/li>\n<li data-section-id=\"6gsrs9\" data-start=\"961\" data-end=\"981\">Viegli p\u0101rn\u0113s\u0101jams<\/li>\n<li data-section-id=\"1o0ljnf\" data-start=\"982\" data-end=\"1013\">Piem\u0113rots ikdienas lieto\u0161anai<\/li>\n<li data-section-id=\"1jp92ic\" data-start=\"1014\" data-end=\"1052\">Vienk\u0101r\u0161s un \u0113rts uzl\u0101des risin\u0101jums<\/li>\n<\/ul>\n<p><\/p>","protected":false},"excerpt":{"rendered":"<p>Praktisks un kompakts USB l\u0101d\u0113t\u0101js ar USB A piesl\u0113gvietu ikdienas uzl\u0101dei m\u0101j\u0101s, biroj\u0101 un ce\u013c\u0101. Tas ir \u0113rts risin\u0101jums viedt\u0101lru\u0146u, aksesu\u0101ru un citu ier\u012b\u010du uzl\u0101dei, kad nepiecie\u0161ama uzticama un vienk\u0101r\u0161a lieto\u0161ana. Adapteris nodro\u0161ina dro\u0161u darb\u012bbu, pateicoties tr\u012bsk\u0101r\u0161ai aizsardz\u012bbai pret p\u0101rslodzi, p\u0101rspriegumu un \u012bssavienojumu. Tas pal\u012bdz pasarg\u0101t pievienot\u0101s ier\u012bces un padara uzl\u0101di dro\u0161u ikdienas lieto\u0161an\u0101. Kompaktais [&hellip;]<\/p>\n","protected":false},"featured_media":109617,"comment_status":"closed","ping_status":"closed","template":"","meta":{"inline_featured_image":false},"product_cat":[744],"product_tag":[],"yst_prominent_words":[],"class_list":{"0":"post-109562","1":"product","2":"type-product","3":"status-publish","4":"has-post-thumbnail","6":"product_cat-mobilo-telefonu-ladetaji-usb","8":"first","9":"instock","10":"taxable","11":"shipping-taxable","12":"purchasable","13":"product-type-simple"},"jetpack_sharing_enabled":true,"_links":{"self":[{"href":"https:\/\/ddt.lv\/lv\/wp-json\/wp\/v2\/product\/109562"}],"collection":[{"href":"https:\/\/ddt.lv\/lv\/wp-json\/wp\/v2\/product"}],"about":[{"href":"https:\/\/ddt.lv\/lv\/wp-json\/wp\/v2\/types\/product"}],"replies":[{"embeddable":true,"href":"https:\/\/ddt.lv\/lv\/wp-json\/wp\/v2\/comments?post=109562"}],"wp:featuredmedia":[{"embeddable":true,"href":"https:\/\/ddt.lv\/lv\/wp-json\/wp\/v2\/media\/109617"}],"wp:attachment":[{"href":"https:\/\/ddt.lv\/lv\/wp-json\/wp\/v2\/media?parent=109562"}],"wp:term":[{"taxonomy":"product_cat","embeddable":true,"href":"https:\/\/ddt.lv\/lv\/wp-json\/wp\/v2\/product_cat?post=109562"},{"taxonomy":"product_tag","embeddable":true,"href":"https:\/\/ddt.lv\/lv\/wp-json\/wp\/v2\/product_tag?post=109562"},{"taxonomy":"yst_prominent_words","embeddable":true,"href":"https:\/\/ddt.lv\/lv\/wp-json\/wp\/v2\/yst_prominent_words?post=109562"}],"curies":[{"name":"wp","href":"https:\/\/api.w.org\/{rel}","templated":true}]}}