{"id":109551,"date":"2026-03-31T22:10:35","date_gmt":"2026-03-31T19:10:35","guid":{"rendered":"https:\/\/ddt.lv\/lv\/product\/led-spuldze-basic-a60-e27-153w-1521lm-silti-balta-emos\/"},"modified":"2026-04-18T11:55:31","modified_gmt":"2026-04-18T08:55:31","slug":"led-spuldze-basic-a60-e27-153w-1521lm-silti-balta-emos","status":"publish","type":"product","link":"https:\/\/ddt.lv\/lv\/product\/led-spuldze-basic-a60-e27-153w-1521lm-silti-balta-emos\/","title":{"rendered":"LED spuldze Basic A60 E27 15,3W 1521lm silti balta EMOS"},"content":{"rendered":"<p><\/p>\n<h2 data-section-id=\"ihgx67\" data-start=\"107\" data-end=\"160\">LED spuldze Basic A60 E27 15,3W 1521lm silti balta<\/h2>\n<p data-start=\"162\" data-end=\"483\">\u0160\u012b LED spuldze ar A60 formu nodro\u0161ina \u013coti augstu gaismas jaudu un ir ide\u0101li piem\u0113rota viet\u0101m, kur nepiecie\u0161ams intens\u012bvs un uzticams apgaismojums, piem\u0113ram, virtuv\u0113, darbn\u012bc\u0101 vai pla\u0161\u0101s dz\u012bvojam\u0101s telp\u0101s. Pateicoties standarta A60 formai un E27 cokola tipam, spuldzi var viegli uzst\u0101d\u012bt liel\u0101kaj\u0101 da\u013c\u0101 parasto gaismek\u013cu.<\/p>\n<p data-start=\"485\" data-end=\"717\">Jauda <strong data-start=\"491\" data-end=\"500\">15,3W<\/strong> un gaismas pl\u016bsma <strong data-start=\"519\" data-end=\"530\">1521 lm<\/strong> nodro\u0161ina sp\u0113c\u012bgu apgaismojumu, vienlaikus saglab\u0101jot energoefekt\u012bvu darb\u012bbu. Gaismas efektivit\u0101te <strong data-start=\"630\" data-end=\"641\">99 lm\/W<\/strong> \u013cauj ieg\u016bt spilgtu gaismu bez nevajadz\u012bgi augsta elektroener\u0123ijas pat\u0113ri\u0146a.<\/p>\n<p data-start=\"719\" data-end=\"960\">Kr\u0101su temperat\u016bra <strong data-start=\"737\" data-end=\"746\">3000K<\/strong> rada pat\u012bkamu silti baltu gaismu, kas izskat\u0101s dabiski un m\u0101j\u012bgi. \u0160is apgaismojuma tonis ir \u012bpa\u0161i piem\u0113rots dz\u012bvojam\u0101m telp\u0101m, kur svar\u012bgs ir gan komforts, gan pietiekams apgaismojuma l\u012bmenis ikdienas aktivit\u0101t\u0113m.<\/p>\n<p><\/p>","protected":false},"excerpt":{"rendered":"<p>LED spuldze Basic A60 E27 15,3W 1521lm silti balta \u0160\u012b LED spuldze ar A60 formu nodro\u0161ina \u013coti augstu gaismas jaudu un ir ide\u0101li piem\u0113rota viet\u0101m, kur nepiecie\u0161ams intens\u012bvs un uzticams apgaismojums, piem\u0113ram, virtuv\u0113, darbn\u012bc\u0101 vai pla\u0161\u0101s dz\u012bvojam\u0101s telp\u0101s. Pateicoties standarta A60 formai un E27 cokola tipam, spuldzi var viegli uzst\u0101d\u012bt liel\u0101kaj\u0101 da\u013c\u0101 parasto gaismek\u013cu. Jauda [&hellip;]<\/p>\n","protected":false},"featured_media":109552,"comment_status":"closed","ping_status":"closed","template":"","meta":{"inline_featured_image":false},"product_cat":[772,850],"product_tag":[],"yst_prominent_words":[],"class_list":{"0":"post-109551","1":"product","2":"type-product","3":"status-publish","4":"has-post-thumbnail","6":"product_cat-atlaides","7":"product_cat-e27-spuldzes","9":"first","10":"instock","11":"sale","12":"taxable","13":"shipping-taxable","14":"purchasable","15":"product-type-simple"},"jetpack_sharing_enabled":true,"_links":{"self":[{"href":"https:\/\/ddt.lv\/lv\/wp-json\/wp\/v2\/product\/109551"}],"collection":[{"href":"https:\/\/ddt.lv\/lv\/wp-json\/wp\/v2\/product"}],"about":[{"href":"https:\/\/ddt.lv\/lv\/wp-json\/wp\/v2\/types\/product"}],"replies":[{"embeddable":true,"href":"https:\/\/ddt.lv\/lv\/wp-json\/wp\/v2\/comments?post=109551"}],"wp:featuredmedia":[{"embeddable":true,"href":"https:\/\/ddt.lv\/lv\/wp-json\/wp\/v2\/media\/109552"}],"wp:attachment":[{"href":"https:\/\/ddt.lv\/lv\/wp-json\/wp\/v2\/media?parent=109551"}],"wp:term":[{"taxonomy":"product_cat","embeddable":true,"href":"https:\/\/ddt.lv\/lv\/wp-json\/wp\/v2\/product_cat?post=109551"},{"taxonomy":"product_tag","embeddable":true,"href":"https:\/\/ddt.lv\/lv\/wp-json\/wp\/v2\/product_tag?post=109551"},{"taxonomy":"yst_prominent_words","embeddable":true,"href":"https:\/\/ddt.lv\/lv\/wp-json\/wp\/v2\/yst_prominent_words?post=109551"}],"curies":[{"name":"wp","href":"https:\/\/api.w.org\/{rel}","templated":true}]}}