{"id":107487,"date":"2026-03-25T00:20:29","date_gmt":"2026-03-24T22:20:29","guid":{"rendered":"https:\/\/ddt.lv\/lv\/product\/led-spuldze-classic-a60-e27-14-w-120-w-1901-lm-neitrali-balta-emos\/"},"modified":"2026-04-13T10:06:36","modified_gmt":"2026-04-13T07:06:36","slug":"led-spuldze-classic-a60-e27-14-w-120-w-1901-lm-neitrali-balta-emos","status":"publish","type":"product","link":"https:\/\/ddt.lv\/lv\/product\/led-spuldze-classic-a60-e27-14-w-120-w-1901-lm-neitrali-balta-emos\/","title":{"rendered":"LED spuldze Classic A60, E27, 14 W (120 W), 1901 lm, neitr\u0101li balta EMOS"},"content":{"rendered":"<p>Augstas kvalit\u0101tes apgaismojums, kas izstr\u0101d\u0101ts energoefektivit\u0101tei un ilgsto\u0161ai darb\u012bbai. Lieliski papildina gan modernus interjerus, gan klasiskus gaismek\u013cus. Neitr\u0101li balta gaisma ir dabiska un l\u012bdzsvarota \u2013 ne p\u0101r\u0101k auksta, ne silta. Ide\u0101li piem\u0113rota birojiem, virtuv\u0113m, gaite\u0146iem un vannas istab\u0101m, kur nepiecie\u0161ams skaidrs un t\u012brs apgaismojums ikdienas aktivit\u0101t\u0113m.<\/p>","protected":false},"excerpt":{"rendered":"<p>Augstas kvalit\u0101tes apgaismojums, kas izstr\u0101d\u0101ts energoefektivit\u0101tei un ilgsto\u0161ai darb\u012bbai. Lieliski papildina gan modernus interjerus, gan klasiskus gaismek\u013cus. Neitr\u0101li balta gaisma ir dabiska un l\u012bdzsvarota \u2013 ne p\u0101r\u0101k auksta, ne silta. Ide\u0101li piem\u0113rota birojiem, virtuv\u0113m, gaite\u0146iem un vannas istab\u0101m, kur nepiecie\u0161ams skaidrs un t\u012brs apgaismojums ikdienas aktivit\u0101t\u0113m.<\/p>\n","protected":false},"featured_media":107494,"comment_status":"closed","ping_status":"closed","template":"","meta":{"inline_featured_image":false},"product_cat":[772,850],"product_tag":[],"yst_prominent_words":[],"class_list":{"0":"post-107487","1":"product","2":"type-product","3":"status-publish","4":"has-post-thumbnail","6":"product_cat-atlaides","7":"product_cat-e27-spuldzes","9":"first","10":"instock","11":"sale","12":"taxable","13":"shipping-taxable","14":"purchasable","15":"product-type-simple"},"jetpack_sharing_enabled":true,"_links":{"self":[{"href":"https:\/\/ddt.lv\/lv\/wp-json\/wp\/v2\/product\/107487"}],"collection":[{"href":"https:\/\/ddt.lv\/lv\/wp-json\/wp\/v2\/product"}],"about":[{"href":"https:\/\/ddt.lv\/lv\/wp-json\/wp\/v2\/types\/product"}],"replies":[{"embeddable":true,"href":"https:\/\/ddt.lv\/lv\/wp-json\/wp\/v2\/comments?post=107487"}],"wp:featuredmedia":[{"embeddable":true,"href":"https:\/\/ddt.lv\/lv\/wp-json\/wp\/v2\/media\/107494"}],"wp:attachment":[{"href":"https:\/\/ddt.lv\/lv\/wp-json\/wp\/v2\/media?parent=107487"}],"wp:term":[{"taxonomy":"product_cat","embeddable":true,"href":"https:\/\/ddt.lv\/lv\/wp-json\/wp\/v2\/product_cat?post=107487"},{"taxonomy":"product_tag","embeddable":true,"href":"https:\/\/ddt.lv\/lv\/wp-json\/wp\/v2\/product_tag?post=107487"},{"taxonomy":"yst_prominent_words","embeddable":true,"href":"https:\/\/ddt.lv\/lv\/wp-json\/wp\/v2\/yst_prominent_words?post=107487"}],"curies":[{"name":"wp","href":"https:\/\/api.w.org\/{rel}","templated":true}]}}