{"id":107486,"date":"2026-03-25T00:15:38","date_gmt":"2026-03-24T22:15:38","guid":{"rendered":"https:\/\/ddt.lv\/lv\/product\/majas-bezvadu-meteorologiska-stacija-e0531-emos\/"},"modified":"2026-04-13T11:50:34","modified_gmt":"2026-04-13T08:50:34","slug":"majas-bezvadu-meteorologiska-stacija-e0531-emos","status":"publish","type":"product","link":"https:\/\/ddt.lv\/lv\/product\/majas-bezvadu-meteorologiska-stacija-e0531-emos\/","title":{"rendered":"M\u0101jas bezvadu meteorolo\u0123isk\u0101 stacija E0531 EMOS"},"content":{"rendered":"<p><\/p>\n<h3 data-section-id=\"1agjkzt\" data-start=\"286\" data-end=\"344\">Bezvadu meteorolo\u0123isk\u0101 stacija ar praktisk\u0101m funkcij\u0101m<\/h3>\n<p data-start=\"346\" data-end=\"602\">\u0160\u012b premium bezvadu meteorolo\u0123isk\u0101 stacija ir uzticams pal\u012bgs ikdien\u0101, nodro\u0161inot prec\u012bzu iek\u0161telpu un \u0101ra temperat\u016bras un mitruma m\u0113r\u012b\u0161anu. Ier\u012bce att\u0113lo pulksteni, datumu, minim\u0101l\u0101s un maksim\u0101l\u0101s temperat\u016bras, k\u0101 ar\u012b m\u0113ness f\u0101zes un laikapst\u0101k\u013cu prognozi.<\/p>\n<p data-start=\"604\" data-end=\"833\">Stacija pied\u0101v\u0101 temperat\u016bras br\u012bdin\u0101jumus, tendences indikatoru un 5 l\u012bme\u0146u komforta indikatoru, kas \u013cauj vienm\u0113r uztur\u0113t optim\u0101lus apst\u0101k\u013cus telp\u0101s. Papildu dro\u0161\u012bbu nodro\u0161ina aizsal\u0161anas br\u012bdin\u0101jums un pel\u0113juma riska indikators.<\/p>\n<hr data-start=\"835\" data-end=\"838\" \/>\n<h3 data-section-id=\"lcdvav\" data-start=\"840\" data-end=\"878\">Pla\u0161as funkcijas un \u0113rta lieto\u0161ana<\/h3>\n<p data-start=\"880\" data-end=\"1096\">Meteorolo\u0123isk\u0101 stacija ir apr\u012bkota ar <strong data-start=\"918\" data-end=\"946\">DCF kontrol\u0113tu pulksteni<\/strong>, modin\u0101t\u0101ju un daudzvalodu kalend\u0101ru (t.sk. \u010dehu, po\u013cu, ung\u0101ru un citas valodas). Lielais, skaidrais displejs nodro\u0161ina \u0113rtu inform\u0101cijas nolas\u012b\u0161anu.<\/p>\n<p data-start=\"1098\" data-end=\"1155\">Ier\u012bci var novietot uz galda vai piestiprin\u0101t pie sienas.<\/p>\n<hr data-start=\"1157\" data-end=\"1160\" \/>\n<h3 data-section-id=\"1uwgfvi\" data-start=\"1162\" data-end=\"1193\">Sensori un prec\u012bza m\u0113r\u012b\u0161ana<\/h3>\n<p data-start=\"1195\" data-end=\"1355\">Komplekt\u0101 iek\u013cauts viens bezvadu sensors, kas darbojas l\u012bdz <strong data-start=\"1255\" data-end=\"1272\">80 m att\u0101lum\u0101<\/strong>. Iesp\u0113jams piesl\u0113gt l\u012bdz <strong data-start=\"1298\" data-end=\"1313\">3 sensoriem<\/strong>, lai sekotu temperat\u016brai vair\u0101k\u0101s viet\u0101s.<\/p>\n<p data-start=\"1357\" data-end=\"1463\">Katram sensoram var iestat\u012bt temperat\u016bras robe\u017eas diapazon\u0101 no <strong data-start=\"1420\" data-end=\"1442\">-40 \u00b0C l\u012bdz +70 \u00b0C<\/strong> ar 1 \u00b0C precizit\u0101ti.<\/p>\n<hr data-start=\"1465\" data-end=\"1468\" \/>\n<h3 data-section-id=\"1p9t6av\" data-start=\"1470\" data-end=\"1515\">P\u0101rskat\u0101ms displejs un papildu indikatori<\/h3>\n<p data-start=\"1517\" data-end=\"1559\">Displej\u0101 redzama visa svar\u012bg\u0101 inform\u0101cija:<\/p>\n<p data-start=\"1561\" data-end=\"1810\">\u2022 Iek\u0161telpu un \u0101ra temperat\u016bra un mitrums<br data-start=\"1602\" data-end=\"1605\" \/>\u2022 Laikapst\u0101k\u013cu prognoze un temperat\u016bras tendences<br data-start=\"1654\" data-end=\"1657\" \/>\u2022 Salnas br\u012bdin\u0101jums (-1 \u00b0C l\u012bdz +2,9 \u00b0C)<br data-start=\"1698\" data-end=\"1701\" \/>\u2022 12 m\u0113ness f\u0101zes<br data-start=\"1718\" data-end=\"1721\" \/>\u2022 Pel\u0113juma riska indikators (zems \/ vid\u0113js \/ augsts)<br data-start=\"1773\" data-end=\"1776\" \/>\u2022 Min.\/maks. temperat\u016bras atmi\u0146a<\/p>\n<p><\/p>","protected":false},"excerpt":{"rendered":"<p>Bezvadu meteorolo\u0123isk\u0101 stacija ar praktisk\u0101m funkcij\u0101m \u0160\u012b premium bezvadu meteorolo\u0123isk\u0101 stacija ir uzticams pal\u012bgs ikdien\u0101, nodro\u0161inot prec\u012bzu iek\u0161telpu un \u0101ra temperat\u016bras un mitruma m\u0113r\u012b\u0161anu. Ier\u012bce att\u0113lo pulksteni, datumu, minim\u0101l\u0101s un maksim\u0101l\u0101s temperat\u016bras, k\u0101 ar\u012b m\u0113ness f\u0101zes un laikapst\u0101k\u013cu prognozi. Stacija pied\u0101v\u0101 temperat\u016bras br\u012bdin\u0101jumus, tendences indikatoru un 5 l\u012bme\u0146u komforta indikatoru, kas \u013cauj vienm\u0113r uztur\u0113t optim\u0101lus [&hellip;]<\/p>\n","protected":false},"featured_media":108018,"comment_status":"closed","ping_status":"closed","template":"","meta":{"inline_featured_image":false},"product_cat":[772,541],"product_tag":[],"yst_prominent_words":[],"class_list":{"0":"post-107486","1":"product","2":"type-product","3":"status-publish","4":"has-post-thumbnail","6":"product_cat-atlaides","7":"product_cat-termometri-meteostacijas","9":"first","10":"instock","11":"sale","12":"taxable","13":"shipping-taxable","14":"purchasable","15":"product-type-simple"},"jetpack_sharing_enabled":true,"_links":{"self":[{"href":"https:\/\/ddt.lv\/lv\/wp-json\/wp\/v2\/product\/107486"}],"collection":[{"href":"https:\/\/ddt.lv\/lv\/wp-json\/wp\/v2\/product"}],"about":[{"href":"https:\/\/ddt.lv\/lv\/wp-json\/wp\/v2\/types\/product"}],"replies":[{"embeddable":true,"href":"https:\/\/ddt.lv\/lv\/wp-json\/wp\/v2\/comments?post=107486"}],"wp:featuredmedia":[{"embeddable":true,"href":"https:\/\/ddt.lv\/lv\/wp-json\/wp\/v2\/media\/108018"}],"wp:attachment":[{"href":"https:\/\/ddt.lv\/lv\/wp-json\/wp\/v2\/media?parent=107486"}],"wp:term":[{"taxonomy":"product_cat","embeddable":true,"href":"https:\/\/ddt.lv\/lv\/wp-json\/wp\/v2\/product_cat?post=107486"},{"taxonomy":"product_tag","embeddable":true,"href":"https:\/\/ddt.lv\/lv\/wp-json\/wp\/v2\/product_tag?post=107486"},{"taxonomy":"yst_prominent_words","embeddable":true,"href":"https:\/\/ddt.lv\/lv\/wp-json\/wp\/v2\/yst_prominent_words?post=107486"}],"curies":[{"name":"wp","href":"https:\/\/api.w.org\/{rel}","templated":true}]}}