{"id":107485,"date":"2026-03-25T00:15:38","date_gmt":"2026-03-24T22:15:38","guid":{"rendered":"https:\/\/ddt.lv\/lv\/product\/digitalais-termometrs-ar-mitruma-meritaju-bezvadu-sensoru-modinataju-un-datumu-e0558w-emos\/"},"modified":"2026-04-13T11:50:34","modified_gmt":"2026-04-13T08:50:34","slug":"digitalais-termometrs-ar-mitruma-meritaju-bezvadu-sensoru-modinataju-un-datumu-e0558w-emos","status":"publish","type":"product","link":"https:\/\/ddt.lv\/lv\/product\/digitalais-termometrs-ar-mitruma-meritaju-bezvadu-sensoru-modinataju-un-datumu-e0558w-emos\/","title":{"rendered":"Digit\u0101lais termometrs ar mitruma m\u0113r\u012bt\u0101ju, bezvadu sensoru, modin\u0101t\u0101ju un datumu E0558W EMOS"},"content":{"rendered":"<p><\/p>\n<h2 data-section-id=\"1g1efdy\" data-start=\"122\" data-end=\"198\">Bezvadu termometrs ar iek\u0161\u0113j\u0101s un \u0101r\u0113j\u0101s temperat\u016bras un mitruma m\u0113r\u012b\u0161anu<\/h2>\n<p data-start=\"200\" data-end=\"508\">\u0160is modernais bezvadu termometrs nodro\u0161ina prec\u012bzu iek\u0161\u0113j\u0101s un \u0101r\u0113j\u0101s temperat\u016bras m\u0113r\u012b\u0161anu ar 0,1\u00b0C iz\u0161\u0137irtsp\u0113ju, k\u0101 ar\u012b att\u0113lo relat\u012bvo gaisa mitrumu diapazon\u0101 no 1% l\u012bdz 99%. Ier\u012bce pied\u0101v\u0101 temperat\u016bras tendences indik\u0101ciju un tr\u012bs l\u012bme\u0146u komforta indikatoru, kas pal\u012bdz \u0101tri nov\u0113rt\u0113t telpas mikroklimatu.<\/p>\n<p data-start=\"510\" data-end=\"625\">\u0100ra temperat\u016bru m\u0113ra bezvadu sensors, kuru var novietot l\u012bdz 100 m att\u0101lum\u0101 no galven\u0101s ier\u012bces atkl\u0101t\u0101 teritorij\u0101.<\/p>\n<p data-start=\"627\" data-end=\"828\">Termometrs apr\u012bkots ar vair\u0101k\u0101m praktisk\u0101m funkcij\u0101m, kas padara to par \u0113rtu ikdienas pal\u012bgu \u2013 modin\u0101t\u0101js ar atk\u0101rtotas signaliz\u0101cijas funkciju, 12\/24 stundu kvarca pulkstenis un skaidrs datu displejs.<\/p>\n<p data-start=\"830\" data-end=\"1037\">Ier\u012bce darbojas ar 2 \u00d7 AAA baterij\u0101m (nav iek\u013cautas komplekt\u0101), un lietot\u0101js var izv\u0113l\u0113ties temperat\u016bras m\u0113rvien\u012bbas \u00b0C vai \u00b0F. Termometru var novietot uz plaukta vai kumodes, k\u0101 ar\u012b piestiprin\u0101t pie sienas.<\/p>\n<p><\/p>","protected":false},"excerpt":{"rendered":"<p>Bezvadu termometrs ar iek\u0161\u0113j\u0101s un \u0101r\u0113j\u0101s temperat\u016bras un mitruma m\u0113r\u012b\u0161anu \u0160is modernais bezvadu termometrs nodro\u0161ina prec\u012bzu iek\u0161\u0113j\u0101s un \u0101r\u0113j\u0101s temperat\u016bras m\u0113r\u012b\u0161anu ar 0,1\u00b0C iz\u0161\u0137irtsp\u0113ju, k\u0101 ar\u012b att\u0113lo relat\u012bvo gaisa mitrumu diapazon\u0101 no 1% l\u012bdz 99%. Ier\u012bce pied\u0101v\u0101 temperat\u016bras tendences indik\u0101ciju un tr\u012bs l\u012bme\u0146u komforta indikatoru, kas pal\u012bdz \u0101tri nov\u0113rt\u0113t telpas mikroklimatu. \u0100ra temperat\u016bru m\u0113ra bezvadu [&hellip;]<\/p>\n","protected":false},"featured_media":108013,"comment_status":"closed","ping_status":"closed","template":"","meta":{"inline_featured_image":false},"product_cat":[772,541],"product_tag":[],"yst_prominent_words":[],"class_list":{"0":"post-107485","1":"product","2":"type-product","3":"status-publish","4":"has-post-thumbnail","6":"product_cat-atlaides","7":"product_cat-termometri-meteostacijas","9":"first","10":"instock","11":"sale","12":"taxable","13":"shipping-taxable","14":"purchasable","15":"product-type-simple"},"jetpack_sharing_enabled":true,"_links":{"self":[{"href":"https:\/\/ddt.lv\/lv\/wp-json\/wp\/v2\/product\/107485"}],"collection":[{"href":"https:\/\/ddt.lv\/lv\/wp-json\/wp\/v2\/product"}],"about":[{"href":"https:\/\/ddt.lv\/lv\/wp-json\/wp\/v2\/types\/product"}],"replies":[{"embeddable":true,"href":"https:\/\/ddt.lv\/lv\/wp-json\/wp\/v2\/comments?post=107485"}],"wp:featuredmedia":[{"embeddable":true,"href":"https:\/\/ddt.lv\/lv\/wp-json\/wp\/v2\/media\/108013"}],"wp:attachment":[{"href":"https:\/\/ddt.lv\/lv\/wp-json\/wp\/v2\/media?parent=107485"}],"wp:term":[{"taxonomy":"product_cat","embeddable":true,"href":"https:\/\/ddt.lv\/lv\/wp-json\/wp\/v2\/product_cat?post=107485"},{"taxonomy":"product_tag","embeddable":true,"href":"https:\/\/ddt.lv\/lv\/wp-json\/wp\/v2\/product_tag?post=107485"},{"taxonomy":"yst_prominent_words","embeddable":true,"href":"https:\/\/ddt.lv\/lv\/wp-json\/wp\/v2\/yst_prominent_words?post=107485"}],"curies":[{"name":"wp","href":"https:\/\/api.w.org\/{rel}","templated":true}]}}