{"id":107484,"date":"2026-03-25T00:15:37","date_gmt":"2026-03-24T22:15:37","guid":{"rendered":"https:\/\/ddt.lv\/lv\/product\/digitalais-termometrs-ar-mitruma-meritaju-ar-vada-sensoru-un-modinataju-e0558p-emos\/"},"modified":"2026-04-13T11:50:34","modified_gmt":"2026-04-13T08:50:34","slug":"digitalais-termometrs-ar-mitruma-meritaju-ar-vada-sensoru-un-modinataju-e0558p-emos","status":"publish","type":"product","link":"https:\/\/ddt.lv\/lv\/product\/digitalais-termometrs-ar-mitruma-meritaju-ar-vada-sensoru-un-modinataju-e0558p-emos\/","title":{"rendered":"Digit\u0101lais termometrs ar mitruma m\u0113r\u012bt\u0101ju, ar vada sensoru un modin\u0101t\u0101ju E0558P EMOS"},"content":{"rendered":"<p><\/p>\n<h3 data-section-id=\"1igtwed\" data-start=\"280\" data-end=\"350\">Vadu termometrs E0558P ar iek\u0161\u0113j\u0101s un \u0101r\u0113j\u0101s temperat\u016bras m\u0113r\u012b\u0161anu<\/h3>\n<p data-start=\"352\" data-end=\"593\">E0558P vadu termometrs ir praktisks un prec\u012bzs risin\u0101jums temperat\u016bras un mitruma uzraudz\u012bbai m\u0101j\u0101s. Tas nodro\u0161ina iek\u0161\u0113j\u0101s un \u0101r\u0113j\u0101s temperat\u016bras m\u0113r\u012b\u0161anu ar 0,1\u00b0C iz\u0161\u0137irtsp\u0113ju, k\u0101 ar\u012b att\u0113lo relat\u012bvo gaisa mitrumu diapazon\u0101 no 1% l\u012bdz 99%.<\/p>\n<p data-start=\"595\" data-end=\"754\">\u0100ra temperat\u016bras m\u0113r\u012b\u0161anai paredz\u0113ts <strong data-start=\"632\" data-end=\"659\">1,9 m gar\u0161 vadu sensors<\/strong>, kuru var \u0113rti novietot \u0101rpus loga, bet pa\u0161u ier\u012bci \u2013 uz palodzes vai piestiprin\u0101t pie sienas.<\/p>\n<hr data-start=\"756\" data-end=\"759\" \/>\n<h3 data-section-id=\"apap40\" data-start=\"761\" data-end=\"810\">Komforta indikators un temperat\u016bras tendences<\/h3>\n<p data-start=\"812\" data-end=\"934\">Ier\u012bce pied\u0101v\u0101 temperat\u016bras tendences indikatoru un 3 l\u012bme\u0146u komforta indikatoru, kas pal\u012bdz nov\u0113rt\u0113t telpas mikroklimatu:<\/p>\n<p data-start=\"936\" data-end=\"1007\">\u2022 DRY \u2013 &lt; 40% mitrums<br data-start=\"957\" data-end=\"960\" \/>\u2022 OK \u2013 40\u201370% mitrums<br data-start=\"981\" data-end=\"984\" \/>\u2022 WET \u2013 &gt; 70% mitrums<\/p>\n<hr data-start=\"1009\" data-end=\"1012\" \/>\n<h3 data-section-id=\"o4lt9t\" data-start=\"1014\" data-end=\"1047\">Praktiskas funkcijas ikdienai<\/h3>\n<p data-start=\"1049\" data-end=\"1072\">Termometrs apr\u012bkots ar:<\/p>\n<p data-start=\"1074\" data-end=\"1197\">\u2022 modin\u0101t\u0101ju ar atlik\u0161anas funkciju<br data-start=\"1109\" data-end=\"1112\" \/>\u2022 kvalitat\u012bvu kvarca pulksteni (12\/24 h form\u0101ts)<br data-start=\"1160\" data-end=\"1163\" \/>\u2022 p\u0101rsl\u0113dzam\u0101m m\u0113rvien\u012bb\u0101m \u00b0C\/\u00b0F<\/p>\n<p data-start=\"1199\" data-end=\"1274\">Vienk\u0101r\u0161a lieto\u0161ana un skaidrs displejs padara to par \u0113rtu ikdienas pal\u012bgu.<\/p>\n<p><\/p>","protected":false},"excerpt":{"rendered":"<p>Vadu termometrs E0558P ar iek\u0161\u0113j\u0101s un \u0101r\u0113j\u0101s temperat\u016bras m\u0113r\u012b\u0161anu E0558P vadu termometrs ir praktisks un prec\u012bzs risin\u0101jums temperat\u016bras un mitruma uzraudz\u012bbai m\u0101j\u0101s. Tas nodro\u0161ina iek\u0161\u0113j\u0101s un \u0101r\u0113j\u0101s temperat\u016bras m\u0113r\u012b\u0161anu ar 0,1\u00b0C iz\u0161\u0137irtsp\u0113ju, k\u0101 ar\u012b att\u0113lo relat\u012bvo gaisa mitrumu diapazon\u0101 no 1% l\u012bdz 99%. \u0100ra temperat\u016bras m\u0113r\u012b\u0161anai paredz\u0113ts 1,9 m gar\u0161 vadu sensors, kuru var \u0113rti [&hellip;]<\/p>\n","protected":false},"featured_media":108029,"comment_status":"closed","ping_status":"closed","template":"","meta":{"inline_featured_image":false},"product_cat":[541],"product_tag":[],"yst_prominent_words":[],"class_list":{"0":"post-107484","1":"product","2":"type-product","3":"status-publish","4":"has-post-thumbnail","6":"product_cat-termometri-meteostacijas","8":"first","9":"instock","10":"taxable","11":"shipping-taxable","12":"purchasable","13":"product-type-simple"},"jetpack_sharing_enabled":true,"_links":{"self":[{"href":"https:\/\/ddt.lv\/lv\/wp-json\/wp\/v2\/product\/107484"}],"collection":[{"href":"https:\/\/ddt.lv\/lv\/wp-json\/wp\/v2\/product"}],"about":[{"href":"https:\/\/ddt.lv\/lv\/wp-json\/wp\/v2\/types\/product"}],"replies":[{"embeddable":true,"href":"https:\/\/ddt.lv\/lv\/wp-json\/wp\/v2\/comments?post=107484"}],"wp:featuredmedia":[{"embeddable":true,"href":"https:\/\/ddt.lv\/lv\/wp-json\/wp\/v2\/media\/108029"}],"wp:attachment":[{"href":"https:\/\/ddt.lv\/lv\/wp-json\/wp\/v2\/media?parent=107484"}],"wp:term":[{"taxonomy":"product_cat","embeddable":true,"href":"https:\/\/ddt.lv\/lv\/wp-json\/wp\/v2\/product_cat?post=107484"},{"taxonomy":"product_tag","embeddable":true,"href":"https:\/\/ddt.lv\/lv\/wp-json\/wp\/v2\/product_tag?post=107484"},{"taxonomy":"yst_prominent_words","embeddable":true,"href":"https:\/\/ddt.lv\/lv\/wp-json\/wp\/v2\/yst_prominent_words?post=107484"}],"curies":[{"name":"wp","href":"https:\/\/api.w.org\/{rel}","templated":true}]}}