{"id":107483,"date":"2026-03-25T00:15:37","date_gmt":"2026-03-24T22:15:37","guid":{"rendered":"https:\/\/ddt.lv\/lv\/product\/gosmart-gaisa-kvalitates-monitors-e30300-emos\/"},"modified":"2026-04-13T10:06:42","modified_gmt":"2026-04-13T07:06:42","slug":"gosmart-gaisa-kvalitates-monitors-e30300-emos","status":"publish","type":"product","link":"https:\/\/ddt.lv\/lv\/product\/gosmart-gaisa-kvalitates-monitors-e30300-emos\/","title":{"rendered":"GoSmart gaisa kvalit\u0101tes monitors E30300 EMOS"},"content":{"rendered":"<p><\/p>\n<h3 data-section-id=\"wie60z\" data-start=\"288\" data-end=\"320\">Kvalitat\u012bva un vesel\u012bga vide<\/h3>\n<p data-start=\"322\" data-end=\"559\">Paaugstin\u0101ts CO\u2082 l\u012bmenis telp\u0101s var izrais\u012bt miegain\u012bbu, nogurumu, koncentr\u0113\u0161an\u0101s samazin\u0101\u0161anos un galvass\u0101pes. GoSmart gaisa kvalit\u0101tes monitors pal\u012bdz uztur\u0113t vesel\u012bgu un komfortablu vidi, nep\u0101rtraukti uzraugot oglek\u013ca dioks\u012bda l\u012bmeni.<\/p>\n<p data-start=\"561\" data-end=\"725\">Ier\u012bce br\u012bdina par paaugstin\u0101tu CO\u2082 koncentr\u0101ciju ar ieb\u016bv\u0113tu ska\u0146as sign\u0101lu un vienlaikus nos\u016bta pazi\u0146ojumus uz j\u016bsu viedt\u0101lruni, izmantojot EMOS GoSmart lietotni.<\/p>\n<hr data-start=\"727\" data-end=\"730\" \/>\n<h3 data-section-id=\"4tg211\" data-start=\"732\" data-end=\"772\">Viedas funkcijas ikdienas lieto\u0161anai<\/h3>\n<p data-start=\"774\" data-end=\"828\">Skaidrs LED displejs ar past\u0101v\u012bgu apgaismojumu att\u0113lo:<\/p>\n<p data-start=\"830\" data-end=\"931\">\u2022 CO\u2082 l\u012bmeni ar kr\u0101su indikatoriem (3 l\u012bme\u0146i)<br data-start=\"875\" data-end=\"878\" \/>\u2022 Telpas temperat\u016bru un mitrumu<br data-start=\"909\" data-end=\"912\" \/>\u2022 Laiku un datumu<\/p>\n<p data-start=\"933\" data-end=\"1032\">Lietotn\u0113 iesp\u0113jams p\u0101rskat\u012bt minim\u0101l\u0101s un maksim\u0101l\u0101s v\u0113rt\u012bbas. Ier\u012bce var kalpot ar\u012b k\u0101 modin\u0101t\u0101js.<\/p>\n<hr data-start=\"1034\" data-end=\"1037\" \/>\n<h3 data-section-id=\"1x94mmn\" data-start=\"1039\" data-end=\"1061\">Pla\u0161s pielietojums<\/h3>\n<p data-start=\"1063\" data-end=\"1080\">Ide\u0101li piem\u0113rots:<\/p>\n<p data-start=\"1082\" data-end=\"1172\">\u2022 dz\u012bvojam\u0101m telp\u0101m<br data-start=\"1101\" data-end=\"1104\" \/>\u2022 birojiem un darba telp\u0101m<br data-start=\"1130\" data-end=\"1133\" \/>\u2022 skol\u0101m un klas\u0113m<br data-start=\"1151\" data-end=\"1154\" \/>\u2022 sapul\u010du telp\u0101m<\/p>\n<p data-start=\"1174\" data-end=\"1255\">Modernais dizains un praktiskais stat\u012bvs \u013cauj ier\u012bci \u0113rti novietot jebkur\u0101 telp\u0101.<\/p>\n<hr data-start=\"1257\" data-end=\"1260\" \/>\n<h3 data-section-id=\"1gvuxfr\" data-start=\"1262\" data-end=\"1290\">Gudr\u0101s m\u0101jas integr\u0101cija<\/h3>\n<p data-start=\"1292\" data-end=\"1386\">Savienojiet ier\u012bci ar WiFi un EMOS GoSmart lietotni (Android \/ iOS), lai automatiz\u0113tu m\u0101jokli.<\/p>\n<p data-start=\"1388\" data-end=\"1488\">Balstoties uz m\u0113r\u012bjumiem (CO\u2082, mitrums, temperat\u016bra), iesp\u0113jams autom\u0101tiski aktiviz\u0113t citas ier\u012bces:<\/p>\n<p data-start=\"1490\" data-end=\"1565\">\u2022 ventilatorus<br data-start=\"1504\" data-end=\"1507\" \/>\u2022 gaisa kondicionierus<br data-start=\"1529\" data-end=\"1532\" \/>\u2022 mitrin\u0101t\u0101jus vai sausin\u0101t\u0101jus<\/p>\n<hr data-start=\"1567\" data-end=\"1570\" \/>\n<h3 data-section-id=\"bhbk9v\" data-start=\"1572\" data-end=\"1593\">Uzl\u0101de un darb\u012bba<\/h3>\n<p data-start=\"1595\" data-end=\"1738\">Ier\u012bce tiek uzl\u0101d\u0113ta ar <strong data-start=\"1619\" data-end=\"1656\">USB-C kabeli (iek\u013cauts komplekt\u0101)<\/strong>. Ieb\u016bv\u0113tais akumulators nodro\u0161ina darb\u012bbu l\u012bdz <strong data-start=\"1704\" data-end=\"1737\">4 stund\u0101m bez str\u0101vas padeves<\/strong>.<\/p>\n<p><\/p>","protected":false},"excerpt":{"rendered":"<p>Kvalitat\u012bva un vesel\u012bga vide Paaugstin\u0101ts CO\u2082 l\u012bmenis telp\u0101s var izrais\u012bt miegain\u012bbu, nogurumu, koncentr\u0113\u0161an\u0101s samazin\u0101\u0161anos un galvass\u0101pes. GoSmart gaisa kvalit\u0101tes monitors pal\u012bdz uztur\u0113t vesel\u012bgu un komfortablu vidi, nep\u0101rtraukti uzraugot oglek\u013ca dioks\u012bda l\u012bmeni. Ier\u012bce br\u012bdina par paaugstin\u0101tu CO\u2082 koncentr\u0101ciju ar ieb\u016bv\u0113tu ska\u0146as sign\u0101lu un vienlaikus nos\u016bta pazi\u0146ojumus uz j\u016bsu viedt\u0101lruni, izmantojot EMOS GoSmart lietotni. Viedas funkcijas ikdienas [&hellip;]<\/p>\n","protected":false},"featured_media":108026,"comment_status":"closed","ping_status":"closed","template":"","meta":{"inline_featured_image":false},"product_cat":[772,541],"product_tag":[],"yst_prominent_words":[],"class_list":{"0":"post-107483","1":"product","2":"type-product","3":"status-publish","4":"has-post-thumbnail","6":"product_cat-atlaides","7":"product_cat-termometri-meteostacijas","9":"first","10":"instock","11":"sale","12":"taxable","13":"shipping-taxable","14":"purchasable","15":"product-type-simple"},"jetpack_sharing_enabled":true,"_links":{"self":[{"href":"https:\/\/ddt.lv\/lv\/wp-json\/wp\/v2\/product\/107483"}],"collection":[{"href":"https:\/\/ddt.lv\/lv\/wp-json\/wp\/v2\/product"}],"about":[{"href":"https:\/\/ddt.lv\/lv\/wp-json\/wp\/v2\/types\/product"}],"replies":[{"embeddable":true,"href":"https:\/\/ddt.lv\/lv\/wp-json\/wp\/v2\/comments?post=107483"}],"wp:featuredmedia":[{"embeddable":true,"href":"https:\/\/ddt.lv\/lv\/wp-json\/wp\/v2\/media\/108026"}],"wp:attachment":[{"href":"https:\/\/ddt.lv\/lv\/wp-json\/wp\/v2\/media?parent=107483"}],"wp:term":[{"taxonomy":"product_cat","embeddable":true,"href":"https:\/\/ddt.lv\/lv\/wp-json\/wp\/v2\/product_cat?post=107483"},{"taxonomy":"product_tag","embeddable":true,"href":"https:\/\/ddt.lv\/lv\/wp-json\/wp\/v2\/product_tag?post=107483"},{"taxonomy":"yst_prominent_words","embeddable":true,"href":"https:\/\/ddt.lv\/lv\/wp-json\/wp\/v2\/yst_prominent_words?post=107483"}],"curies":[{"name":"wp","href":"https:\/\/api.w.org\/{rel}","templated":true}]}}