{"id":107482,"date":"2026-03-25T00:15:36","date_gmt":"2026-03-24T22:15:36","guid":{"rendered":"https:\/\/ddt.lv\/lv\/product\/gosmart-e8610-bezvadu-meteorologiska-stacija-ar-wi-fi-emos\/"},"modified":"2026-04-13T10:06:42","modified_gmt":"2026-04-13T07:06:42","slug":"gosmart-e8610-bezvadu-meteorologiska-stacija-ar-wi-fi-emos","status":"publish","type":"product","link":"https:\/\/ddt.lv\/lv\/product\/gosmart-e8610-bezvadu-meteorologiska-stacija-ar-wi-fi-emos\/","title":{"rendered":"GoSmart E8610 bezvadu meteorolo\u0123isk\u0101 stacija ar Wi-Fi EMOS"},"content":{"rendered":"<p><\/p>\n<h3 data-section-id=\"kcmgdu\" data-start=\"280\" data-end=\"310\">Gudra m\u0101ja ar EMOS GoSmart<\/h3>\n<p data-start=\"312\" data-end=\"530\">Izveidojiet savu viedo m\u0101ju ar <strong data-start=\"343\" data-end=\"359\">EMOS GoSmart<\/strong> un cit\u0101m TUYA sader\u012bg\u0101m ier\u012bc\u0113m. Savienojiet produktus vienot\u0101 sist\u0113m\u0101, automatiz\u0113jiet to darb\u012bbu un vadiet att\u0101lin\u0101ti, izmantojot intuit\u012bvu mobil\u0101s lietotnes interfeisu.<\/p>\n<hr data-start=\"532\" data-end=\"535\" \/>\n<h3 data-section-id=\"1tze70e\" data-start=\"537\" data-end=\"582\">Piln\u012bgs laikapst\u0101k\u013cu p\u0101rskats j\u016bsu kabat\u0101<\/h3>\n<p data-start=\"584\" data-end=\"785\">Vied\u0101 meteorolo\u0123isk\u0101 stacija <strong data-start=\"613\" data-end=\"622\">E8610<\/strong> nodro\u0161ina prec\u012bzu iek\u0161telpu un \u0101ra temperat\u016bras un mitruma uzraudz\u012bbu. Pateicoties WiFi savienojumam, j\u016bs varat sekot l\u012bdzi datiem jebkur\u0101 laik\u0101 sav\u0101 viedt\u0101lrun\u012b.<\/p>\n<p data-start=\"787\" data-end=\"807\">LED displejs att\u0113lo:<\/p>\n<p data-start=\"809\" data-end=\"943\">\u2022 Temperat\u016bru un mitrumu<br data-start=\"833\" data-end=\"836\" \/>\u2022 Datumu, laiku un kalend\u0101ru<br data-start=\"864\" data-end=\"867\" \/>\u2022 Modin\u0101t\u0101ju<br data-start=\"879\" data-end=\"882\" \/>\u2022 Min.\/maks. temperat\u016bras<br data-start=\"907\" data-end=\"910\" \/>\u2022 5 dienu laikapst\u0101k\u013cu prognozi<\/p>\n<hr data-start=\"945\" data-end=\"948\" \/>\n<h3 data-section-id=\"84puds\" data-start=\"950\" data-end=\"977\">Sensori un datu anal\u012bze<\/h3>\n<p data-start=\"979\" data-end=\"1109\">Meteorolo\u0123isk\u0101 stacija atbalsta l\u012bdz <strong data-start=\"1016\" data-end=\"1031\">3 sensoriem<\/strong> (1 iek\u013cauts komplekt\u0101), kurus var izvietot da\u017e\u0101d\u0101s viet\u0101s l\u012bdz 80 m att\u0101lum\u0101.<\/p>\n<p data-start=\"1111\" data-end=\"1129\">Mobilaj\u0101 lietotn\u0113:<\/p>\n<p data-start=\"1131\" data-end=\"1269\">\u2022 Dati tiek att\u0113loti grafikos<br data-start=\"1160\" data-end=\"1163\" \/>\u2022 Iesp\u0113jams eksport\u0113t uz Excel<br data-start=\"1193\" data-end=\"1196\" \/>\u2022 Iesp\u0113jams uzraudz\u012bt da\u017e\u0101das telpas (piem\u0113ram, siltumn\u012bcu vai pagrabu)<\/p>\n<hr data-start=\"1271\" data-end=\"1274\" \/>\n<h3 data-section-id=\"h2nj3v\" data-start=\"1276\" data-end=\"1309\">Automatiz\u0101cija un br\u012bdin\u0101jumi<\/h3>\n<p data-start=\"1311\" data-end=\"1363\">Izmantojot gudros scen\u0101rijus, iesp\u0113jams automatiz\u0113t:<\/p>\n<p data-start=\"1365\" data-end=\"1426\">\u2022 apkures sist\u0113mas<br data-start=\"1383\" data-end=\"1386\" \/>\u2022 gaisa kondicionierus<br data-start=\"1408\" data-end=\"1411\" \/>\u2022 ventil\u0101ciju<\/p>\n<p data-start=\"1428\" data-end=\"1541\">Ier\u012bce pied\u0101v\u0101 <strong data-start=\"1443\" data-end=\"1484\">4 temperat\u016bras trauksmes iestat\u012bjumus<\/strong>, kas pal\u012bdz nov\u0113rst p\u0101rkar\u0161anu vai p\u0101r\u0101k augstu mitrumu.<\/p>\n<hr data-start=\"1543\" data-end=\"1546\" \/>\n<h3 data-section-id=\"1pkb34m\" data-start=\"1548\" data-end=\"1574\">Dizains un uzst\u0101d\u012b\u0161ana<\/h3>\n<p data-start=\"1576\" data-end=\"1662\">Moderns dizains un kvalitat\u012bva apdare padara \u0161o ier\u012bci par stil\u012bgu interjera elementu.<\/p>\n<p data-start=\"1664\" data-end=\"1742\">\u2022 Uzst\u0101d\u012b\u0161ana uz galda vai pie sienas<br data-start=\"1701\" data-end=\"1704\" \/>\u2022 Vienk\u0101r\u0161a uzst\u0101d\u012b\u0161ana un lieto\u0161ana<\/p>\n<hr data-start=\"1744\" data-end=\"1747\" \/>\n<h3 data-section-id=\"5dr9ib\" data-start=\"1749\" data-end=\"1778\">Komplekt\u0101cija un baro\u0161ana<\/h3>\n<p data-start=\"1780\" data-end=\"1851\">\u2022 Galven\u0101 stacija<br data-start=\"1797\" data-end=\"1800\" \/>\u2022 1 \u0101r\u0113jais sensors<br data-start=\"1819\" data-end=\"1822\" \/>\u2022 5V DC \/ 1000 mA adapteris<\/p>\n<p data-start=\"1853\" data-end=\"1911\">Sensori darbojas ar <strong data-start=\"1873\" data-end=\"1910\">2 \u00d7 AAA baterij\u0101m (nav iek\u013cautas)<\/strong>.<\/p>\n<p><\/p>","protected":false},"excerpt":{"rendered":"<p>Gudra m\u0101ja ar EMOS GoSmart Izveidojiet savu viedo m\u0101ju ar EMOS GoSmart un cit\u0101m TUYA sader\u012bg\u0101m ier\u012bc\u0113m. Savienojiet produktus vienot\u0101 sist\u0113m\u0101, automatiz\u0113jiet to darb\u012bbu un vadiet att\u0101lin\u0101ti, izmantojot intuit\u012bvu mobil\u0101s lietotnes interfeisu. Piln\u012bgs laikapst\u0101k\u013cu p\u0101rskats j\u016bsu kabat\u0101 Vied\u0101 meteorolo\u0123isk\u0101 stacija E8610 nodro\u0161ina prec\u012bzu iek\u0161telpu un \u0101ra temperat\u016bras un mitruma uzraudz\u012bbu. Pateicoties WiFi savienojumam, j\u016bs varat [&hellip;]<\/p>\n","protected":false},"featured_media":108055,"comment_status":"closed","ping_status":"closed","template":"","meta":{"inline_featured_image":false},"product_cat":[772,541],"product_tag":[],"yst_prominent_words":[],"class_list":{"0":"post-107482","1":"product","2":"type-product","3":"status-publish","4":"has-post-thumbnail","6":"product_cat-atlaides","7":"product_cat-termometri-meteostacijas","9":"first","10":"outofstock","11":"sale","12":"taxable","13":"shipping-taxable","14":"purchasable","15":"product-type-simple"},"jetpack_sharing_enabled":true,"_links":{"self":[{"href":"https:\/\/ddt.lv\/lv\/wp-json\/wp\/v2\/product\/107482"}],"collection":[{"href":"https:\/\/ddt.lv\/lv\/wp-json\/wp\/v2\/product"}],"about":[{"href":"https:\/\/ddt.lv\/lv\/wp-json\/wp\/v2\/types\/product"}],"replies":[{"embeddable":true,"href":"https:\/\/ddt.lv\/lv\/wp-json\/wp\/v2\/comments?post=107482"}],"wp:featuredmedia":[{"embeddable":true,"href":"https:\/\/ddt.lv\/lv\/wp-json\/wp\/v2\/media\/108055"}],"wp:attachment":[{"href":"https:\/\/ddt.lv\/lv\/wp-json\/wp\/v2\/media?parent=107482"}],"wp:term":[{"taxonomy":"product_cat","embeddable":true,"href":"https:\/\/ddt.lv\/lv\/wp-json\/wp\/v2\/product_cat?post=107482"},{"taxonomy":"product_tag","embeddable":true,"href":"https:\/\/ddt.lv\/lv\/wp-json\/wp\/v2\/product_tag?post=107482"},{"taxonomy":"yst_prominent_words","embeddable":true,"href":"https:\/\/ddt.lv\/lv\/wp-json\/wp\/v2\/yst_prominent_words?post=107482"}],"curies":[{"name":"wp","href":"https:\/\/api.w.org\/{rel}","templated":true}]}}