{"id":107481,"date":"2026-03-25T00:15:36","date_gmt":"2026-03-24T22:15:36","guid":{"rendered":"https:\/\/ddt.lv\/lv\/product\/majas-bezvadu-meteorologiska-stacija-e8614-emos\/"},"modified":"2026-04-13T11:50:34","modified_gmt":"2026-04-13T08:50:34","slug":"majas-bezvadu-meteorologiska-stacija-e8614-emos","status":"publish","type":"product","link":"https:\/\/ddt.lv\/lv\/product\/majas-bezvadu-meteorologiska-stacija-e8614-emos\/","title":{"rendered":"M\u0101jas bezvadu meteorolo\u0123isk\u0101 stacija E8614 EMOS"},"content":{"rendered":"<p><\/p>\n<h3 data-section-id=\"n59yaa\" data-start=\"277\" data-end=\"327\">Meteorolo\u0123isk\u0101 stacija ar praktisk\u0101m funkcij\u0101m<\/h3>\n<p data-start=\"329\" data-end=\"644\">\u0160\u012b premium meteorolo\u0123isk\u0101 stacija nodro\u0161ina prec\u012bzu iek\u0161telpu un \u0101ra temperat\u016bras un mitruma m\u0113r\u012b\u0161anu, k\u0101 ar\u012b sniedz detaliz\u0113tu laikapst\u0101k\u013cu prognozi un spiediena tendences. Ier\u012bce att\u0113lo laiku, datumu un minim\u0101l\u0101s un maksim\u0101l\u0101s temperat\u016bras, k\u0101 ar\u012b br\u012bdina par salu, kad temperat\u016bra pietuvojas kritiskajai robe\u017eai.<\/p>\n<hr data-start=\"646\" data-end=\"649\" \/>\n<h3 data-section-id=\"1bd1lfz\" data-start=\"651\" data-end=\"695\">Kr\u0101su displejs un p\u0101rskat\u0101ma inform\u0101cija<\/h3>\n<p data-start=\"697\" data-end=\"760\">Lielais kr\u0101su displejs skaidri att\u0113lo visu svar\u012bgo inform\u0101ciju:<\/p>\n<p data-start=\"762\" data-end=\"934\">\u2022 Iek\u0161telpu un \u0101ra temperat\u016bra un mitrums<br data-start=\"803\" data-end=\"806\" \/>\u2022 Laikapst\u0101k\u013cu prognoze<br data-start=\"829\" data-end=\"832\" \/>\u2022 Spiediena tendences<br data-start=\"853\" data-end=\"856\" \/>\u2022 Salnas br\u012bdin\u0101jums (-1 \u00b0C l\u012bdz +3 \u00b0C)<br data-start=\"895\" data-end=\"898\" \/>\u2022 Min.\/maks. temperat\u016bras v\u0113rt\u012bbas<\/p>\n<p data-start=\"936\" data-end=\"1064\">Str\u0101d\u0101jot ar adapteri \u2013 displejs ir past\u0101v\u012bgi izgaismots<br data-start=\"992\" data-end=\"995\" \/>Darbojoties ar baterij\u0101m \u2013 apgaismojums aktiviz\u0113jams uz 15 sekund\u0113m<\/p>\n<hr data-start=\"1066\" data-end=\"1069\" \/>\n<h3 data-section-id=\"i2xops\" data-start=\"1071\" data-end=\"1100\">Pla\u0161as funkcijas ikdienai<\/h3>\n<p data-start=\"1102\" data-end=\"1252\">\u2022 DCF radio kontrol\u0113ts pulkstenis<br data-start=\"1135\" data-end=\"1138\" \/>\u2022 Divi modin\u0101t\u0101ji<br data-start=\"1155\" data-end=\"1158\" \/>\u2022 Kalend\u0101rs un datums<br data-start=\"1179\" data-end=\"1182\" \/>\u2022 Temperat\u016bras tendences<br data-start=\"1206\" data-end=\"1209\" \/>\u2022 Prec\u012bzi m\u0113r\u012bjumi ar 0,1 \u00b0C iz\u0161\u0137irtsp\u0113ju<\/p>\n<hr data-start=\"1254\" data-end=\"1257\" \/>\n<h3 data-section-id=\"ju8c50\" data-start=\"1259\" data-end=\"1292\">Sensori un elast\u012bga lieto\u0161ana<\/h3>\n<p data-start=\"1294\" data-end=\"1392\">Komplekt\u0101 iek\u013cauti <strong data-start=\"1313\" data-end=\"1334\">3 bezvadu sensori<\/strong>, kurus var novietot da\u017e\u0101d\u0101s viet\u0101s \u2013 gan telp\u0101s, gan \u0101r\u0101.<\/p>\n<p data-start=\"1394\" data-end=\"1479\">\u2022 Iek\u0161telpu temperat\u016bra: -10 \u00b0C l\u012bdz +50 \u00b0C<br data-start=\"1437\" data-end=\"1440\" \/>\u2022 \u0100ra temperat\u016bra: -40 \u00b0C l\u012bdz +70 \u00b0C<\/p>\n<hr data-start=\"1481\" data-end=\"1484\" \/>\n<h3 data-section-id=\"rmw71n\" data-start=\"1486\" data-end=\"1512\">USB uzl\u0101de un baro\u0161ana<\/h3>\n<p data-start=\"1514\" data-end=\"1610\">Meteorolo\u0123isk\u0101 stacija pied\u0101v\u0101 <strong data-start=\"1545\" data-end=\"1560\">USB-A izeju<\/strong>, kas \u013cauj \u0113rti uzl\u0101d\u0113t mobil\u0101s ier\u012bces, piem\u0113ram:<\/p>\n<p data-start=\"1612\" data-end=\"1658\">\u2022 t\u0101lru\u0146us<br data-start=\"1622\" data-end=\"1625\" \/>\u2022 powerbankas<br data-start=\"1638\" data-end=\"1641\" \/>\u2022 citas ier\u012bces<\/p>\n<p data-start=\"1660\" data-end=\"1669\">Baro\u0161ana:<\/p>\n<p data-start=\"1671\" data-end=\"1748\">\u2022 T\u012bkla adapteris (past\u0101v\u012bga darb\u012bba)<br data-start=\"1708\" data-end=\"1711\" \/>\u2022 3 \u00d7 AAA baterijas (nav iek\u013cautas)<\/p>\n<p data-start=\"1750\" data-end=\"1778\">Sensori: 2 \u00d7 AAA baterijas<\/p>\n<p><\/p>","protected":false},"excerpt":{"rendered":"<p>Meteorolo\u0123isk\u0101 stacija ar praktisk\u0101m funkcij\u0101m \u0160\u012b premium meteorolo\u0123isk\u0101 stacija nodro\u0161ina prec\u012bzu iek\u0161telpu un \u0101ra temperat\u016bras un mitruma m\u0113r\u012b\u0161anu, k\u0101 ar\u012b sniedz detaliz\u0113tu laikapst\u0101k\u013cu prognozi un spiediena tendences. Ier\u012bce att\u0113lo laiku, datumu un minim\u0101l\u0101s un maksim\u0101l\u0101s temperat\u016bras, k\u0101 ar\u012b br\u012bdina par salu, kad temperat\u016bra pietuvojas kritiskajai robe\u017eai. Kr\u0101su displejs un p\u0101rskat\u0101ma inform\u0101cija Lielais kr\u0101su displejs skaidri [&hellip;]<\/p>\n","protected":false},"featured_media":108045,"comment_status":"closed","ping_status":"closed","template":"","meta":{"inline_featured_image":false},"product_cat":[772,541],"product_tag":[],"yst_prominent_words":[],"class_list":{"0":"post-107481","1":"product","2":"type-product","3":"status-publish","4":"has-post-thumbnail","6":"product_cat-atlaides","7":"product_cat-termometri-meteostacijas","9":"first","10":"instock","11":"sale","12":"taxable","13":"shipping-taxable","14":"purchasable","15":"product-type-simple"},"jetpack_sharing_enabled":true,"_links":{"self":[{"href":"https:\/\/ddt.lv\/lv\/wp-json\/wp\/v2\/product\/107481"}],"collection":[{"href":"https:\/\/ddt.lv\/lv\/wp-json\/wp\/v2\/product"}],"about":[{"href":"https:\/\/ddt.lv\/lv\/wp-json\/wp\/v2\/types\/product"}],"replies":[{"embeddable":true,"href":"https:\/\/ddt.lv\/lv\/wp-json\/wp\/v2\/comments?post=107481"}],"wp:featuredmedia":[{"embeddable":true,"href":"https:\/\/ddt.lv\/lv\/wp-json\/wp\/v2\/media\/108045"}],"wp:attachment":[{"href":"https:\/\/ddt.lv\/lv\/wp-json\/wp\/v2\/media?parent=107481"}],"wp:term":[{"taxonomy":"product_cat","embeddable":true,"href":"https:\/\/ddt.lv\/lv\/wp-json\/wp\/v2\/product_cat?post=107481"},{"taxonomy":"product_tag","embeddable":true,"href":"https:\/\/ddt.lv\/lv\/wp-json\/wp\/v2\/product_tag?post=107481"},{"taxonomy":"yst_prominent_words","embeddable":true,"href":"https:\/\/ddt.lv\/lv\/wp-json\/wp\/v2\/yst_prominent_words?post=107481"}],"curies":[{"name":"wp","href":"https:\/\/api.w.org\/{rel}","templated":true}]}}