{"id":107480,"date":"2026-03-25T00:15:36","date_gmt":"2026-03-24T22:15:36","guid":{"rendered":"https:\/\/ddt.lv\/lv\/product\/majas-bezvadu-meteorologiska-stacija-e8625-emos\/"},"modified":"2026-04-13T11:50:35","modified_gmt":"2026-04-13T08:50:35","slug":"majas-bezvadu-meteorologiska-stacija-e8625-emos","status":"publish","type":"product","link":"https:\/\/ddt.lv\/lv\/product\/majas-bezvadu-meteorologiska-stacija-e8625-emos\/","title":{"rendered":"M\u0101jas bezvadu meteorolo\u0123isk\u0101 stacija E8625 EMOS"},"content":{"rendered":"<p><\/p>\n<h3 data-section-id=\"1njsj7d\" data-start=\"285\" data-end=\"326\">Meteostacija ar diviem LCD displejiem<\/h3>\n<p data-start=\"328\" data-end=\"579\">\u0160\u012b modern\u0101 meteorolo\u0123isk\u0101 stacija ar <strong data-start=\"365\" data-end=\"398\">diviem lieliem LCD displejiem<\/strong> padara laikapst\u0101k\u013cu uzraudz\u012bbu skaidru, \u0113rtu un vizu\u0101li pievilc\u012bgu. Ier\u012bce m\u0113ra iek\u0161telpu un \u0101ra temperat\u016bru un mitrumu, nodro\u0161inot piln\u012bgu p\u0101rskatu par mikroklimatu j\u016bsu apk\u0101rtn\u0113.<\/p>\n<p data-start=\"581\" data-end=\"681\">Laika prognoze, 12 m\u0113ness f\u0101zes un detaliz\u0113ti r\u0101d\u012bt\u0101ji pal\u012bdz pl\u0101not ikdienu ar liel\u0101ku precizit\u0101ti.<\/p>\n<hr data-start=\"683\" data-end=\"686\" \/>\n<h3 data-section-id=\"i8tvic\" data-start=\"688\" data-end=\"730\">Divi kr\u0101saini displeji ar Comfort View<\/h3>\n<p data-start=\"732\" data-end=\"890\">Meteorolo\u0123isk\u0101 stacija apr\u012bkota ar <strong data-start=\"767\" data-end=\"833\">diviem apgaismotiem LCD displejiem ar Comfort View tehnolo\u0123iju<\/strong>, kas nodro\u0161ina lielisku salas\u0101m\u012bbu gan dien\u0101, gan nakt\u012b.<\/p>\n<p data-start=\"892\" data-end=\"1020\">\u2022 Kreisais displejs: laiks, datums, ned\u0113\u013cas diena<br data-start=\"941\" data-end=\"944\" \/>\u2022 Labais displejs: temperat\u016bra, mitrums, prognoze, barometrs, m\u0113ness f\u0101zes<\/p>\n<p data-start=\"1022\" data-end=\"1167\">Darbojoties ar adapteri \u2013 displeji ir past\u0101v\u012bgi izgaismoti<br data-start=\"1080\" data-end=\"1083\" \/>Darbojoties ar baterij\u0101m \u2013 ener\u0123ijas taup\u012b\u0161anas re\u017e\u012bms (apgaismojums ar piesk\u0101rienu)<\/p>\n<hr data-start=\"1169\" data-end=\"1172\" \/>\n<h3 data-section-id=\"1p40wrm\" data-start=\"1174\" data-end=\"1205\">Prec\u012bzi m\u0113r\u012bjumi un sensori<\/h3>\n<p data-start=\"1207\" data-end=\"1400\">\u2022 Iek\u0161telpu temperat\u016bra: 0 \u00b0C l\u012bdz +50 \u00b0C<br data-start=\"1248\" data-end=\"1251\" \/>\u2022 \u0100ra temperat\u016bra: -40 \u00b0C l\u012bdz +70 \u00b0C<br data-start=\"1288\" data-end=\"1291\" \/>\u2022 Iz\u0161\u0137irtsp\u0113ja: 0,1 \u00b0C<br data-start=\"1313\" data-end=\"1316\" \/>\u2022 Atbalsts l\u012bdz 3 sensoriem (1 iek\u013cauts komplekt\u0101)<br data-start=\"1366\" data-end=\"1369\" \/>\u2022 Darb\u012bbas att\u0101lums l\u012bdz 80 m<\/p>\n<p data-start=\"1402\" data-end=\"1446\">Papildu sensori (E05018) pieejami atsevi\u0161\u0137i.<\/p>\n<hr data-start=\"1448\" data-end=\"1451\" \/>\n<h3 data-section-id=\"i2xops\" data-start=\"1453\" data-end=\"1482\">Pla\u0161as funkcijas ikdienai<\/h3>\n<p data-start=\"1484\" data-end=\"1740\">\u2022 DCF radio kontrol\u0113ts pulkstenis<br data-start=\"1517\" data-end=\"1520\" \/>\u2022 Modin\u0101t\u0101js ar Snooze funkciju<br data-start=\"1551\" data-end=\"1554\" \/>\u2022 Laikapst\u0101k\u013cu prognoze<br data-start=\"1577\" data-end=\"1580\" \/>\u2022 Barometrs<br data-start=\"1591\" data-end=\"1594\" \/>\u2022 Komforta indikators<br data-start=\"1615\" data-end=\"1618\" \/>\u2022 Temperat\u016bras tendences<br data-start=\"1642\" data-end=\"1645\" \/>\u2022 Min.\/maks. v\u0113rt\u012bbu atmi\u0146a<br data-start=\"1672\" data-end=\"1675\" \/>\u2022 Regul\u0113jami temperat\u016bras limiti<br data-start=\"1707\" data-end=\"1710\" \/>\u2022 Kalend\u0101rs, datums un laiks<\/p>\n<hr data-start=\"1742\" data-end=\"1745\" \/>\n<h3 data-section-id=\"175753\" data-start=\"1747\" data-end=\"1783\">Elast\u012bga uzst\u0101d\u012b\u0161ana un baro\u0161ana<\/h3>\n<p data-start=\"1785\" data-end=\"1966\">\u2022 Novieto\u0161ana uz galda vai stiprin\u0101\u0161ana pie sienas<br data-start=\"1835\" data-end=\"1838\" \/>\u2022 Baro\u0161ana: t\u012bkla adapteris vai 3 \u00d7 AAA baterijas (nav iek\u013cautas)<br data-start=\"1903\" data-end=\"1906\" \/>\u2022 Zema baterijas l\u012bme\u0146a indikators (stacijai un sensoriem)<\/p>\n<p><\/p>","protected":false},"excerpt":{"rendered":"<p>Meteostacija ar diviem LCD displejiem \u0160\u012b modern\u0101 meteorolo\u0123isk\u0101 stacija ar diviem lieliem LCD displejiem padara laikapst\u0101k\u013cu uzraudz\u012bbu skaidru, \u0113rtu un vizu\u0101li pievilc\u012bgu. Ier\u012bce m\u0113ra iek\u0161telpu un \u0101ra temperat\u016bru un mitrumu, nodro\u0161inot piln\u012bgu p\u0101rskatu par mikroklimatu j\u016bsu apk\u0101rtn\u0113. Laika prognoze, 12 m\u0113ness f\u0101zes un detaliz\u0113ti r\u0101d\u012bt\u0101ji pal\u012bdz pl\u0101not ikdienu ar liel\u0101ku precizit\u0101ti. Divi kr\u0101saini displeji ar [&hellip;]<\/p>\n","protected":false},"featured_media":108035,"comment_status":"closed","ping_status":"closed","template":"","meta":{"inline_featured_image":false},"product_cat":[772,541],"product_tag":[],"yst_prominent_words":[],"class_list":{"0":"post-107480","1":"product","2":"type-product","3":"status-publish","4":"has-post-thumbnail","6":"product_cat-atlaides","7":"product_cat-termometri-meteostacijas","9":"first","10":"instock","11":"sale","12":"taxable","13":"shipping-taxable","14":"purchasable","15":"product-type-simple"},"jetpack_sharing_enabled":true,"_links":{"self":[{"href":"https:\/\/ddt.lv\/lv\/wp-json\/wp\/v2\/product\/107480"}],"collection":[{"href":"https:\/\/ddt.lv\/lv\/wp-json\/wp\/v2\/product"}],"about":[{"href":"https:\/\/ddt.lv\/lv\/wp-json\/wp\/v2\/types\/product"}],"replies":[{"embeddable":true,"href":"https:\/\/ddt.lv\/lv\/wp-json\/wp\/v2\/comments?post=107480"}],"wp:featuredmedia":[{"embeddable":true,"href":"https:\/\/ddt.lv\/lv\/wp-json\/wp\/v2\/media\/108035"}],"wp:attachment":[{"href":"https:\/\/ddt.lv\/lv\/wp-json\/wp\/v2\/media?parent=107480"}],"wp:term":[{"taxonomy":"product_cat","embeddable":true,"href":"https:\/\/ddt.lv\/lv\/wp-json\/wp\/v2\/product_cat?post=107480"},{"taxonomy":"product_tag","embeddable":true,"href":"https:\/\/ddt.lv\/lv\/wp-json\/wp\/v2\/product_tag?post=107480"},{"taxonomy":"yst_prominent_words","embeddable":true,"href":"https:\/\/ddt.lv\/lv\/wp-json\/wp\/v2\/yst_prominent_words?post=107480"}],"curies":[{"name":"wp","href":"https:\/\/api.w.org\/{rel}","templated":true}]}}