{"id":107479,"date":"2026-03-25T00:15:35","date_gmt":"2026-03-24T22:15:35","guid":{"rendered":"https:\/\/ddt.lv\/lv\/product\/majas-bezvadu-meteorologiska-stacija-e8647w-emos\/"},"modified":"2026-04-14T14:45:16","modified_gmt":"2026-04-14T11:45:16","slug":"majas-bezvadu-meteorologiska-stacija-e8647w-emos","status":"publish","type":"product","link":"https:\/\/ddt.lv\/lv\/product\/majas-bezvadu-meteorologiska-stacija-e8647w-emos\/","title":{"rendered":"M\u0101jas bezvadu meteorolo\u0123isk\u0101 stacija E8647W EMOS"},"content":{"rendered":"<p><\/p>\n<h3 data-section-id=\"n59yaa\" data-start=\"292\" data-end=\"342\">Meteorolo\u0123isk\u0101 stacija ar praktisk\u0101m funkcij\u0101m<\/h3>\n<p data-start=\"344\" data-end=\"567\">Izbaudiet prec\u012bzu un \u0113rtu laikapst\u0101k\u013cu uzraudz\u012bbu ar moderno bezvadu meteorolo\u0123isko staciju. T\u0101 nodro\u0161ina uzticamus iek\u0161telpu un \u0101ra temperat\u016bras un mitruma m\u0113r\u012bjumus, kas tiek att\u0113loti skaidr\u0101 un p\u0101rskat\u0101m\u0101 kr\u0101su displej\u0101.<\/p>\n<p data-start=\"569\" data-end=\"706\">Pateicoties bezvadu sensoram ar darb\u012bbas r\u0101diusu l\u012bdz <strong data-start=\"623\" data-end=\"631\">50 m<\/strong>, j\u016bs vienm\u0113r ieg\u016bsiet aktu\u0101lu inform\u0101ciju par apk\u0101rt\u0113j\u0101s vides apst\u0101k\u013ciem.<\/p>\n<hr data-start=\"708\" data-end=\"711\" \/>\n<h3 data-section-id=\"1t1axwd\" data-start=\"713\" data-end=\"749\">Kr\u0101su displejs un \u0113rta lieto\u0161ana<\/h3>\n<p data-start=\"751\" data-end=\"781\">Lielais kr\u0101su displejs att\u0113lo:<\/p>\n<p data-start=\"783\" data-end=\"951\">\u2022 Iek\u0161telpu un \u0101ra temperat\u016bru un mitrumu<br data-start=\"824\" data-end=\"827\" \/>\u2022 Laikapst\u0101k\u013cu prognozi<br data-start=\"850\" data-end=\"853\" \/>\u2022 Laiku (12\/24 h form\u0101ts)<br data-start=\"878\" data-end=\"881\" \/>\u2022 Min.\/maks. temperat\u016bras v\u0113rt\u012bbas<br data-start=\"915\" data-end=\"918\" \/>\u2022 Modin\u0101t\u0101ju ar Snooze funkciju<\/p>\n<p data-start=\"953\" data-end=\"1028\">Displejs ir past\u0101v\u012bgi izgaismots, ja ier\u012bce tiek darbin\u0101ta ar USB-C kabeli.<\/p>\n<hr data-start=\"1030\" data-end=\"1033\" \/>\n<h3 data-section-id=\"z75hk6\" data-start=\"1035\" data-end=\"1055\">Prec\u012bzi m\u0113r\u012bjumi<\/h3>\n<p data-start=\"1057\" data-end=\"1167\">\u2022 Iek\u0161telpu temperat\u016bra: -10 \u00b0C l\u012bdz +50 \u00b0C<br data-start=\"1100\" data-end=\"1103\" \/>\u2022 \u0100ra temperat\u016bra: -50 \u00b0C l\u012bdz +70 \u00b0C<br data-start=\"1140\" data-end=\"1143\" \/>\u2022 Iz\u0161\u0137irtsp\u0113ja: 0,1 \u00b0C<\/p>\n<hr data-start=\"1169\" data-end=\"1172\" \/>\n<h3 data-section-id=\"17knvwx\" data-start=\"1174\" data-end=\"1197\">Baro\u0161ana un darb\u012bba<\/h3>\n<p data-start=\"1199\" data-end=\"1425\">\u2022 Baro\u0161ana ar USB-C kabeli (iek\u013cauts komplekt\u0101)<br data-start=\"1246\" data-end=\"1249\" \/>\u2022 Alternat\u012bva: 2 \u00d7 AAA baterijas (nav iek\u013cautas)<br data-start=\"1297\" data-end=\"1300\" \/>\u2022 Bateriju re\u017e\u012bm\u0101 displeja apgaismojums aktiviz\u0113jas uz ~10 sekund\u0113m<br data-start=\"1367\" data-end=\"1370\" \/>\u2022 Ener\u0123ijas taup\u012b\u0161anas re\u017e\u012bms autom\u0101tiski aktiviz\u0113jas<\/p>\n<p data-start=\"1427\" data-end=\"1512\">\ud83d\udca1 Ieteicams izmantot adapteri nep\u0101rtrauktai darb\u012bbai un baterijas k\u0101 rezerves avotu.<\/p>\n<hr data-start=\"1514\" data-end=\"1517\" \/>\n<h3 data-section-id=\"1s2chx4\" data-start=\"1519\" data-end=\"1538\">Bezvadu sensors<\/h3>\n<p data-start=\"1540\" data-end=\"1652\">\u2022 Darb\u012bbas frekvence: 433 MHz<br data-start=\"1569\" data-end=\"1572\" \/>\u2022 Darb\u012bbas att\u0101lums: l\u012bdz 50 m<br data-start=\"1602\" data-end=\"1605\" \/>\u2022 Baro\u0161ana: 2 \u00d7 AAA baterijas (nav iek\u013cautas)<\/p>\n<hr data-start=\"1654\" data-end=\"1657\" \/>\n<h3 data-section-id=\"139zm5f\" data-start=\"1659\" data-end=\"1680\">Galven\u0101s \u012bpa\u0161\u012bbas<\/h3>\n<p data-start=\"1682\" data-end=\"1979\">\u2022 Iek\u0161telpu un \u0101ra temperat\u016bra un mitrums<br data-start=\"1723\" data-end=\"1726\" \/>\u2022 Bezvadu sensors l\u012bdz 50 m<br data-start=\"1753\" data-end=\"1756\" \/>\u2022 Kr\u0101su displejs ar apgaismojumu<br data-start=\"1788\" data-end=\"1791\" \/>\u2022 Laikapst\u0101k\u013cu prognoze<br data-start=\"1814\" data-end=\"1817\" \/>\u2022 Min.\/maks. temperat\u016bras atmi\u0146a<br data-start=\"1849\" data-end=\"1852\" \/>\u2022 12\/24 h pulkstenis un modin\u0101t\u0101js<br data-start=\"1886\" data-end=\"1889\" \/>\u2022 USB-C baro\u0161ana<br data-start=\"1905\" data-end=\"1908\" \/>\u2022 Ener\u0123ijas taup\u012b\u0161anas re\u017e\u012bms<br data-start=\"1937\" data-end=\"1940\" \/>\u2022 Uzst\u0101d\u012b\u0161ana uz galda vai pie sienas<\/p>\n<p><\/p>","protected":false},"excerpt":{"rendered":"<p>Meteorolo\u0123isk\u0101 stacija ar praktisk\u0101m funkcij\u0101m Izbaudiet prec\u012bzu un \u0113rtu laikapst\u0101k\u013cu uzraudz\u012bbu ar moderno bezvadu meteorolo\u0123isko staciju. T\u0101 nodro\u0161ina uzticamus iek\u0161telpu un \u0101ra temperat\u016bras un mitruma m\u0113r\u012bjumus, kas tiek att\u0113loti skaidr\u0101 un p\u0101rskat\u0101m\u0101 kr\u0101su displej\u0101. Pateicoties bezvadu sensoram ar darb\u012bbas r\u0101diusu l\u012bdz 50 m, j\u016bs vienm\u0113r ieg\u016bsiet aktu\u0101lu inform\u0101ciju par apk\u0101rt\u0113j\u0101s vides apst\u0101k\u013ciem. Kr\u0101su displejs un [&hellip;]<\/p>\n","protected":false},"featured_media":108070,"comment_status":"closed","ping_status":"closed","template":"","meta":{"inline_featured_image":false},"product_cat":[541],"product_tag":[],"yst_prominent_words":[],"class_list":{"0":"post-107479","1":"product","2":"type-product","3":"status-publish","4":"has-post-thumbnail","6":"product_cat-termometri-meteostacijas","8":"first","9":"instock","10":"taxable","11":"shipping-taxable","12":"purchasable","13":"product-type-simple"},"jetpack_sharing_enabled":true,"_links":{"self":[{"href":"https:\/\/ddt.lv\/lv\/wp-json\/wp\/v2\/product\/107479"}],"collection":[{"href":"https:\/\/ddt.lv\/lv\/wp-json\/wp\/v2\/product"}],"about":[{"href":"https:\/\/ddt.lv\/lv\/wp-json\/wp\/v2\/types\/product"}],"replies":[{"embeddable":true,"href":"https:\/\/ddt.lv\/lv\/wp-json\/wp\/v2\/comments?post=107479"}],"wp:featuredmedia":[{"embeddable":true,"href":"https:\/\/ddt.lv\/lv\/wp-json\/wp\/v2\/media\/108070"}],"wp:attachment":[{"href":"https:\/\/ddt.lv\/lv\/wp-json\/wp\/v2\/media?parent=107479"}],"wp:term":[{"taxonomy":"product_cat","embeddable":true,"href":"https:\/\/ddt.lv\/lv\/wp-json\/wp\/v2\/product_cat?post=107479"},{"taxonomy":"product_tag","embeddable":true,"href":"https:\/\/ddt.lv\/lv\/wp-json\/wp\/v2\/product_tag?post=107479"},{"taxonomy":"yst_prominent_words","embeddable":true,"href":"https:\/\/ddt.lv\/lv\/wp-json\/wp\/v2\/yst_prominent_words?post=107479"}],"curies":[{"name":"wp","href":"https:\/\/api.w.org\/{rel}","templated":true}]}}