{"id":107478,"date":"2026-03-25T00:15:35","date_gmt":"2026-03-24T22:15:35","guid":{"rendered":"https:\/\/ddt.lv\/lv\/product\/infrasarkanais-digitalais-termometrs-bezkontakta-emos\/"},"modified":"2026-04-13T11:50:35","modified_gmt":"2026-04-13T08:50:35","slug":"infrasarkanais-digitalais-termometrs-bezkontakta-emos","status":"publish","type":"product","link":"https:\/\/ddt.lv\/lv\/product\/infrasarkanais-digitalais-termometrs-bezkontakta-emos\/","title":{"rendered":"Infrasarkanais digit\u0101lais termometrs, bezkontakta EMOS"},"content":{"rendered":"<p><\/p>\n<h3 data-section-id=\"1ijhr7r\" data-start=\"310\" data-end=\"374\">Bezkontakta temperat\u016bras m\u0113r\u012b\u0161ana ar infrasarkano termometru<\/h3>\n<p data-start=\"376\" data-end=\"587\">Infrasarkanais digit\u0101lais termometrs \u013cauj \u0101tri un prec\u012bzi izm\u0113r\u012bt virsmas temperat\u016bru bez tie\u0161a kontakta. Ier\u012bce nosaka temperat\u016bru, balstoties uz objekta izstaroto infrasarkano ener\u0123iju un emisijas koeficientu.<\/p>\n<p data-start=\"589\" data-end=\"666\">Tas ir ide\u0101li piem\u0113rots karstu, gr\u016bti pieejamu vai kust\u012bgu objektu m\u0113r\u012b\u0161anai.<\/p>\n<hr data-start=\"668\" data-end=\"671\" \/>\n<h3 data-section-id=\"1x94mmn\" data-start=\"673\" data-end=\"695\">Pla\u0161s pielietojums<\/h3>\n<p data-start=\"697\" data-end=\"834\">\u2022 apkures sist\u0113mas un radiatori<br data-start=\"728\" data-end=\"731\" \/>\u2022 auto diagnostika<br data-start=\"749\" data-end=\"752\" \/>\u2022 elektrisk\u0101s iek\u0101rtas<br data-start=\"774\" data-end=\"777\" \/>\u2022 virtuve un p\u0101rtikas apstr\u0101de<br data-start=\"807\" data-end=\"810\" \/>\u2022 industri\u0101lie procesi<\/p>\n<hr data-start=\"836\" data-end=\"839\" \/>\n<h3 data-section-id=\"139zm5f\" data-start=\"841\" data-end=\"862\">Galven\u0101s \u012bpa\u0161\u012bbas<\/h3>\n<p data-start=\"864\" data-end=\"1139\">\u2022 Bezkontakta temperat\u016bras m\u0113r\u012b\u0161ana<br data-start=\"899\" data-end=\"902\" \/>\u2022 Pla\u0161s m\u0113r\u012bjumu diapazons -50 \u00b0C l\u012bdz +550 \u00b0C<br data-start=\"948\" data-end=\"951\" \/>\u2022 Augsta precizit\u0101te un \u0101tra reakcija<br data-start=\"988\" data-end=\"991\" \/>\u2022 L\u0101zera r\u0101d\u012bt\u0101js prec\u012bzai m\u0113r\u0137\u0113\u0161anai<br data-start=\"1028\" data-end=\"1031\" \/>\u2022 Vienk\u0101r\u0161a lieto\u0161ana<br data-start=\"1052\" data-end=\"1055\" \/>\u2022 Autom\u0101tiska izsl\u0113g\u0161an\u0101s ener\u0123ijas taup\u012b\u0161anai<br data-start=\"1101\" data-end=\"1104\" \/>\u2022 Kompakts un ergonomisks dizains<\/p>\n<p><\/p>","protected":false},"excerpt":{"rendered":"<p>Bezkontakta temperat\u016bras m\u0113r\u012b\u0161ana ar infrasarkano termometru Infrasarkanais digit\u0101lais termometrs \u013cauj \u0101tri un prec\u012bzi izm\u0113r\u012bt virsmas temperat\u016bru bez tie\u0161a kontakta. Ier\u012bce nosaka temperat\u016bru, balstoties uz objekta izstaroto infrasarkano ener\u0123iju un emisijas koeficientu. Tas ir ide\u0101li piem\u0113rots karstu, gr\u016bti pieejamu vai kust\u012bgu objektu m\u0113r\u012b\u0161anai. Pla\u0161s pielietojums \u2022 apkures sist\u0113mas un radiatori\u2022 auto diagnostika\u2022 elektrisk\u0101s iek\u0101rtas\u2022 virtuve un [&hellip;]<\/p>\n","protected":false},"featured_media":108064,"comment_status":"closed","ping_status":"closed","template":"","meta":{"inline_featured_image":false},"product_cat":[772,541],"product_tag":[],"yst_prominent_words":[],"class_list":{"0":"post-107478","1":"product","2":"type-product","3":"status-publish","4":"has-post-thumbnail","6":"product_cat-atlaides","7":"product_cat-termometri-meteostacijas","9":"first","10":"instock","11":"sale","12":"taxable","13":"shipping-taxable","14":"purchasable","15":"product-type-simple"},"jetpack_sharing_enabled":true,"_links":{"self":[{"href":"https:\/\/ddt.lv\/lv\/wp-json\/wp\/v2\/product\/107478"}],"collection":[{"href":"https:\/\/ddt.lv\/lv\/wp-json\/wp\/v2\/product"}],"about":[{"href":"https:\/\/ddt.lv\/lv\/wp-json\/wp\/v2\/types\/product"}],"replies":[{"embeddable":true,"href":"https:\/\/ddt.lv\/lv\/wp-json\/wp\/v2\/comments?post=107478"}],"wp:featuredmedia":[{"embeddable":true,"href":"https:\/\/ddt.lv\/lv\/wp-json\/wp\/v2\/media\/108064"}],"wp:attachment":[{"href":"https:\/\/ddt.lv\/lv\/wp-json\/wp\/v2\/media?parent=107478"}],"wp:term":[{"taxonomy":"product_cat","embeddable":true,"href":"https:\/\/ddt.lv\/lv\/wp-json\/wp\/v2\/product_cat?post=107478"},{"taxonomy":"product_tag","embeddable":true,"href":"https:\/\/ddt.lv\/lv\/wp-json\/wp\/v2\/product_tag?post=107478"},{"taxonomy":"yst_prominent_words","embeddable":true,"href":"https:\/\/ddt.lv\/lv\/wp-json\/wp\/v2\/yst_prominent_words?post=107478"}],"curies":[{"name":"wp","href":"https:\/\/api.w.org\/{rel}","templated":true}]}}