{"id":107477,"date":"2026-03-25T00:15:34","date_gmt":"2026-03-24T22:15:34","guid":{"rendered":"https:\/\/ddt.lv\/lv\/product\/pvc-izolacijas-lente-19-mm-20-m-bruna-10-gab-emos\/"},"modified":"2026-04-13T10:06:42","modified_gmt":"2026-04-13T07:06:42","slug":"pvc-izolacijas-lente-19-mm-20-m-bruna-10-gab-emos","status":"publish","type":"product","link":"https:\/\/ddt.lv\/lv\/product\/pvc-izolacijas-lente-19-mm-20-m-bruna-10-gab-emos\/","title":{"rendered":"PVC izol\u0101cijas lente, 19 mm, 20 m, br\u016bna, 10 gab. EMOS"},"content":{"rendered":"<p><\/p>\n<h3 data-section-id=\"yatk5n\" data-start=\"274\" data-end=\"337\">Profesion\u0101la elektroizol\u0101cijas lente dro\u0161ai vadu izol\u0101cijai<\/h3>\n<p data-start=\"339\" data-end=\"588\">Augstas kvalit\u0101tes elektroizol\u0101cijas lente ir ide\u0101li piem\u0113rota elektrisko vadu izol\u0113\u0161anai un mar\u0137\u0113\u0161anai. T\u0101 nodro\u0161ina dro\u0161u aizsardz\u012bbu pret \u012bssavienojumiem, mitrumu un \u0101r\u0113jiem faktoriem, padarot to piem\u0113rotu gan m\u0101jas, gan profesion\u0101lai lieto\u0161anai.<\/p>\n<p data-start=\"590\" data-end=\"745\">Lente ir izgatavota no elast\u012bga plastific\u0113ta PVC materi\u0101la ar sp\u0113c\u012bgu gumijas l\u012bmi, kas garant\u0113 labu sa\u0137eri pat sare\u017e\u0123\u012btos apst\u0101k\u013cos un zem\u0101s temperat\u016br\u0101s.<\/p>\n<hr data-start=\"747\" data-end=\"750\" \/>\n<h3 data-section-id=\"ug83id\" data-start=\"752\" data-end=\"775\">Dro\u0161\u012bba un iztur\u012bba<\/h3>\n<p data-start=\"777\" data-end=\"811\">Elektroizol\u0101cijas lente nodro\u0161ina:<\/p>\n<p data-start=\"813\" data-end=\"966\">\u2022 aizsardz\u012bbu pret mitrumu un \u016bdeni<br data-start=\"848\" data-end=\"851\" \/>\u2022 UV iztur\u012bbu lieto\u0161anai \u0101rpus telp\u0101m<br data-start=\"888\" data-end=\"891\" \/>\u2022 dro\u0161u izol\u0101ciju pret elektrisko kontaktu<br data-start=\"933\" data-end=\"936\" \/>\u2022 ilgsto\u0161u un stabilu sa\u0137eri<\/p>\n<p data-start=\"968\" data-end=\"1048\">T\u0101 efekt\u012bvi nov\u0113r\u0161 nev\u0113lamu vadu kontaktu un pasarg\u0101 savienojumus no boj\u0101jumiem.<\/p>\n<hr data-start=\"1050\" data-end=\"1053\" \/>\n<h3 data-section-id=\"1x94mmn\" data-start=\"1055\" data-end=\"1077\">Pla\u0161s pielietojums<\/h3>\n<p data-start=\"1079\" data-end=\"1215\">\u2022 elektrisko vadu izol\u0101cija<br data-start=\"1106\" data-end=\"1109\" \/>\u2022 kabe\u013cu mar\u0137\u0113\u0161ana<br data-start=\"1127\" data-end=\"1130\" \/>\u2022 savienojumu aizsardz\u012bba<br data-start=\"1155\" data-end=\"1158\" \/>\u2022 papildus izol\u0101cijas sl\u0101nis virs vulkaniz\u0101cijas lentes<\/p>\n<hr data-start=\"1217\" data-end=\"1220\" \/>\n<h3 data-section-id=\"1yni486\" data-start=\"1222\" data-end=\"1255\">Kr\u0101su izv\u0113le \u0113rtai mar\u0137\u0113\u0161anai<\/h3>\n<p data-start=\"1257\" data-end=\"1281\">Pieejama da\u017e\u0101d\u0101s kr\u0101s\u0101s:<\/p>\n<p data-start=\"1283\" data-end=\"1371\">\u2022 sarkana<br data-start=\"1292\" data-end=\"1295\" \/>\u2022 zila<br data-start=\"1301\" data-end=\"1304\" \/>\u2022 br\u016bna<br data-start=\"1311\" data-end=\"1314\" \/>\u2022 za\u013ca<br data-start=\"1320\" data-end=\"1323\" \/>\u2022 dzeltena<br data-start=\"1333\" data-end=\"1336\" \/>\u2022 melna<br data-start=\"1343\" data-end=\"1346\" \/>\u2022 balta<br data-start=\"1353\" data-end=\"1356\" \/>\u2022 dzeltenza\u013ca<\/p>\n<p data-start=\"1373\" data-end=\"1432\">Tas \u013cauj viegli identific\u0113t un organiz\u0113t elektriskos vadus.<\/p>\n<hr data-start=\"1434\" data-end=\"1437\" \/>\n<h3 data-section-id=\"139zm5f\" data-start=\"1439\" data-end=\"1460\">Galven\u0101s \u012bpa\u0161\u012bbas<\/h3>\n<p data-start=\"1462\" data-end=\"1725\">\u2022 Garums: 20 m<br data-start=\"1476\" data-end=\"1479\" \/>\u2022 Platums: 19 mm<br data-start=\"1495\" data-end=\"1498\" \/>\u2022 Materi\u0101ls: plastific\u0113ts PVC<br data-start=\"1527\" data-end=\"1530\" \/>\u2022 Sp\u0113c\u012bga gumijas l\u012bme<br data-start=\"1552\" data-end=\"1555\" \/>\u2022 Augsta elast\u012bba<br data-start=\"1572\" data-end=\"1575\" \/>\u2022 Lieliska sa\u0137ere ar\u012b zem\u0101s temperat\u016br\u0101s<br data-start=\"1615\" data-end=\"1618\" \/>\u2022 Mitruma un UV iztur\u012bba<br data-start=\"1642\" data-end=\"1645\" \/>\u2022 Piem\u0113rota lieto\u0161anai iek\u0161telp\u0101s un \u0101r\u0101<br data-start=\"1685\" data-end=\"1688\" \/>\u2022 Profesion\u0101lai un m\u0101jas lieto\u0161anai<\/p>\n<p><\/p>","protected":false},"excerpt":{"rendered":"<p>Profesion\u0101la elektroizol\u0101cijas lente dro\u0161ai vadu izol\u0101cijai Augstas kvalit\u0101tes elektroizol\u0101cijas lente ir ide\u0101li piem\u0113rota elektrisko vadu izol\u0113\u0161anai un mar\u0137\u0113\u0161anai. T\u0101 nodro\u0161ina dro\u0161u aizsardz\u012bbu pret \u012bssavienojumiem, mitrumu un \u0101r\u0113jiem faktoriem, padarot to piem\u0113rotu gan m\u0101jas, gan profesion\u0101lai lieto\u0161anai. Lente ir izgatavota no elast\u012bga plastific\u0113ta PVC materi\u0101la ar sp\u0113c\u012bgu gumijas l\u012bmi, kas garant\u0113 labu sa\u0137eri pat sare\u017e\u0123\u012btos apst\u0101k\u013cos [&hellip;]<\/p>\n","protected":false},"featured_media":108077,"comment_status":"closed","ping_status":"closed","template":"","meta":{"inline_featured_image":false},"product_cat":[1295],"product_tag":[],"yst_prominent_words":[],"class_list":{"0":"post-107477","1":"product","2":"type-product","3":"status-publish","4":"has-post-thumbnail","6":"product_cat-limlentes","8":"first","9":"instock","10":"taxable","11":"shipping-taxable","12":"purchasable","13":"product-type-simple"},"jetpack_sharing_enabled":true,"_links":{"self":[{"href":"https:\/\/ddt.lv\/lv\/wp-json\/wp\/v2\/product\/107477"}],"collection":[{"href":"https:\/\/ddt.lv\/lv\/wp-json\/wp\/v2\/product"}],"about":[{"href":"https:\/\/ddt.lv\/lv\/wp-json\/wp\/v2\/types\/product"}],"replies":[{"embeddable":true,"href":"https:\/\/ddt.lv\/lv\/wp-json\/wp\/v2\/comments?post=107477"}],"wp:featuredmedia":[{"embeddable":true,"href":"https:\/\/ddt.lv\/lv\/wp-json\/wp\/v2\/media\/108077"}],"wp:attachment":[{"href":"https:\/\/ddt.lv\/lv\/wp-json\/wp\/v2\/media?parent=107477"}],"wp:term":[{"taxonomy":"product_cat","embeddable":true,"href":"https:\/\/ddt.lv\/lv\/wp-json\/wp\/v2\/product_cat?post=107477"},{"taxonomy":"product_tag","embeddable":true,"href":"https:\/\/ddt.lv\/lv\/wp-json\/wp\/v2\/product_tag?post=107477"},{"taxonomy":"yst_prominent_words","embeddable":true,"href":"https:\/\/ddt.lv\/lv\/wp-json\/wp\/v2\/yst_prominent_words?post=107477"}],"curies":[{"name":"wp","href":"https:\/\/api.w.org\/{rel}","templated":true}]}}