{"id":106744,"date":"2026-03-18T22:40:33","date_gmt":"2026-03-18T20:40:33","guid":{"rendered":"https:\/\/ddt.lv\/lv\/product\/led-refl-r63-e27-7w-806lm-4000k-spuldze-emos\/"},"modified":"2026-04-06T11:03:13","modified_gmt":"2026-04-06T08:03:13","slug":"led-refl-r63-e27-7w-806lm-4000k-spuldze-emos","status":"publish","type":"product","link":"https:\/\/ddt.lv\/lv\/product\/led-refl-r63-e27-7w-806lm-4000k-spuldze-emos\/","title":{"rendered":"LED Refl R63 E27 7W 806lm 4000K spuldze EMOS"},"content":{"rendered":"<p><\/p>\n<h3 data-section-id=\"139zm5f\" data-start=\"122\" data-end=\"143\">Galven\u0101s \u012bpa\u0161\u012bbas<\/h3>\n<p data-start=\"145\" data-end=\"521\">\u2022 Jauda 7W<br data-start=\"155\" data-end=\"158\" \/>\u2022 Gaismas pl\u016bsma 806 lm<br data-start=\"181\" data-end=\"184\" \/>\u2022 Gaismas kr\u0101sa neitr\u0101li balta<br data-start=\"214\" data-end=\"217\" \/>\u2022 Cokols E27<br data-start=\"229\" data-end=\"232\" \/>\u2022 Forma R63 reflektora tipa<br data-start=\"259\" data-end=\"262\" \/>\u2022 Ekvivalents kv\u0113lspuldzei apm\u0113ram 60W<br data-start=\"300\" data-end=\"303\" \/>\u2022 Staru le\u0146\u0137is apm\u0113ram 120\u00b0<br data-start=\"330\" data-end=\"333\" \/>\u2022 Kr\u0101su atveides indekss CRI \u226580<br data-start=\"365\" data-end=\"368\" \/>\u2022 Piem\u0113rota akcenta un visp\u0101r\u0113jam apgaismojumam<br data-start=\"415\" data-end=\"418\" \/>\u2022 Vienm\u0113r\u012bga un virz\u012bta gaismas izkliede<br data-start=\"458\" data-end=\"461\" data-is-only-node=\"\" \/>\u2022 Energoefekt\u012bva LED tehnolo\u0123ija<br data-start=\"493\" data-end=\"496\" \/>\u2022 Ilgs kalpo\u0161anas laiks<\/p>\n<p><\/p>","protected":false},"excerpt":{"rendered":"<p>Galven\u0101s \u012bpa\u0161\u012bbas \u2022 Jauda 7W\u2022 Gaismas pl\u016bsma 806 lm\u2022 Gaismas kr\u0101sa neitr\u0101li balta\u2022 Cokols E27\u2022 Forma R63 reflektora tipa\u2022 Ekvivalents kv\u0113lspuldzei apm\u0113ram 60W\u2022 Staru le\u0146\u0137is apm\u0113ram 120\u00b0\u2022 Kr\u0101su atveides indekss CRI \u226580\u2022 Piem\u0113rota akcenta un visp\u0101r\u0113jam apgaismojumam\u2022 Vienm\u0113r\u012bga un virz\u012bta gaismas izkliede\u2022 Energoefekt\u012bva LED tehnolo\u0123ija\u2022 Ilgs kalpo\u0161anas laiks<\/p>\n","protected":false},"featured_media":106749,"comment_status":"closed","ping_status":"closed","template":"","meta":{"inline_featured_image":false},"product_cat":[772,850],"product_tag":[],"yst_prominent_words":[],"class_list":{"0":"post-106744","1":"product","2":"type-product","3":"status-publish","4":"has-post-thumbnail","6":"product_cat-atlaides","7":"product_cat-e27-spuldzes","9":"first","10":"instock","11":"sale","12":"taxable","13":"shipping-taxable","14":"purchasable","15":"product-type-simple"},"jetpack_sharing_enabled":true,"_links":{"self":[{"href":"https:\/\/ddt.lv\/lv\/wp-json\/wp\/v2\/product\/106744"}],"collection":[{"href":"https:\/\/ddt.lv\/lv\/wp-json\/wp\/v2\/product"}],"about":[{"href":"https:\/\/ddt.lv\/lv\/wp-json\/wp\/v2\/types\/product"}],"replies":[{"embeddable":true,"href":"https:\/\/ddt.lv\/lv\/wp-json\/wp\/v2\/comments?post=106744"}],"wp:featuredmedia":[{"embeddable":true,"href":"https:\/\/ddt.lv\/lv\/wp-json\/wp\/v2\/media\/106749"}],"wp:attachment":[{"href":"https:\/\/ddt.lv\/lv\/wp-json\/wp\/v2\/media?parent=106744"}],"wp:term":[{"taxonomy":"product_cat","embeddable":true,"href":"https:\/\/ddt.lv\/lv\/wp-json\/wp\/v2\/product_cat?post=106744"},{"taxonomy":"product_tag","embeddable":true,"href":"https:\/\/ddt.lv\/lv\/wp-json\/wp\/v2\/product_tag?post=106744"},{"taxonomy":"yst_prominent_words","embeddable":true,"href":"https:\/\/ddt.lv\/lv\/wp-json\/wp\/v2\/yst_prominent_words?post=106744"}],"curies":[{"name":"wp","href":"https:\/\/api.w.org\/{rel}","templated":true}]}}